{"id":1848,"date":"2025-02-18T10:39:28","date_gmt":"2025-02-18T09:39:28","guid":{"rendered":"https:\/\/wiejskieprzysmaki.estima.site\/produkt\/kasza-gryczana-palona-bio-surowiec-25-kg\/"},"modified":"2025-02-20T15:25:43","modified_gmt":"2025-02-20T14:25:43","slug":"kasza-gryczana-palona-bio-surowiec-25-kg","status":"publish","type":"product","link":"https:\/\/wiejskieprzysmaki.estima.site\/en\/product\/kasza-gryczana-palona-bio-surowiec-25-kg\/","title":{"rendered":"KASZA GRYCZANA PALONA BIO (SUROWIEC) (25 kg)"},"content":{"rendered":"<p>SK\u0141ADNIKI<br \/>ekologiczna kasza gryczana palona 100 %.<\/p>\n<p>OPIS<br \/>Ekologiczna kasza gryczana palona jest najcz\u0119\u015bciej stosowana jako sk\u0142adnik obiad\u00f3w w po\u0142\u0105czeniu z warzywami lub gulaszem oraz jako dodatek do zup, da\u0144 jednogarnkowych i pasztet\u00f3w.<\/p>\n<p>SPOS\u00d3B PRZYGOTOWANIA<br \/>gotowa\u0107 w osolonej wodzie w proporcji 1:2 (1 porcja kaszy na 2 porcje wody) na ma\u0142ym ogniu ok. 20 min. <\/p>\n<p>WARTO\u015a\u0106 OD\u017bYWCZA W 100 g<br \/>Warto\u015b\u0107 energetyczna \t1517 kJ\/358 kcal<br \/>T\u0142uszcz \t2,4 g<br \/>w tym kwasy t\u0142uszczowe nasycone \t0,5 g<br \/>W\u0119glowodany \t69 g<br \/>w tym cukry \t1,1 g<br \/>B\u0142onnik \t5,4 g<br \/>Bia\u0142ko \t12 g<br \/>S\u00f3l \t0 g<\/p>\n<p>ZALECANE WARUNKI PRZECHOWYWANIA<br \/>Przechowywa\u0107 w suchym i ch\u0142odnym miejscu.<\/p>","protected":false},"excerpt":{"rendered":"<p>SK\u0141ADNIKIekologiczna kasza gryczana palona 100 %. OPISEkologiczna kasza gryczana palona jest najcz\u0119\u015bciej stosowana jako sk\u0142adnik obiad\u00f3w w po\u0142\u0105czeniu z warzywami lub gulaszem oraz jako dodatek do zup, da\u0144 jednogarnkowych i pasztet\u00f3w. SPOS\u00d3B PRZYGOTOWANIAgotowa\u0107 w osolonej wodzie w proporcji 1:2 (1 porcja kaszy na 2 porcje wody) na ma\u0142ym ogniu ok. 20 min. WARTO\u015a\u0106 OD\u017bYWCZA W [&hellip;]<\/p>","protected":false},"featured_media":1849,"comment_status":"closed","ping_status":"open","template":"","meta":{"_acf_changed":false},"product_brand":[],"product_cat":[313],"product_tag":[],"class_list":{"0":"post-1848","1":"product","2":"type-product","3":"status-publish","4":"has-post-thumbnail","6":"product_cat-ryze-i-kasze","7":"pa_ean-matka-1846","8":"pa_gwarancja-przydatnosci-311","9":"pa_ilosc-w-opakowaniu-310","10":"pa_jednostka-podstawowa-kg","11":"pa_kod-cn-1103-19-90","12":"pa_kraj-pochodzenia-skladnikow-polska","13":"pa_masa-netto-209","14":"pa_producent-horeca-bio-surowce","15":"pa_producent-nazwa-adres-bio-planet-s-a-wilkowa-wies-7-05-084-leszno","16":"pa_tagi-bez-cukru-w-skladnikach","17":"pa_tagi-bez-glutenu-w-skladnikach","18":"pa_tagi-certyfikat-bio","19":"pa_tagi-weganski","20":"pa_tagi-wegetarianski","22":"first","23":"instock","24":"taxable","25":"shipping-taxable","26":"purchasable","27":"product-type-simple"},"acf":[],"_links":{"self":[{"href":"https:\/\/wiejskieprzysmaki.estima.site\/en\/wp-json\/wp\/v2\/product\/1848","targetHints":{"allow":["GET"]}}],"collection":[{"href":"https:\/\/wiejskieprzysmaki.estima.site\/en\/wp-json\/wp\/v2\/product"}],"about":[{"href":"https:\/\/wiejskieprzysmaki.estima.site\/en\/wp-json\/wp\/v2\/types\/product"}],"replies":[{"embeddable":true,"href":"https:\/\/wiejskieprzysmaki.estima.site\/en\/wp-json\/wp\/v2\/comments?post=1848"}],"wp:featuredmedia":[{"embeddable":true,"href":"https:\/\/wiejskieprzysmaki.estima.site\/en\/wp-json\/wp\/v2\/media\/1849"}],"wp:attachment":[{"href":"https:\/\/wiejskieprzysmaki.estima.site\/en\/wp-json\/wp\/v2\/media?parent=1848"}],"wp:term":[{"taxonomy":"product_brand","embeddable":true,"href":"https:\/\/wiejskieprzysmaki.estima.site\/en\/wp-json\/wp\/v2\/product_brand?post=1848"},{"taxonomy":"product_cat","embeddable":true,"href":"https:\/\/wiejskieprzysmaki.estima.site\/en\/wp-json\/wp\/v2\/product_cat?post=1848"},{"taxonomy":"product_tag","embeddable":true,"href":"https:\/\/wiejskieprzysmaki.estima.site\/en\/wp-json\/wp\/v2\/product_tag?post=1848"}],"curies":[{"name":"wp","href":"https:\/\/api.w.org\/{rel}","templated":true}]}}