{"id":1854,"date":"2025-02-18T10:39:28","date_gmt":"2025-02-18T09:39:28","guid":{"rendered":"https:\/\/wiejskieprzysmaki.estima.site\/produkt\/koncentrat-pomidorowy-22-bezglutenowy-bio-130-g-zwergenwiese\/"},"modified":"2025-02-18T10:39:33","modified_gmt":"2025-02-18T09:39:33","slug":"koncentrat-pomidorowy-22-bezglutenowy-bio-130-g-zwergenwiese","status":"publish","type":"product","link":"https:\/\/wiejskieprzysmaki.estima.site\/en\/product\/koncentrat-pomidorowy-22-bezglutenowy-bio-130-g-zwergenwiese\/","title":{"rendered":"KONCENTRAT POMIDOROWY 22 % BEZGLUTENOWY BIO 130 g &#8211; ZWERGENWIESE"},"content":{"rendered":"<p>SK\u0141ADNIKI<br \/>przecier pomidorowy* (zawarto\u015b\u0107 ekstraktu 22 %) (*certyfikowany sk\u0142adnik ekologiczny)<\/p>\n<p>OPIS<br \/>Koncentrat z ekologicznych pomidor\u00f3w stanowi doskona\u0142\u0105 podstaw\u0119 wszelkich sos\u00f3w, zup czy pizzy. <br \/>Produkt wega\u0144ski.<\/p>\n<p>WARTO\u015a\u0106 OD\u017bYWCZA W 100 g<br \/>Warto\u015b\u0107 energetyczna: 292 kJ\/69 kcal<br \/>T\u0142uszcz: 0,3 g<br \/>w tym kwasy t\u0142uszczowe nasycone: 0,1 g<br \/>W\u0119glowodany: 11 g<br \/>w tym cukry: 11 g<br \/>B\u0142onnik: 3,5 g<br \/>Bia\u0142ko: 3,9 g<br \/>S\u00f3l: 0,1 g<\/p>\n<p>ZALECANE WARUNKI PRZECHOWYWANIA<br \/>Po otwarciu przechowywa\u0107 w temperaturze 6 &#8211; 8\u00b0 C i spo\u017cy\u0107 w ci\u0105gu kilku dni.<\/p>","protected":false},"excerpt":{"rendered":"<p>SK\u0141ADNIKIprzecier pomidorowy* (zawarto\u015b\u0107 ekstraktu 22 %) (*certyfikowany sk\u0142adnik ekologiczny) OPISKoncentrat z ekologicznych pomidor\u00f3w stanowi doskona\u0142\u0105 podstaw\u0119 wszelkich sos\u00f3w, zup czy pizzy. Produkt wega\u0144ski. WARTO\u015a\u0106 OD\u017bYWCZA W 100 gWarto\u015b\u0107 energetyczna: 292 kJ\/69 kcalT\u0142uszcz: 0,3 gw tym kwasy t\u0142uszczowe nasycone: 0,1 gW\u0119glowodany: 11 gw tym cukry: 11 gB\u0142onnik: 3,5 gBia\u0142ko: 3,9 gS\u00f3l: 0,1 g ZALECANE WARUNKI PRZECHOWYWANIAPo [&hellip;]<\/p>","protected":false},"featured_media":1855,"comment_status":"closed","ping_status":"open","template":"","meta":{"_acf_changed":false},"product_brand":[],"product_cat":[95,94],"product_tag":[],"class_list":{"0":"post-1854","1":"product","2":"type-product","3":"status-publish","4":"has-post-thumbnail","6":"product_cat-ketchupy-koncentraty-sosy-pomidorowe","7":"product_cat-sosy","8":"pa_ean-matka-1851","9":"pa_gwarancja-przydatnosci-320","10":"pa_ilosc-w-opakowaniu-298","11":"pa_jednostka-podstawowa-szt","12":"pa_kod-cn-2002-90-20","13":"pa_masa-netto-1849","14":"pa_objetosc-brutto-549","15":"pa_producent-zwergenwiese-pasty-musy-sosy","16":"pa_producent-nazwa-adres-zwergenwiese-naturkost-gmbh-langacker-1-d-24887-silberstedt","17":"pa_tagi-bez-cukru-w-skladnikach","18":"pa_tagi-bez-glutenu-deklaracja","19":"pa_tagi-bez-glutenu-w-skladnikach","20":"pa_tagi-certyfikat-bio","21":"pa_tagi-weganski","22":"pa_tagi-wegetarianski","24":"first","25":"instock","26":"taxable","27":"shipping-taxable","28":"purchasable","29":"product-type-simple"},"acf":[],"_links":{"self":[{"href":"https:\/\/wiejskieprzysmaki.estima.site\/en\/wp-json\/wp\/v2\/product\/1854","targetHints":{"allow":["GET"]}}],"collection":[{"href":"https:\/\/wiejskieprzysmaki.estima.site\/en\/wp-json\/wp\/v2\/product"}],"about":[{"href":"https:\/\/wiejskieprzysmaki.estima.site\/en\/wp-json\/wp\/v2\/types\/product"}],"replies":[{"embeddable":true,"href":"https:\/\/wiejskieprzysmaki.estima.site\/en\/wp-json\/wp\/v2\/comments?post=1854"}],"wp:featuredmedia":[{"embeddable":true,"href":"https:\/\/wiejskieprzysmaki.estima.site\/en\/wp-json\/wp\/v2\/media\/1855"}],"wp:attachment":[{"href":"https:\/\/wiejskieprzysmaki.estima.site\/en\/wp-json\/wp\/v2\/media?parent=1854"}],"wp:term":[{"taxonomy":"product_brand","embeddable":true,"href":"https:\/\/wiejskieprzysmaki.estima.site\/en\/wp-json\/wp\/v2\/product_brand?post=1854"},{"taxonomy":"product_cat","embeddable":true,"href":"https:\/\/wiejskieprzysmaki.estima.site\/en\/wp-json\/wp\/v2\/product_cat?post=1854"},{"taxonomy":"product_tag","embeddable":true,"href":"https:\/\/wiejskieprzysmaki.estima.site\/en\/wp-json\/wp\/v2\/product_tag?post=1854"}],"curies":[{"name":"wp","href":"https:\/\/api.w.org\/{rel}","templated":true}]}}