{"id":1862,"date":"2025-02-18T10:39:28","date_gmt":"2025-02-18T09:39:28","guid":{"rendered":"https:\/\/wiejskieprzysmaki.estima.site\/produkt\/jaja-bio-6-szt-bio-planet\/"},"modified":"2025-02-20T15:21:42","modified_gmt":"2025-02-20T14:21:42","slug":"jaja-bio-6-szt-bio-planet","status":"publish","type":"product","link":"https:\/\/wiejskieprzysmaki.estima.site\/en\/product\/jaja-bio-6-szt-bio-planet\/","title":{"rendered":"JAJA BIO (6 szt.) &#8211; BIO PLANET"},"content":{"rendered":"<p>Ekologiczne JAJA Bio Planet, to JAJA najwy\u017cszej jako\u015bci. Pochodz\u0105 wy\u0142\u0105cznie ze sprawdzonych gospodarstw, pozostaj\u0105cych pod sta\u0142\u0105 kontrol\u0105 jednostek certyfikuj\u0105cych oraz s\u0142u\u017cb sanitarnych. Nasze kury \u017cyj\u0105 w niewielkich stadach. W dobrych warunkach fitosanitarnych z dost\u0119pem do wybieg\u00f3w i pastwisk. Taki dobrostan zwierz\u0105t umo\u017cliwia unikni\u0119cie stosowania antybiotyk\u00f3w i innych lek\u00f3w. Do karmienia stosowane s\u0105 ekologiczne karmy, kt\u00f3re powoduj\u0105 naturalny wzrost i wysok\u0105 zdrowotno\u015b\u0107 zwierz\u0105t.<br \/>Kody systemu hodowli:<br \/>0 \u2013 JAJA z chowu ekologicznego<br \/>1 \u2013 JAJA z chowu na wolnym wybiegu<br \/>2 \u2013 JAJA z chowu \u015bci\u00f3\u0142kowego<br \/>3 \u2013 JAJA z chowu klatkowego<br \/>Znaczenia kodu producenta (oznakowanie na skorupie jaj):<br \/>0 \u2013 JAJA z chowu ekologicznego<br \/>PL \u2013 kod literowy pa\u0144stwa cz\u0142onkowskiego UE<br \/>01234567 \u2013 weterynaryjny numer identyfikacyjny zak\u0142adu (producenta).<\/p>","protected":false},"excerpt":{"rendered":"<p>Ekologiczne JAJA Bio Planet, to JAJA najwy\u017cszej jako\u015bci. Pochodz\u0105 wy\u0142\u0105cznie ze sprawdzonych gospodarstw, pozostaj\u0105cych pod sta\u0142\u0105 kontrol\u0105 jednostek certyfikuj\u0105cych oraz s\u0142u\u017cb sanitarnych. Nasze kury \u017cyj\u0105 w niewielkich stadach. W dobrych warunkach fitosanitarnych z dost\u0119pem do wybieg\u00f3w i pastwisk. Taki dobrostan zwierz\u0105t umo\u017cliwia unikni\u0119cie stosowania antybiotyk\u00f3w i innych lek\u00f3w. Do karmienia stosowane s\u0105 ekologiczne karmy, kt\u00f3re [&hellip;]<\/p>","protected":false},"featured_media":1863,"comment_status":"closed","ping_status":"open","template":"","meta":{"_acf_changed":false},"product_brand":[],"product_cat":[1861,335],"product_tag":[],"class_list":{"0":"post-1862","1":"product","2":"type-product","3":"status-publish","4":"has-post-thumbnail","6":"product_cat-jaja","7":"product_cat-nabial","8":"pa_ean-matka-1859","9":"pa_gwarancja-przydatnosci-481","10":"pa_ilosc-w-opakowaniu-340","11":"pa_jednostka-podstawowa-szt","12":"pa_kod-cn-0407-21-00","13":"pa_kraj-pochodzenia-skladnikow-polska","14":"pa_objetosc-brutto-1858","15":"pa_producent-jaja-kurze-przepiorcze","16":"pa_producent-nazwa-adres-bio-planet-s-a-wilkowa-wies-7-05-084-leszno","17":"pa_tagi-bez-cukru-w-skladnikach","18":"pa_tagi-bez-glutenu-w-skladnikach","19":"pa_tagi-certyfikat-bio","20":"pa_tagi-wegetarianski","22":"first","23":"instock","24":"taxable","25":"shipping-taxable","26":"purchasable","27":"product-type-simple"},"acf":[],"_links":{"self":[{"href":"https:\/\/wiejskieprzysmaki.estima.site\/en\/wp-json\/wp\/v2\/product\/1862","targetHints":{"allow":["GET"]}}],"collection":[{"href":"https:\/\/wiejskieprzysmaki.estima.site\/en\/wp-json\/wp\/v2\/product"}],"about":[{"href":"https:\/\/wiejskieprzysmaki.estima.site\/en\/wp-json\/wp\/v2\/types\/product"}],"replies":[{"embeddable":true,"href":"https:\/\/wiejskieprzysmaki.estima.site\/en\/wp-json\/wp\/v2\/comments?post=1862"}],"wp:featuredmedia":[{"embeddable":true,"href":"https:\/\/wiejskieprzysmaki.estima.site\/en\/wp-json\/wp\/v2\/media\/1863"}],"wp:attachment":[{"href":"https:\/\/wiejskieprzysmaki.estima.site\/en\/wp-json\/wp\/v2\/media?parent=1862"}],"wp:term":[{"taxonomy":"product_brand","embeddable":true,"href":"https:\/\/wiejskieprzysmaki.estima.site\/en\/wp-json\/wp\/v2\/product_brand?post=1862"},{"taxonomy":"product_cat","embeddable":true,"href":"https:\/\/wiejskieprzysmaki.estima.site\/en\/wp-json\/wp\/v2\/product_cat?post=1862"},{"taxonomy":"product_tag","embeddable":true,"href":"https:\/\/wiejskieprzysmaki.estima.site\/en\/wp-json\/wp\/v2\/product_tag?post=1862"}],"curies":[{"name":"wp","href":"https:\/\/api.w.org\/{rel}","templated":true}]}}