{"id":1864,"date":"2025-02-18T10:39:28","date_gmt":"2025-02-18T09:39:28","guid":{"rendered":"https:\/\/wiejskieprzysmaki.estima.site\/produkt\/sfermentowana-soja-natto-bio-110-g-natto\/"},"modified":"2025-02-18T10:39:37","modified_gmt":"2025-02-18T09:39:37","slug":"sfermentowana-soja-natto-bio-110-g-natto","status":"publish","type":"product","link":"https:\/\/wiejskieprzysmaki.estima.site\/en\/product\/sfermentowana-soja-natto-bio-110-g-natto\/","title":{"rendered":"SFERMENTOWANA SOJA (NATTO) BIO 110 g &#8211; NATTO"},"content":{"rendered":"<p>SK\u0141ADNIKI<br \/>SOJA*, woda (*certyfikowany sk\u0142adnik ekologiczny)<\/p>\n<p>OPIS<br \/>Zawiera wy\u0142\u0105cznie substancje powsta\u0142e w wyniku naturalnej fermentacji SOI przez bakterie Bacillus subtilis var. natto m.in. naturaln\u0105 witamin\u0119 K2 MK7.<br \/>Witamina K (menachinon-7) pomaga w utrzymaniu zdrowych ko\u015bci.<br \/>Zr\u00f3wnowa\u017cony spos\u00f3b \u017cywienia oraz zdrowy tryb \u017cycia s\u0105 niezb\u0119dne do prawid\u0142owego funkcjonowania organizmu.<\/p>\n<p>WARTO\u015a\u0106 OD\u017bYWCZA W 100 g<br \/>Warto\u015b\u0107 energetyczna: 1001 kJ\/239 kcal<br \/>T\u0142uszcz: 6,9 g<br \/>w tym kwasy t\u0142uszczowe nasycone: 1,3 g<br \/>W\u0119glowodany: 15 g<br \/>w tym cukry: 0,8 g<br \/>B\u0142onnik: 7,9 g<br \/>Bia\u0142ko: 15 g<br \/>S\u00f3l: 1,1 g<br \/>Kwas foliowy: 223 \u00b5g (112 %)**<br \/>Fosfor: 349 mg (50 %)**<br \/>\u017belazo: 2,2 mg (16 %)**<br \/>** Dzienna referencyjna warto\u015b\u0107 spo\u017cycia witamin i sk\u0142adnik\u00f3w mineralnych (dla osoby doros\u0142ej)<\/p>\n<p>ZALECANE WARUNI PRZECHOWYWANIA<br \/>Przechowywa\u0107 w temperaturze od +7 do +10\u00b0C<\/p>","protected":false},"excerpt":{"rendered":"<p>SK\u0141ADNIKISOJA*, woda (*certyfikowany sk\u0142adnik ekologiczny) OPISZawiera wy\u0142\u0105cznie substancje powsta\u0142e w wyniku naturalnej fermentacji SOI przez bakterie Bacillus subtilis var. natto m.in. naturaln\u0105 witamin\u0119 K2 MK7.Witamina K (menachinon-7) pomaga w utrzymaniu zdrowych ko\u015bci.Zr\u00f3wnowa\u017cony spos\u00f3b \u017cywienia oraz zdrowy tryb \u017cycia s\u0105 niezb\u0119dne do prawid\u0142owego funkcjonowania organizmu. WARTO\u015a\u0106 OD\u017bYWCZA W 100 gWarto\u015b\u0107 energetyczna: 1001 kJ\/239 kcalT\u0142uszcz: 6,9 gw [&hellip;]<\/p>","protected":false},"featured_media":1865,"comment_status":"closed","ping_status":"open","template":"","meta":{"_acf_changed":false},"product_brand":[],"product_cat":[274,1117],"product_tag":[],"class_list":{"0":"post-1864","1":"product","2":"type-product","3":"status-publish","4":"has-post-thumbnail","6":"product_cat-lodowka-inne","7":"product_cat-warzywa-i-owoce-przetworzone","8":"pa_ean-matka-1865","9":"pa_gwarancja-przydatnosci-681","10":"pa_ilosc-w-opakowaniu-340","11":"pa_jednostka-podstawowa-szt","12":"pa_kod-cn-2005-99-80","13":"pa_masa-netto-1863","14":"pa_objetosc-brutto-409","15":"pa_producent-natto-sfermentowana-soja","16":"pa_producent-nazwa-adres-ton-color-marek-kolodziejski-natto-ludowa-5c-65-742-zielona-gora","17":"pa_tagi-bez-cukru-w-skladnikach","18":"pa_tagi-bez-glutenu-w-skladnikach","19":"pa_tagi-certyfikat-bio","20":"pa_tagi-weganski","21":"pa_tagi-wegetarianski","23":"first","24":"instock","25":"taxable","26":"shipping-taxable","27":"purchasable","28":"product-type-simple"},"acf":[],"_links":{"self":[{"href":"https:\/\/wiejskieprzysmaki.estima.site\/en\/wp-json\/wp\/v2\/product\/1864","targetHints":{"allow":["GET"]}}],"collection":[{"href":"https:\/\/wiejskieprzysmaki.estima.site\/en\/wp-json\/wp\/v2\/product"}],"about":[{"href":"https:\/\/wiejskieprzysmaki.estima.site\/en\/wp-json\/wp\/v2\/types\/product"}],"replies":[{"embeddable":true,"href":"https:\/\/wiejskieprzysmaki.estima.site\/en\/wp-json\/wp\/v2\/comments?post=1864"}],"wp:featuredmedia":[{"embeddable":true,"href":"https:\/\/wiejskieprzysmaki.estima.site\/en\/wp-json\/wp\/v2\/media\/1865"}],"wp:attachment":[{"href":"https:\/\/wiejskieprzysmaki.estima.site\/en\/wp-json\/wp\/v2\/media?parent=1864"}],"wp:term":[{"taxonomy":"product_brand","embeddable":true,"href":"https:\/\/wiejskieprzysmaki.estima.site\/en\/wp-json\/wp\/v2\/product_brand?post=1864"},{"taxonomy":"product_cat","embeddable":true,"href":"https:\/\/wiejskieprzysmaki.estima.site\/en\/wp-json\/wp\/v2\/product_cat?post=1864"},{"taxonomy":"product_tag","embeddable":true,"href":"https:\/\/wiejskieprzysmaki.estima.site\/en\/wp-json\/wp\/v2\/product_tag?post=1864"}],"curies":[{"name":"wp","href":"https:\/\/api.w.org\/{rel}","templated":true}]}}