{"id":1876,"date":"2025-02-18T10:39:28","date_gmt":"2025-02-18T09:39:28","guid":{"rendered":"https:\/\/wiejskieprzysmaki.estima.site\/produkt\/fasolka-biala-jas-bio-surowiec-25-kg\/"},"modified":"2025-02-18T10:39:41","modified_gmt":"2025-02-18T09:39:41","slug":"fasolka-biala-jas-bio-surowiec-25-kg","status":"publish","type":"product","link":"https:\/\/wiejskieprzysmaki.estima.site\/en\/product\/fasolka-biala-jas-bio-surowiec-25-kg\/","title":{"rendered":"FASOLKA BIA\u0141A JA\u015a BIO (SUROWIEC) (25 kg)"},"content":{"rendered":"<p>SK\u0141ADNIKI<br \/>ekologiczna fasolka bia\u0142a Ja\u015b 100 %.<\/p>\n<p>OPIS<br \/>Ekologiczna fasolka bia\u0142a Ja\u015b jest szczeg\u00f3lnie znana jako g\u0142\u00f3wny sk\u0142adnik popularnej na polskich sto\u0142ach &#8220;fasolki po breto\u0144sku&#8221;. Doskonale nadaje si\u0119 do zup, potraw jednogarnkowych, past i pasztet\u00f3w, a tak\u017ce do sa\u0142atek. Jest doskona\u0142ym \u017ar\u00f3d\u0142em b\u0142onnika i bia\u0142ka ro\u015blinnego.<\/p>\n<p>SPOS\u00d3B PRZYGOTOWANIA<br \/>Uprzednio namoczon\u0105 co najmniej 12 godzin i przep\u0142ukan\u0105 fasol\u0119 nale\u017cy gotowa\u0107 do mi\u0119kko\u015bci w \u015bwie\u017cej, nieosolonej wodzie ok. 60 min. Fasol\u0119 solimy dopiero pod koniec gotowania.<\/p>\n<p>WARTO\u015a\u0106 OD\u017bYWCZA W 100 g<br \/>Warto\u015b\u0107 energetyczna &#8211; 1576 kJ\/373 kcal<br \/>T\u0142uszcz &#8211; 0,9 g<br \/>w tym kwasy t\u0142uszczowe nasycone &#8211; 0,2 g<br \/>W\u0119glowodany &#8211; 60 g<br \/>w tym cukry &#8211; 2,1 g<br \/>B\u0142onnik &#8211; 15 g<br \/>Bia\u0142ko &#8211; 23 g<br \/>S\u00f3l &#8211; 0,04 g<\/p>\n<p>ZALECANE WARUNKI PRZECHOWYWANIA<br \/>Przechowywa\u0107 w suchym i ch\u0142odnym miejscu.<\/p>","protected":false},"excerpt":{"rendered":"<p>SK\u0141ADNIKIekologiczna fasolka bia\u0142a Ja\u015b 100 %. OPISEkologiczna fasolka bia\u0142a Ja\u015b jest szczeg\u00f3lnie znana jako g\u0142\u00f3wny sk\u0142adnik popularnej na polskich sto\u0142ach &#8220;fasolki po breto\u0144sku&#8221;. Doskonale nadaje si\u0119 do zup, potraw jednogarnkowych, past i pasztet\u00f3w, a tak\u017ce do sa\u0142atek. Jest doskona\u0142ym \u017ar\u00f3d\u0142em b\u0142onnika i bia\u0142ka ro\u015blinnego. SPOS\u00d3B PRZYGOTOWANIAUprzednio namoczon\u0105 co najmniej 12 godzin i przep\u0142ukan\u0105 fasol\u0119 nale\u017cy [&hellip;]<\/p>","protected":false},"featured_media":1877,"comment_status":"closed","ping_status":"open","template":"","meta":{"_acf_changed":false},"product_brand":[],"product_cat":[316,315],"product_tag":[],"class_list":{"0":"post-1876","1":"product","2":"type-product","3":"status-publish","4":"has-post-thumbnail","6":"product_cat-suszone","7":"product_cat-warzywa-straczkowe","8":"pa_ean-matka-1872","9":"pa_gwarancja-przydatnosci-311","10":"pa_ilosc-w-opakowaniu-310","11":"pa_jednostka-podstawowa-kg","12":"pa_kod-cn-0713-33-90","13":"pa_kraj-pochodzenia-skladnikow-polska","14":"pa_masa-netto-209","15":"pa_producent-horeca-bio-surowce","16":"pa_producent-nazwa-adres-bio-planet-s-a-wilkowa-wies-7-05-084-leszno","17":"pa_tagi-bez-cukru-w-skladnikach","18":"pa_tagi-bez-glutenu-w-skladnikach","19":"pa_tagi-certyfikat-bio","20":"pa_tagi-weganski","21":"pa_tagi-wegetarianski","23":"first","24":"instock","25":"taxable","26":"shipping-taxable","27":"purchasable","28":"product-type-simple"},"acf":[],"_links":{"self":[{"href":"https:\/\/wiejskieprzysmaki.estima.site\/en\/wp-json\/wp\/v2\/product\/1876","targetHints":{"allow":["GET"]}}],"collection":[{"href":"https:\/\/wiejskieprzysmaki.estima.site\/en\/wp-json\/wp\/v2\/product"}],"about":[{"href":"https:\/\/wiejskieprzysmaki.estima.site\/en\/wp-json\/wp\/v2\/types\/product"}],"replies":[{"embeddable":true,"href":"https:\/\/wiejskieprzysmaki.estima.site\/en\/wp-json\/wp\/v2\/comments?post=1876"}],"wp:featuredmedia":[{"embeddable":true,"href":"https:\/\/wiejskieprzysmaki.estima.site\/en\/wp-json\/wp\/v2\/media\/1877"}],"wp:attachment":[{"href":"https:\/\/wiejskieprzysmaki.estima.site\/en\/wp-json\/wp\/v2\/media?parent=1876"}],"wp:term":[{"taxonomy":"product_brand","embeddable":true,"href":"https:\/\/wiejskieprzysmaki.estima.site\/en\/wp-json\/wp\/v2\/product_brand?post=1876"},{"taxonomy":"product_cat","embeddable":true,"href":"https:\/\/wiejskieprzysmaki.estima.site\/en\/wp-json\/wp\/v2\/product_cat?post=1876"},{"taxonomy":"product_tag","embeddable":true,"href":"https:\/\/wiejskieprzysmaki.estima.site\/en\/wp-json\/wp\/v2\/product_tag?post=1876"}],"curies":[{"name":"wp","href":"https:\/\/api.w.org\/{rel}","templated":true}]}}