{"id":1878,"date":"2025-02-18T10:39:42","date_gmt":"2025-02-18T09:39:42","guid":{"rendered":"https:\/\/wiejskieprzysmaki.estima.site\/produkt\/ryz-basmati-bialy-bio-surowiec-25-kg\/"},"modified":"2025-02-18T10:39:42","modified_gmt":"2025-02-18T09:39:42","slug":"ryz-basmati-bialy-bio-surowiec-25-kg","status":"publish","type":"product","link":"https:\/\/wiejskieprzysmaki.estima.site\/en\/product\/ryz-basmati-bialy-bio-surowiec-25-kg\/","title":{"rendered":"RY\u017b BASMATI BIA\u0141Y BIO (SUROWIEC) (25 kg)"},"content":{"rendered":"<p>SK\u0141ADNIKI<br \/>Ry\u017c Basmati bia\u0142y* 100 % (*certyfikowany sk\u0142adnik ekologiczny).<\/p>\n<p>OPIS<br \/>Ekologiczny ry\u017c Basmati bia\u0142y charakteryzuje si\u0119 subtelnym orzechowym smakiem i niepowtarzalnym aromatem. Stanowi najszlachetniejsz\u0105 odmian\u0119 ry\u017cu na \u015bwiecie. Doskona\u0142y jako dodatek do mi\u0119s, sa\u0142atek, da\u0144 egzotycznych i deser\u00f3w.<\/p>\n<p>SPOS\u00d3B PRZYGOTOWANIA<br \/>Uprzednio wyp\u0142ukany ry\u017c gotowa\u0107 w proporcji 1:2 (1 porcja ry\u017cu na 2 porcje wody) na ma\u0142ym ogniu ok. 25 min.<\/p>\n<p>WARTO\u015a\u0106 OD\u017bYWCZA W 100 g<br \/>Warto\u015b\u0107 energetyczna &#8211; 1487 kJ \/ 350 kcal<br \/>T\u0142uszcz &#8211; 0,6 g<br \/>w tym kwasy t\u0142uszczowe nasycone &#8211; 0,2 g<br \/>W\u0119glowodany -78 g, <br \/>w tym cukry &#8211; 0,1 g<br \/>B\u0142onnik &#8211; 1,6 g<br \/>Bia\u0142ko &#8211; 7,4 g<br \/>S\u00f3l &#8211; 0,03 g<\/p>\n<p>ZALECANE WARUNKI PRZECHOWYWANIA<br \/>Przechowywa\u0107 w suchym i ch\u0142odnym miejscu.<\/p>","protected":false},"excerpt":{"rendered":"<p>SK\u0141ADNIKIRy\u017c Basmati bia\u0142y* 100 % (*certyfikowany sk\u0142adnik ekologiczny). OPISEkologiczny ry\u017c Basmati bia\u0142y charakteryzuje si\u0119 subtelnym orzechowym smakiem i niepowtarzalnym aromatem. Stanowi najszlachetniejsz\u0105 odmian\u0119 ry\u017cu na \u015bwiecie. Doskona\u0142y jako dodatek do mi\u0119s, sa\u0142atek, da\u0144 egzotycznych i deser\u00f3w. SPOS\u00d3B PRZYGOTOWANIAUprzednio wyp\u0142ukany ry\u017c gotowa\u0107 w proporcji 1:2 (1 porcja ry\u017cu na 2 porcje wody) na ma\u0142ym ogniu ok. [&hellip;]<\/p>","protected":false},"featured_media":1879,"comment_status":"closed","ping_status":"open","template":"","meta":{"_acf_changed":false},"product_brand":[],"product_cat":[313],"product_tag":[],"class_list":{"0":"post-1878","1":"product","2":"type-product","3":"status-publish","4":"has-post-thumbnail","6":"product_cat-ryze-i-kasze","7":"pa_ean-matka-1873","8":"pa_gwarancja-przydatnosci-311","9":"pa_ilosc-w-opakowaniu-310","10":"pa_jednostka-podstawowa-kg","11":"pa_kod-cn-1006-20-96","12":"pa_kraj-pochodzenia-skladnikow-pakistan","13":"pa_masa-netto-209","14":"pa_producent-horeca-bio-surowce","15":"pa_producent-nazwa-adres-bio-planet-s-a-wilkowa-wies-7-05-084-leszno","16":"pa_tagi-bez-cukru-w-skladnikach","17":"pa_tagi-bez-glutenu-w-skladnikach","18":"pa_tagi-certyfikat-bio","19":"pa_tagi-weganski","20":"pa_tagi-wegetarianski","22":"first","23":"instock","24":"taxable","25":"shipping-taxable","26":"purchasable","27":"product-type-simple"},"acf":[],"_links":{"self":[{"href":"https:\/\/wiejskieprzysmaki.estima.site\/en\/wp-json\/wp\/v2\/product\/1878","targetHints":{"allow":["GET"]}}],"collection":[{"href":"https:\/\/wiejskieprzysmaki.estima.site\/en\/wp-json\/wp\/v2\/product"}],"about":[{"href":"https:\/\/wiejskieprzysmaki.estima.site\/en\/wp-json\/wp\/v2\/types\/product"}],"replies":[{"embeddable":true,"href":"https:\/\/wiejskieprzysmaki.estima.site\/en\/wp-json\/wp\/v2\/comments?post=1878"}],"wp:featuredmedia":[{"embeddable":true,"href":"https:\/\/wiejskieprzysmaki.estima.site\/en\/wp-json\/wp\/v2\/media\/1879"}],"wp:attachment":[{"href":"https:\/\/wiejskieprzysmaki.estima.site\/en\/wp-json\/wp\/v2\/media?parent=1878"}],"wp:term":[{"taxonomy":"product_brand","embeddable":true,"href":"https:\/\/wiejskieprzysmaki.estima.site\/en\/wp-json\/wp\/v2\/product_brand?post=1878"},{"taxonomy":"product_cat","embeddable":true,"href":"https:\/\/wiejskieprzysmaki.estima.site\/en\/wp-json\/wp\/v2\/product_cat?post=1878"},{"taxonomy":"product_tag","embeddable":true,"href":"https:\/\/wiejskieprzysmaki.estima.site\/en\/wp-json\/wp\/v2\/product_tag?post=1878"}],"curies":[{"name":"wp","href":"https:\/\/api.w.org\/{rel}","templated":true}]}}