{"id":1881,"date":"2025-02-18T10:39:42","date_gmt":"2025-02-18T09:39:42","guid":{"rendered":"https:\/\/wiejskieprzysmaki.estima.site\/produkt\/bulka-tarta-bio-250-g-bio-planet\/"},"modified":"2025-02-18T10:39:43","modified_gmt":"2025-02-18T09:39:43","slug":"bulka-tarta-bio-250-g-bio-planet","status":"publish","type":"product","link":"https:\/\/wiejskieprzysmaki.estima.site\/en\/product\/bulka-tarta-bio-250-g-bio-planet\/","title":{"rendered":"BU\u0141KA TARTA BIO 250 g &#8211; BIO PLANET"},"content":{"rendered":"<p>SK\u0141ADNIKI<br \/>m\u0105ka PSZENNA*, woda, s\u00f3l, dro\u017cd\u017ce* (*certyfikowany sk\u0142adnik ekologiczny).<\/p>\n<p>OPIS<br \/>Ekologiczna bu\u0142ka tarta doskonale nadaje si\u0119 do obtaczania kotlet\u00f3w warzywnych, str\u0105czkowych czy mi\u0119snych. Mo\u017ce stanowi\u0107 zag\u0119szczaj\u0105cy dodatek do wszelkiego rodzaju farszy lub pasztet\u00f3w, a tak\u017ce posypk\u0119, aby pieczony pasztet na wierzchu by\u0142 smakowicie rumiany. Bu\u0142ka tarta jest niezb\u0119dna r\u00f3wnie\u017c do posypywania foremek do pieczenia ciasta i chleba, aby \u0142atwo odchodzi\u0142y od blaszki.<\/p>\n<p>WARTO\u015a\u0106 OD\u017bYWCZA W 100 g<br \/>Warto\u015b\u0107 energetyczna \t1481 kJ\/349 kcal<br \/>T\u0142uszcz \t1,0 g<br \/>w tym kwasy t\u0142uszczowe nasycone \t0,3 g<br \/>W\u0119glowodany \t73 g<br \/>w tym cukry \t4,0 g<br \/>B\u0142onnik \t2,0 g<br \/>Bia\u0142ko \t11 g<br \/>S\u00f3l \t1,5 g<\/p>\n<p>INFORMACJA ALERGENNA<br \/>Produkt mo\u017ce zawiera\u0107: ORZESZKI ZIEMNE, ORZECHY, NASIONA SEZAMU, SOJ\u0118.<\/p>\n<p>ZALECANE WARUNKI PRZECHOWYWANIA<br \/>Przechowywa\u0107 w suchym i ch\u0142odnym miejscu.<\/p>","protected":false},"excerpt":{"rendered":"<p>SK\u0141ADNIKIm\u0105ka PSZENNA*, woda, s\u00f3l, dro\u017cd\u017ce* (*certyfikowany sk\u0142adnik ekologiczny). OPISEkologiczna bu\u0142ka tarta doskonale nadaje si\u0119 do obtaczania kotlet\u00f3w warzywnych, str\u0105czkowych czy mi\u0119snych. Mo\u017ce stanowi\u0107 zag\u0119szczaj\u0105cy dodatek do wszelkiego rodzaju farszy lub pasztet\u00f3w, a tak\u017ce posypk\u0119, aby pieczony pasztet na wierzchu by\u0142 smakowicie rumiany. Bu\u0142ka tarta jest niezb\u0119dna r\u00f3wnie\u017c do posypywania foremek do pieczenia ciasta i chleba, [&hellip;]<\/p>","protected":false},"featured_media":567,"comment_status":"closed","ping_status":"open","template":"","meta":{"_acf_changed":false},"product_brand":[],"product_cat":[537,64],"product_tag":[],"class_list":{"0":"post-1881","1":"product","2":"type-product","3":"status-publish","4":"has-post-thumbnail","6":"product_cat-bulka-tarta-panierki","7":"product_cat-pieczywo","8":"pa_ean-matka-609","9":"pa_gwarancja-przydatnosci-535","10":"pa_ilosc-w-opakowaniu-298","11":"pa_jednostka-podstawowa-szt","12":"pa_kod-cn-1905-40-10","13":"pa_kraj-pochodzenia-skladnikow-polska","14":"pa_masa-netto-480","15":"pa_objetosc-brutto-204","16":"pa_producent-bio-planet-seria-niebieska-ryze-kasze-ziarna","17":"pa_producent-nazwa-adres-bio-planet-s-a-wilkowa-wies-7-05-084-leszno","18":"pa_tagi-bez-cukru-w-skladnikach","19":"pa_tagi-certyfikat-bio","20":"pa_tagi-weganski","21":"pa_tagi-wegetarianski","23":"first","24":"instock","25":"taxable","26":"shipping-taxable","27":"purchasable","28":"product-type-simple"},"acf":[],"_links":{"self":[{"href":"https:\/\/wiejskieprzysmaki.estima.site\/en\/wp-json\/wp\/v2\/product\/1881","targetHints":{"allow":["GET"]}}],"collection":[{"href":"https:\/\/wiejskieprzysmaki.estima.site\/en\/wp-json\/wp\/v2\/product"}],"about":[{"href":"https:\/\/wiejskieprzysmaki.estima.site\/en\/wp-json\/wp\/v2\/types\/product"}],"replies":[{"embeddable":true,"href":"https:\/\/wiejskieprzysmaki.estima.site\/en\/wp-json\/wp\/v2\/comments?post=1881"}],"wp:featuredmedia":[{"embeddable":true,"href":"https:\/\/wiejskieprzysmaki.estima.site\/en\/wp-json\/wp\/v2\/media\/567"}],"wp:attachment":[{"href":"https:\/\/wiejskieprzysmaki.estima.site\/en\/wp-json\/wp\/v2\/media?parent=1881"}],"wp:term":[{"taxonomy":"product_brand","embeddable":true,"href":"https:\/\/wiejskieprzysmaki.estima.site\/en\/wp-json\/wp\/v2\/product_brand?post=1881"},{"taxonomy":"product_cat","embeddable":true,"href":"https:\/\/wiejskieprzysmaki.estima.site\/en\/wp-json\/wp\/v2\/product_cat?post=1881"},{"taxonomy":"product_tag","embeddable":true,"href":"https:\/\/wiejskieprzysmaki.estima.site\/en\/wp-json\/wp\/v2\/product_tag?post=1881"}],"curies":[{"name":"wp","href":"https:\/\/api.w.org\/{rel}","templated":true}]}}