{"id":1882,"date":"2025-02-18T10:39:42","date_gmt":"2025-02-18T09:39:42","guid":{"rendered":"https:\/\/wiejskieprzysmaki.estima.site\/produkt\/mieszanka-studencka-z-zurawina-bio-150-g-bio-planet\/"},"modified":"2025-02-20T15:20:34","modified_gmt":"2025-02-20T14:20:34","slug":"mieszanka-studencka-z-zurawina-bio-150-g-bio-planet","status":"publish","type":"product","link":"https:\/\/wiejskieprzysmaki.estima.site\/en\/product\/mieszanka-studencka-z-zurawina-bio-150-g-bio-planet\/","title":{"rendered":"MIESZANKA STUDENCKA Z \u017bURAWIN\u0104 BIO 150 g &#8211; BIO PLANET"},"content":{"rendered":"<p>SK\u0141ADNIKI<br \/>rodzynki* (winogrona* 99,5 %, olej s\u0142onecznikowy*), ORZECHY NERKOWCA*, ORZECHY BRAZYLIJSKIE*, \u017curawina* (19 %) (\u017curawina* 60 %, koncentrat soku jab\u0142kowego*, olej s\u0142onecznikowy*), MIGDA\u0141Y*, ORZECHY PEKAN* (*certyfikowany sk\u0142adnik ekologiczny).<\/p>\n<p>OPIS<br \/>Ekologiczna mieszanka studencka jest oryginaln\u0105 przek\u0105sk\u0105 skomponowan\u0105 na bazie orzech\u00f3w i suszonych owoc\u00f3w. Doskona\u0142a do ciast, wypiek\u00f3w oraz do bezpo\u015bredniego spo\u017cycia. \t\t\t<\/p>\n<p>WARTO\u015a\u0106 OD\u017bYWCZA W 100 g<br \/>Warto\u015b\u0107 energetyczna \t1998 kJ\/478 kcal<br \/>T\u0142uszcz \t27 g<br \/>w tym kwasy t\u0142uszczowe nasycone \t5,1 g<br \/>W\u0119glowodany \t46 g<br \/>w tym cukry \t32 g<br \/>B\u0142onnik \t5,1 g<br \/>Bia\u0142ko \t9,4 g<br \/>S\u00f3l \t0,03 g<\/p>\n<p>INFORMACJA ALERGENNA<br \/>Produkt mo\u017ce zawiera\u0107: ZBO\u017bA ZAWIERAJ\u0104CE GLUTEN, ORZESZKI ZIEMNE, INNE ORZECHY, NASIONA SEZAMU, SOJ\u0118.<\/p>\n<p>ZALECANE WARUNKI PRZECHOWYWANIA<br \/>Przechowywa\u0107 w suchym i ch\u0142odnym miejscu.<\/p>","protected":false},"excerpt":{"rendered":"<p>SK\u0141ADNIKIrodzynki* (winogrona* 99,5 %, olej s\u0142onecznikowy*), ORZECHY NERKOWCA*, ORZECHY BRAZYLIJSKIE*, \u017curawina* (19 %) (\u017curawina* 60 %, koncentrat soku jab\u0142kowego*, olej s\u0142onecznikowy*), MIGDA\u0141Y*, ORZECHY PEKAN* (*certyfikowany sk\u0142adnik ekologiczny). OPISEkologiczna mieszanka studencka jest oryginaln\u0105 przek\u0105sk\u0105 skomponowan\u0105 na bazie orzech\u00f3w i suszonych owoc\u00f3w. Doskona\u0142a do ciast, wypiek\u00f3w oraz do bezpo\u015bredniego spo\u017cycia. WARTO\u015a\u0106 OD\u017bYWCZA W 100 gWarto\u015b\u0107 energetyczna 1998 [&hellip;]<\/p>","protected":false},"featured_media":1883,"comment_status":"closed","ping_status":"open","template":"","meta":{"_acf_changed":false},"product_brand":[],"product_cat":[830,810],"product_tag":[],"class_list":{"0":"post-1882","1":"product","2":"type-product","3":"status-publish","4":"has-post-thumbnail","6":"product_cat-orzechy-i-owoce-suszone","7":"product_cat-orzechy-kasztany-wiorki-kokosowe","8":"pa_ean-matka-892","9":"pa_gwarancja-przydatnosci-324","10":"pa_ilosc-w-opakowaniu-298","11":"pa_jednostka-podstawowa-szt","12":"pa_kod-cn-0813-50-91","13":"pa_kraj-pochodzenia-skladnikow-rolnictwo-ue-spoza-ue","14":"pa_masa-netto-197","15":"pa_objetosc-brutto-201","16":"pa_producent-bio-planet-seria-przekaski","17":"pa_producent-nazwa-adres-bio-planet-s-a-wilkowa-wies-7-05-084-leszno","18":"pa_tagi-bez-glutenu-w-skladnikach","19":"pa_tagi-certyfikat-bio","20":"pa_tagi-weganski","21":"pa_tagi-wegetarianski","23":"first","24":"instock","25":"taxable","26":"shipping-taxable","27":"purchasable","28":"product-type-simple"},"acf":[],"_links":{"self":[{"href":"https:\/\/wiejskieprzysmaki.estima.site\/en\/wp-json\/wp\/v2\/product\/1882","targetHints":{"allow":["GET"]}}],"collection":[{"href":"https:\/\/wiejskieprzysmaki.estima.site\/en\/wp-json\/wp\/v2\/product"}],"about":[{"href":"https:\/\/wiejskieprzysmaki.estima.site\/en\/wp-json\/wp\/v2\/types\/product"}],"replies":[{"embeddable":true,"href":"https:\/\/wiejskieprzysmaki.estima.site\/en\/wp-json\/wp\/v2\/comments?post=1882"}],"wp:featuredmedia":[{"embeddable":true,"href":"https:\/\/wiejskieprzysmaki.estima.site\/en\/wp-json\/wp\/v2\/media\/1883"}],"wp:attachment":[{"href":"https:\/\/wiejskieprzysmaki.estima.site\/en\/wp-json\/wp\/v2\/media?parent=1882"}],"wp:term":[{"taxonomy":"product_brand","embeddable":true,"href":"https:\/\/wiejskieprzysmaki.estima.site\/en\/wp-json\/wp\/v2\/product_brand?post=1882"},{"taxonomy":"product_cat","embeddable":true,"href":"https:\/\/wiejskieprzysmaki.estima.site\/en\/wp-json\/wp\/v2\/product_cat?post=1882"},{"taxonomy":"product_tag","embeddable":true,"href":"https:\/\/wiejskieprzysmaki.estima.site\/en\/wp-json\/wp\/v2\/product_tag?post=1882"}],"curies":[{"name":"wp","href":"https:\/\/api.w.org\/{rel}","templated":true}]}}