{"id":1895,"date":"2025-02-18T10:39:42","date_gmt":"2025-02-18T09:39:42","guid":{"rendered":"https:\/\/wiejskieprzysmaki.estima.site\/produkt\/musztarda-srednio-ostra-bezglutenowa-bio-160-ml-zwergenwiese\/"},"modified":"2025-02-18T10:39:49","modified_gmt":"2025-02-18T09:39:49","slug":"musztarda-srednio-ostra-bezglutenowa-bio-160-ml-zwergenwiese","status":"publish","type":"product","link":"https:\/\/wiejskieprzysmaki.estima.site\/en\/product\/musztarda-srednio-ostra-bezglutenowa-bio-160-ml-zwergenwiese\/","title":{"rendered":"MUSZTARDA \u015aREDNIO OSTRA BEZGLUTENOWA BIO 160 ml &#8211; ZWERGENWIESE"},"content":{"rendered":"<p>SK\u0141ADNIKI<br \/>woda, GORCZYCA*, ocet brandy*, s\u00f3l, sok z cytryny z koncentratu soku z cytryny*, kurkuma*. (*certyfikowany sk\u0142adnik ekologiczny)<\/p>\n<p>OPIS<br \/>Idealny dodatek do gotowania i grillowania. Doskona\u0142y do dressing\u00f3w, chutney, majonezu i nie tylko.  <\/p>\n<p>WARTO\u015a\u0106 OD\u017bYWCZA W 100 ml<br \/>Warto\u015b\u0107 energetyczna: 357 kJ\/86 kcal<br \/>T\u0142uszcz: 5,8 g<br \/>w tym kwasy t\u0142uszczowe nasycone: 0,4 g<br \/>W\u0119glowodany: 1,6 g<br \/>w tym cukry: 1,1 g<br \/>B\u0142onnik: 3,9 g<br \/>Bia\u0142ko: 5,0 g<br \/>S\u00f3l: 2,3 g<\/p>\n<p>ZALECANE WARUNKI PRZECHOWYWANIA<br \/>Po otwarciu przechowywa\u0107 w temperaturze 6 &#8211; 8\u00b0 C.<\/p>","protected":false},"excerpt":{"rendered":"<p>SK\u0141ADNIKIwoda, GORCZYCA*, ocet brandy*, s\u00f3l, sok z cytryny z koncentratu soku z cytryny*, kurkuma*. (*certyfikowany sk\u0142adnik ekologiczny) OPISIdealny dodatek do gotowania i grillowania. Doskona\u0142y do dressing\u00f3w, chutney, majonezu i nie tylko. WARTO\u015a\u0106 OD\u017bYWCZA W 100 mlWarto\u015b\u0107 energetyczna: 357 kJ\/86 kcalT\u0142uszcz: 5,8 gw tym kwasy t\u0142uszczowe nasycone: 0,4 gW\u0119glowodany: 1,6 gw tym cukry: 1,1 gB\u0142onnik: 3,9 [&hellip;]<\/p>","protected":false},"featured_media":1896,"comment_status":"closed","ping_status":"open","template":"","meta":{"_acf_changed":false},"product_brand":[],"product_cat":[1485,94],"product_tag":[],"class_list":{"0":"post-1895","1":"product","2":"type-product","3":"status-publish","4":"has-post-thumbnail","6":"product_cat-majonezy-musztardy","7":"product_cat-sosy","8":"pa_ean-matka-1883","9":"pa_gwarancja-przydatnosci-311","10":"pa_ilosc-w-opakowaniu-298","11":"pa_jednostka-podstawowa-szt","12":"pa_kod-cn-2103-30-90","13":"pa_objetosc-brutto-1429","14":"pa_objetosc-netto-1882","15":"pa_producent-zwergenwiese-pasty-musy-sosy","16":"pa_producent-nazwa-adres-zwergenwiese-naturkost-gmbh-langacker-1-d-24887-silberstedt","17":"pa_tagi-bez-cukru-w-skladnikach","18":"pa_tagi-bez-glutenu-deklaracja","19":"pa_tagi-bez-glutenu-w-skladnikach","20":"pa_tagi-certyfikat-bio","21":"pa_tagi-weganski","22":"pa_tagi-wegetarianski","24":"first","25":"instock","26":"taxable","27":"shipping-taxable","28":"purchasable","29":"product-type-simple"},"acf":[],"_links":{"self":[{"href":"https:\/\/wiejskieprzysmaki.estima.site\/en\/wp-json\/wp\/v2\/product\/1895","targetHints":{"allow":["GET"]}}],"collection":[{"href":"https:\/\/wiejskieprzysmaki.estima.site\/en\/wp-json\/wp\/v2\/product"}],"about":[{"href":"https:\/\/wiejskieprzysmaki.estima.site\/en\/wp-json\/wp\/v2\/types\/product"}],"replies":[{"embeddable":true,"href":"https:\/\/wiejskieprzysmaki.estima.site\/en\/wp-json\/wp\/v2\/comments?post=1895"}],"wp:featuredmedia":[{"embeddable":true,"href":"https:\/\/wiejskieprzysmaki.estima.site\/en\/wp-json\/wp\/v2\/media\/1896"}],"wp:attachment":[{"href":"https:\/\/wiejskieprzysmaki.estima.site\/en\/wp-json\/wp\/v2\/media?parent=1895"}],"wp:term":[{"taxonomy":"product_brand","embeddable":true,"href":"https:\/\/wiejskieprzysmaki.estima.site\/en\/wp-json\/wp\/v2\/product_brand?post=1895"},{"taxonomy":"product_cat","embeddable":true,"href":"https:\/\/wiejskieprzysmaki.estima.site\/en\/wp-json\/wp\/v2\/product_cat?post=1895"},{"taxonomy":"product_tag","embeddable":true,"href":"https:\/\/wiejskieprzysmaki.estima.site\/en\/wp-json\/wp\/v2\/product_tag?post=1895"}],"curies":[{"name":"wp","href":"https:\/\/api.w.org\/{rel}","templated":true}]}}