{"id":1899,"date":"2025-02-18T10:39:42","date_gmt":"2025-02-18T09:39:42","guid":{"rendered":"https:\/\/wiejskieprzysmaki.estima.site\/produkt\/chleb-essenski-orkiszowy-bio-400-g-terrasana\/"},"modified":"2025-02-18T10:39:50","modified_gmt":"2025-02-18T09:39:50","slug":"chleb-essenski-orkiszowy-bio-400-g-terrasana","status":"publish","type":"product","link":"https:\/\/wiejskieprzysmaki.estima.site\/en\/product\/chleb-essenski-orkiszowy-bio-400-g-terrasana\/","title":{"rendered":"CHLEB ESSE\u0143SKI ORKISZOWY BIO 400 g &#8211; TERRASANA"},"content":{"rendered":"<p>SK\u0141ADNIKI<br \/>skie\u0142kowana PSZENICA ORKISZ* (*certyfikowany sk\u0142adnik ekologiczny)<\/p>\n<p>OPIS<br \/>Ekologiczny chleb esse\u0144ski orkiszowy, wyprodukowany wy\u0142\u0105cznie ze skie\u0142kowanego ORKISZu. 2-3 dniowe kie\u0142ki ORKISZu s\u0105 mielone i pieczone w niskiej temperaturze (110\u00b0C &#8211; 130 \u00b0C). Chleb nie zawiera dro\u017cd\u017cy ani zakwas\u00f3w.<\/p>\n<p>WARTO\u015a\u0106 OD\u017bYWCZA W 100 g<br \/>Warto\u015b\u0107 energetyczna &#8211; 963 kJ \/ 227 kcal  <br \/>T\u0142uszcz &#8211; 2,0 g  <br \/>w tym kwasy t\u0142uszczowe nasycone &#8211; 1,0 g  <br \/>W\u0119glowodany &#8211; 43 g  <br \/>w tym cukry &#8211; 9,0 g  <br \/>B\u0142onnik &#8211; 7,6 g  <br \/>Bia\u0142ko &#8211; 9,7 g  <br \/>S\u00f3l &#8211; 0 g<\/p>\n<p>INFORMACJA ALERGENNA  <br \/>mo\u017ce zawiera\u0107 SOJ\u0118, ORZECHY i SEZAM<\/p>\n<p>ZALECANE WARUNKI PRZECHOWYWANIA  <br \/>Po otwarciu przechowywa\u0107 w lod\u00f3wce i spo\u017cy\u0107 w ci\u0105gu 3 dni  <\/p>","protected":false},"excerpt":{"rendered":"<p>SK\u0141ADNIKIskie\u0142kowana PSZENICA ORKISZ* (*certyfikowany sk\u0142adnik ekologiczny) OPISEkologiczny chleb esse\u0144ski orkiszowy, wyprodukowany wy\u0142\u0105cznie ze skie\u0142kowanego ORKISZu. 2-3 dniowe kie\u0142ki ORKISZu s\u0105 mielone i pieczone w niskiej temperaturze (110\u00b0C &#8211; 130 \u00b0C). Chleb nie zawiera dro\u017cd\u017cy ani zakwas\u00f3w. WARTO\u015a\u0106 OD\u017bYWCZA W 100 gWarto\u015b\u0107 energetyczna &#8211; 963 kJ \/ 227 kcal T\u0142uszcz &#8211; 2,0 g w tym kwasy [&hellip;]<\/p>","protected":false},"featured_media":1900,"comment_status":"closed","ping_status":"open","template":"","meta":{"_acf_changed":false},"product_brand":[],"product_cat":[1437,64],"product_tag":[],"class_list":{"0":"post-1899","1":"product","2":"type-product","3":"status-publish","4":"has-post-thumbnail","6":"product_cat-chleby-bulki","7":"product_cat-pieczywo","8":"pa_ean-matka-1885","9":"pa_gwarancja-przydatnosci-324","10":"pa_ilosc-w-opakowaniu-331","11":"pa_jednostka-podstawowa-szt","12":"pa_kod-cn-1905-90-30","13":"pa_masa-netto-268","14":"pa_objetosc-brutto-1432","15":"pa_producent-terrasana-kremy-makarony-sosy-sojowe-inne","16":"pa_producent-nazwa-adres-terrasana-natuurvoeding-b-v-waaier-10-2451-leimuiden","17":"pa_tagi-bez-cukru-w-skladnikach","18":"pa_tagi-certyfikat-bio","19":"pa_tagi-weganski","20":"pa_tagi-wegetarianski","22":"first","23":"instock","24":"taxable","25":"shipping-taxable","26":"purchasable","27":"product-type-simple"},"acf":[],"_links":{"self":[{"href":"https:\/\/wiejskieprzysmaki.estima.site\/en\/wp-json\/wp\/v2\/product\/1899","targetHints":{"allow":["GET"]}}],"collection":[{"href":"https:\/\/wiejskieprzysmaki.estima.site\/en\/wp-json\/wp\/v2\/product"}],"about":[{"href":"https:\/\/wiejskieprzysmaki.estima.site\/en\/wp-json\/wp\/v2\/types\/product"}],"replies":[{"embeddable":true,"href":"https:\/\/wiejskieprzysmaki.estima.site\/en\/wp-json\/wp\/v2\/comments?post=1899"}],"wp:featuredmedia":[{"embeddable":true,"href":"https:\/\/wiejskieprzysmaki.estima.site\/en\/wp-json\/wp\/v2\/media\/1900"}],"wp:attachment":[{"href":"https:\/\/wiejskieprzysmaki.estima.site\/en\/wp-json\/wp\/v2\/media?parent=1899"}],"wp:term":[{"taxonomy":"product_brand","embeddable":true,"href":"https:\/\/wiejskieprzysmaki.estima.site\/en\/wp-json\/wp\/v2\/product_brand?post=1899"},{"taxonomy":"product_cat","embeddable":true,"href":"https:\/\/wiejskieprzysmaki.estima.site\/en\/wp-json\/wp\/v2\/product_cat?post=1899"},{"taxonomy":"product_tag","embeddable":true,"href":"https:\/\/wiejskieprzysmaki.estima.site\/en\/wp-json\/wp\/v2\/product_tag?post=1899"}],"curies":[{"name":"wp","href":"https:\/\/api.w.org\/{rel}","templated":true}]}}