{"id":1915,"date":"2025-02-18T10:39:55","date_gmt":"2025-02-18T09:39:55","guid":{"rendered":"https:\/\/wiejskieprzysmaki.estima.site\/produkt\/kawa-mielona-bezkofeinowa-arabica-100-etiopia-fair-trade-bio-250-g-terra-etica\/"},"modified":"2025-02-20T15:24:05","modified_gmt":"2025-02-20T14:24:05","slug":"kawa-mielona-bezkofeinowa-arabica-100-etiopia-fair-trade-bio-250-g-terra-etica","status":"publish","type":"product","link":"https:\/\/wiejskieprzysmaki.estima.site\/en\/product\/kawa-mielona-bezkofeinowa-arabica-100-etiopia-fair-trade-bio-250-g-terra-etica\/","title":{"rendered":"KAWA MIELONA BEZKOFEINOWA ARABICA 100 % ETIOPIA FAIR TRADE BIO 250 g &#8211; TERRA ETICA"},"content":{"rendered":"<p>SK\u0141ADNIKI<br \/>Ekologiczna kawa arabica* 100 % palona tradycyjnymi metodami. <br \/>(*certyfikowany sk\u0142adnik ekologiczny) <\/p>\n<p>OPIS<br \/>Wyj\u0105tkowa, aromatyczna kawa bezkofeinowa Arabica &#8211; kraj pochodzenia Etiopia.<br \/>Kawa zosta\u0142a dekofeinizowana naturaln\u0105 metod\u0105 (przy u\u017cyciu CO2), bez u\u017cycia chemicznych rozpuszczalnik\u00f3w. Rekomendowana dla mi\u0142o\u015bnik\u00f3w kawy, kt\u00f3rzy nie mog\u0105 spo\u017cywa\u0107 napoj\u00f3w zawieraj\u0105cych kofein\u0119. Maksymalna zawarto\u015b\u0107 kofeiny 0,1 %.<br \/>Pozyskiwana zgodnie z zasadami Fair Trade. Tradycyjna metoda wypalania nadaje kawie nuty kwiat\u00f3w bzu.<\/p>\n<p>SPOS\u00d3B PRZYGOTOWANIA<br \/>Do fili\u017canki (100 ml) wsypa\u0107 7 g kawy, a do kubka (250 ml) 17 g kawy. Aby zachowa\u0107 pe\u0142ny aromat kawy, nale\u017cy zala\u0107 j\u0105 wod\u0105 o temperaturze 90\u201395\u00b0C. Przy parzeniu w ekspresie czas zale\u017cy od jego rodzaju i wynosi od 3 do 7 minut.<\/p>\n<p>ZALECANE WARUNKI PRZECHOWYWANIA<br \/>Po otwarciu przechowywa\u0107 w temperaturze pokojowej, w nieprzezroczystym, szczelnie zamkni\u0119tym pojemniku.<\/p>","protected":false},"excerpt":{"rendered":"<p>SK\u0141ADNIKIEkologiczna kawa arabica* 100 % palona tradycyjnymi metodami. (*certyfikowany sk\u0142adnik ekologiczny) OPISWyj\u0105tkowa, aromatyczna kawa bezkofeinowa Arabica &#8211; kraj pochodzenia Etiopia.Kawa zosta\u0142a dekofeinizowana naturaln\u0105 metod\u0105 (przy u\u017cyciu CO2), bez u\u017cycia chemicznych rozpuszczalnik\u00f3w. Rekomendowana dla mi\u0142o\u015bnik\u00f3w kawy, kt\u00f3rzy nie mog\u0105 spo\u017cywa\u0107 napoj\u00f3w zawieraj\u0105cych kofein\u0119. Maksymalna zawarto\u015b\u0107 kofeiny 0,1 %.Pozyskiwana zgodnie z zasadami Fair Trade. Tradycyjna metoda wypalania [&hellip;]<\/p>","protected":false},"featured_media":1916,"comment_status":"closed","ping_status":"open","template":"","meta":{"_acf_changed":false},"product_brand":[],"product_cat":[897],"product_tag":[],"class_list":{"0":"post-1915","1":"product","2":"type-product","3":"status-publish","4":"has-post-thumbnail","6":"product_cat-kawa-i-kakao","7":"pa_ean-matka-1895","8":"pa_gwarancja-przydatnosci-324","9":"pa_ilosc-w-opakowaniu-374","10":"pa_jednostka-podstawowa-szt","11":"pa_kod-cn-0901-21-00","12":"pa_kraj-pochodzenia-skladnikow-etiopia","13":"pa_masa-netto-480","14":"pa_objetosc-brutto-1022","15":"pa_producent-terra-etica-kawy-czekolady-do-picia-kakao","16":"pa_producent-nazwa-adres-scop-cafe-michel-louis-de-broglie-5-33600-pessac","17":"pa_tagi-bez-cukru-w-skladnikach","18":"pa_tagi-bez-glutenu-w-skladnikach","19":"pa_tagi-certyfikat-bio","20":"pa_tagi-weganski","21":"pa_tagi-wegetarianski","23":"first","24":"instock","25":"taxable","26":"shipping-taxable","27":"purchasable","28":"product-type-simple"},"acf":[],"_links":{"self":[{"href":"https:\/\/wiejskieprzysmaki.estima.site\/en\/wp-json\/wp\/v2\/product\/1915","targetHints":{"allow":["GET"]}}],"collection":[{"href":"https:\/\/wiejskieprzysmaki.estima.site\/en\/wp-json\/wp\/v2\/product"}],"about":[{"href":"https:\/\/wiejskieprzysmaki.estima.site\/en\/wp-json\/wp\/v2\/types\/product"}],"replies":[{"embeddable":true,"href":"https:\/\/wiejskieprzysmaki.estima.site\/en\/wp-json\/wp\/v2\/comments?post=1915"}],"wp:featuredmedia":[{"embeddable":true,"href":"https:\/\/wiejskieprzysmaki.estima.site\/en\/wp-json\/wp\/v2\/media\/1916"}],"wp:attachment":[{"href":"https:\/\/wiejskieprzysmaki.estima.site\/en\/wp-json\/wp\/v2\/media?parent=1915"}],"wp:term":[{"taxonomy":"product_brand","embeddable":true,"href":"https:\/\/wiejskieprzysmaki.estima.site\/en\/wp-json\/wp\/v2\/product_brand?post=1915"},{"taxonomy":"product_cat","embeddable":true,"href":"https:\/\/wiejskieprzysmaki.estima.site\/en\/wp-json\/wp\/v2\/product_cat?post=1915"},{"taxonomy":"product_tag","embeddable":true,"href":"https:\/\/wiejskieprzysmaki.estima.site\/en\/wp-json\/wp\/v2\/product_tag?post=1915"}],"curies":[{"name":"wp","href":"https:\/\/api.w.org\/{rel}","templated":true}]}}