{"id":1939,"date":"2025-02-18T10:39:55","date_gmt":"2025-02-18T09:39:55","guid":{"rendered":"https:\/\/wiejskieprzysmaki.estima.site\/produkt\/kawa-zbozowa-instant-bio-125-g-alce-nero\/"},"modified":"2025-02-20T15:23:17","modified_gmt":"2025-02-20T14:23:17","slug":"kawa-zbozowa-instant-bio-125-g-alce-nero","status":"publish","type":"product","link":"https:\/\/wiejskieprzysmaki.estima.site\/en\/product\/kawa-zbozowa-instant-bio-125-g-alce-nero\/","title":{"rendered":"KAWA ZBO\u017bOWA INSTANT BIO 125 g &#8211; ALCE NERO"},"content":{"rendered":"<p>SK\u0141ADNIKI<br \/>J\u0118CZMIE\u0143* (*certyfikowany sk\u0142adnik ekologiczny)<\/p>\n<p>OPIS<br \/>Ekologiczna kawa zbo\u017cowa w 100 % z pra\u017conego j\u0119czmienia. Idealny nap\u00f3j na \u015bniadanie lub podwieczorek. Najlepiej smakuje z dodatkiem gor\u0105cego MLEKA lub napoju ro\u015blinnego (ry\u017cowego, sojowego lub OWSIANEGO).<br \/>Kawy zbo\u017cowe nie zawieraj\u0105 kofeiny.<\/p>\n<p>SPOS\u00d3B PRZYGOTOWANIA<br \/>2 \u0142y\u017ceczki kawy rozpu\u015bci\u0107 w ciep\u0142ym lub zimnym MLEKU (lub wodzie), pos\u0142odzi\u0107 do smaku cukrem lub miodem.<\/p>\n<p>WARTO\u015a\u0106 OD\u017bYWCZA W 100 g<br \/>Warto\u015b\u0107 energetyczna &#8211; 1520 kJ\/361 kcal  <br \/>T\u0142uszcz &#8211; 0 g  <br \/>w tym kwasy t\u0142uszczowe nasycone &#8211; 0 g  <br \/>W\u0119glowodany &#8211; 79 g  <br \/>w tym cukry &#8211; 0 g  <br \/>B\u0142onnik &#8211; 9,6 g  <br \/>Bia\u0142ko &#8211; 6,5 g  <br \/>S\u00f3l &#8211; 0,13 g<\/p>\n<p>ZALECANE WARUNKI PRZECHOWYWANIA  <br \/>Przechowywa\u0107 w suchym i ch\u0142odnym miejscu w zamkni\u0119tym pojemniku.<\/p>","protected":false},"excerpt":{"rendered":"<p>SK\u0141ADNIKIJ\u0118CZMIE\u0143* (*certyfikowany sk\u0142adnik ekologiczny) OPISEkologiczna kawa zbo\u017cowa w 100 % z pra\u017conego j\u0119czmienia. Idealny nap\u00f3j na \u015bniadanie lub podwieczorek. Najlepiej smakuje z dodatkiem gor\u0105cego MLEKA lub napoju ro\u015blinnego (ry\u017cowego, sojowego lub OWSIANEGO).Kawy zbo\u017cowe nie zawieraj\u0105 kofeiny. SPOS\u00d3B PRZYGOTOWANIA2 \u0142y\u017ceczki kawy rozpu\u015bci\u0107 w ciep\u0142ym lub zimnym MLEKU (lub wodzie), pos\u0142odzi\u0107 do smaku cukrem lub miodem. WARTO\u015a\u0106 [&hellip;]<\/p>","protected":false},"featured_media":1940,"comment_status":"closed","ping_status":"open","template":"","meta":{"_acf_changed":false},"product_brand":[],"product_cat":[897],"product_tag":[],"class_list":{"0":"post-1939","1":"product","2":"type-product","3":"status-publish","4":"has-post-thumbnail","6":"product_cat-kawa-i-kakao","7":"pa_ean-matka-1919","8":"pa_gwarancja-przydatnosci-320","9":"pa_ilosc-w-opakowaniu-374","10":"pa_jednostka-podstawowa-szt","11":"pa_kod-cn-2101-30-19","12":"pa_kraj-pochodzenia-skladnikow-wlochy","13":"pa_masa-netto-811","14":"pa_objetosc-brutto-1918","15":"pa_producent-alce-nero-wloskie-produkty","16":"pa_producent-nazwa-adres-alce-nero-s-p-a-via-palazzetti-5c-40068-san-lazzaro-di-savena-bo","17":"pa_tagi-bez-cukru-w-skladnikach","18":"pa_tagi-certyfikat-bio","19":"pa_tagi-weganski","20":"pa_tagi-wegetarianski","22":"first","23":"instock","24":"taxable","25":"shipping-taxable","26":"purchasable","27":"product-type-simple"},"acf":[],"_links":{"self":[{"href":"https:\/\/wiejskieprzysmaki.estima.site\/en\/wp-json\/wp\/v2\/product\/1939","targetHints":{"allow":["GET"]}}],"collection":[{"href":"https:\/\/wiejskieprzysmaki.estima.site\/en\/wp-json\/wp\/v2\/product"}],"about":[{"href":"https:\/\/wiejskieprzysmaki.estima.site\/en\/wp-json\/wp\/v2\/types\/product"}],"replies":[{"embeddable":true,"href":"https:\/\/wiejskieprzysmaki.estima.site\/en\/wp-json\/wp\/v2\/comments?post=1939"}],"wp:featuredmedia":[{"embeddable":true,"href":"https:\/\/wiejskieprzysmaki.estima.site\/en\/wp-json\/wp\/v2\/media\/1940"}],"wp:attachment":[{"href":"https:\/\/wiejskieprzysmaki.estima.site\/en\/wp-json\/wp\/v2\/media?parent=1939"}],"wp:term":[{"taxonomy":"product_brand","embeddable":true,"href":"https:\/\/wiejskieprzysmaki.estima.site\/en\/wp-json\/wp\/v2\/product_brand?post=1939"},{"taxonomy":"product_cat","embeddable":true,"href":"https:\/\/wiejskieprzysmaki.estima.site\/en\/wp-json\/wp\/v2\/product_cat?post=1939"},{"taxonomy":"product_tag","embeddable":true,"href":"https:\/\/wiejskieprzysmaki.estima.site\/en\/wp-json\/wp\/v2\/product_tag?post=1939"}],"curies":[{"name":"wp","href":"https:\/\/api.w.org\/{rel}","templated":true}]}}