{"id":1947,"date":"2025-02-18T10:39:55","date_gmt":"2025-02-18T09:39:55","guid":{"rendered":"https:\/\/wiejskieprzysmaki.estima.site\/produkt\/ciastka-mleczne-z-oliwa-z-oliwek-extra-virgin-14-bio-250-g-alce-nero\/"},"modified":"2025-02-18T10:40:08","modified_gmt":"2025-02-18T09:40:08","slug":"ciastka-mleczne-z-oliwa-z-oliwek-extra-virgin-14-bio-250-g-alce-nero","status":"publish","type":"product","link":"https:\/\/wiejskieprzysmaki.estima.site\/en\/product\/ciastka-mleczne-z-oliwa-z-oliwek-extra-virgin-14-bio-250-g-alce-nero\/","title":{"rendered":"CIASTKA MLECZNE Z OLIW\u0104 Z OLIWEK EXTRA VIRGIN (14 %) BIO 250 g &#8211; ALCE NERO"},"content":{"rendered":"<p>SK\u0141ADNIKI  <br \/>m\u0105ka PSZENNA*, cukier trzcinowy*, oliwa z oliwek extra virgin* (14 %), skrobia PSZENNA*, pasteryzowane MLEKO \u015bwie\u017ce* (5,7%), syrop ry\u017cowy*, s\u00f3l, substancje spulchniaj\u0105ce (w\u0119glan amonu, w\u0119glan sodu) (*certyfikowany sk\u0142adnik ekologiczny)<\/p>\n<p>OPIS<br \/>Mleczne Ciastka Alce Nero produkowane s\u0105 wy\u0142\u0105cznie z najlepszej jakosci ekologicznych skladnik\u00f3w, bez dodatku sztucznych aromat\u00f3w i konserwant\u00f3w, przy u\u017cyciu ekologicznej oliwy z oliwek. Herbatniki s\u0105 znakomit\u0105 i zdrow\u0105 przekask\u0105.<\/p>\n<p>WARTO\u015a\u0106 OD\u017bYWCZA W 100 g<br \/>Warto\u015b\u0107 energetyczna &#8211; 1982 kJ\/472 kcal  <br \/>T\u0142uszcz &#8211; 18 g  <br \/>w tym kwasy t\u0142uszczowe nasycone &#8211; 4,1 g  <br \/>W\u0119glowodany &#8211; 70 g  <br \/>w tym cukry &#8211; 19 g  <br \/>B\u0142onnik &#8211; 1,9 g  <br \/>Bia\u0142ko &#8211; 6,6 g  <br \/>S\u00f3l &#8211; 0,75 g<\/p>\n<p>INFORMACJA ALERGENNA<br \/>Produkt mo\u017ce zawiera\u0107 inne ZBO\u017bA ZAWIERAJ\u0104CE GLUTEN, SEZAM, ORZECHY, JAJA, SOJ\u0118.<\/p>\n<p>ZALECANE WARUNKI PRZECHOWYWANIA  <br \/>Przechowywa\u0107 w suchym i ch\u0142odnym miejscu, z dala od bezpo\u015bredniego kontaktu ze \u015bwiat\u0142em s\u0142onecznym. Po otwarciu przechowywa\u0107 szczelnie zamkni\u0119te.<\/p>","protected":false},"excerpt":{"rendered":"<p>SK\u0141ADNIKI m\u0105ka PSZENNA*, cukier trzcinowy*, oliwa z oliwek extra virgin* (14 %), skrobia PSZENNA*, pasteryzowane MLEKO \u015bwie\u017ce* (5,7%), syrop ry\u017cowy*, s\u00f3l, substancje spulchniaj\u0105ce (w\u0119glan amonu, w\u0119glan sodu) (*certyfikowany sk\u0142adnik ekologiczny) OPISMleczne Ciastka Alce Nero produkowane s\u0105 wy\u0142\u0105cznie z najlepszej jakosci ekologicznych skladnik\u00f3w, bez dodatku sztucznych aromat\u00f3w i konserwant\u00f3w, przy u\u017cyciu ekologicznej oliwy z oliwek. Herbatniki [&hellip;]<\/p>","protected":false},"featured_media":1948,"comment_status":"closed","ping_status":"open","template":"","meta":{"_acf_changed":false},"product_brand":[],"product_cat":[1434,139],"product_tag":[],"class_list":{"0":"post-1947","1":"product","2":"type-product","3":"status-publish","4":"has-post-thumbnail","6":"product_cat-ciastka","7":"product_cat-slodycze-i-przekaski","8":"pa_ean-matka-1929","9":"pa_gwarancja-przydatnosci-324","10":"pa_ilosc-w-opakowaniu-374","11":"pa_jednostka-podstawowa-szt","12":"pa_kod-cn-1905-31-99","13":"pa_masa-netto-480","14":"pa_objetosc-brutto-1928","15":"pa_producent-alce-nero-wloskie-produkty","16":"pa_producent-nazwa-adres-alce-nero-s-p-a-via-palazzetti-5c-40068-san-lazzaro-di-savena-bo","17":"pa_tagi-certyfikat-bio","18":"pa_tagi-wegetarianski","20":"first","21":"instock","22":"taxable","23":"shipping-taxable","24":"purchasable","25":"product-type-simple"},"acf":[],"_links":{"self":[{"href":"https:\/\/wiejskieprzysmaki.estima.site\/en\/wp-json\/wp\/v2\/product\/1947","targetHints":{"allow":["GET"]}}],"collection":[{"href":"https:\/\/wiejskieprzysmaki.estima.site\/en\/wp-json\/wp\/v2\/product"}],"about":[{"href":"https:\/\/wiejskieprzysmaki.estima.site\/en\/wp-json\/wp\/v2\/types\/product"}],"replies":[{"embeddable":true,"href":"https:\/\/wiejskieprzysmaki.estima.site\/en\/wp-json\/wp\/v2\/comments?post=1947"}],"wp:featuredmedia":[{"embeddable":true,"href":"https:\/\/wiejskieprzysmaki.estima.site\/en\/wp-json\/wp\/v2\/media\/1948"}],"wp:attachment":[{"href":"https:\/\/wiejskieprzysmaki.estima.site\/en\/wp-json\/wp\/v2\/media?parent=1947"}],"wp:term":[{"taxonomy":"product_brand","embeddable":true,"href":"https:\/\/wiejskieprzysmaki.estima.site\/en\/wp-json\/wp\/v2\/product_brand?post=1947"},{"taxonomy":"product_cat","embeddable":true,"href":"https:\/\/wiejskieprzysmaki.estima.site\/en\/wp-json\/wp\/v2\/product_cat?post=1947"},{"taxonomy":"product_tag","embeddable":true,"href":"https:\/\/wiejskieprzysmaki.estima.site\/en\/wp-json\/wp\/v2\/product_tag?post=1947"}],"curies":[{"name":"wp","href":"https:\/\/api.w.org\/{rel}","templated":true}]}}