{"id":1951,"date":"2025-02-18T10:39:55","date_gmt":"2025-02-18T09:39:55","guid":{"rendered":"https:\/\/wiejskieprzysmaki.estima.site\/produkt\/ciastka-musli-bio-250-g-alce-nero\/"},"modified":"2025-02-18T10:40:09","modified_gmt":"2025-02-18T09:40:09","slug":"ciastka-musli-bio-250-g-alce-nero","status":"publish","type":"product","link":"https:\/\/wiejskieprzysmaki.estima.site\/en\/product\/ciastka-musli-bio-250-g-alce-nero\/","title":{"rendered":"CIASTKA MUSLI BIO 250 g &#8211; ALCE NERO"},"content":{"rendered":"<p>SK\u0141ADNIKI<br \/>musli* (37,5 %) (p\u0142atki OWSIANE*, rodzynki*, suszone kawa\u0142ki jab\u0142ka*, ORZECHY LASKOWE*), m\u0105ka PSZENNA* (27 %), oliwa z oliwek extra virgin (17 %)*, cukier trzcinowy*, syrop ry\u017cowy*, substancje spulchniaj\u0105ce (w\u0119glany amonu, w\u0119glan sodu), s\u00f3l (*certyfikowany sk\u0142adnik ekologiczny).<\/p>\n<p>OPIS<br \/>Herbatniki Musli Alce Nero produkowane s\u0105 wy\u0142\u0105cznie z wysokiej jako\u015bci ekologicznych sk\u0142adnik\u00f3w, bez dodatku sztucznych aromat\u00f3w i konserwant\u00f3w. Herbatniki Musli s\u0105 idealn\u0105 smaczn\u0105 i zdrow\u0105 przek\u0105sk\u0105.<\/p>\n<p>WARTO\u015a\u0106 OD\u017bYWCZA W 100g<br \/>Warto\u015b\u0107 energetyczna &#8211; 1997 kJ \/ 475 kcal<br \/>T\u0142uszcz &#8211; 22 g<br \/>w tym kwasy t\u0142uszczowe nasycone &#8211; 3,5 g<br \/>W\u0119glowodany &#8211; 61 g<br \/>w tym cukry &#8211; 24  g<br \/>B\u0142onnik &#8211; 5,5 g<br \/>Bia\u0142ko &#8211; 5,6 g<br \/>S\u00f3l &#8211; 0,46 g<\/p>\n<p>INFORMACJA ALERGENNA<br \/>Mo\u017ce zawiera\u0107 inne ZBO\u017bA ZAWIERAJ\u0104CE GLUTEN, MLEKO (\u0142\u0105cznie z LAKTOZ\u0104), JAJA, ORZECHY i SOJ\u0118<\/p>\n<p>ZALECANE WARUNKI PRZECHOWYWANIA<br \/>Przechowywa\u0107 w suchym, ch\u0142odnym miejscu z dala od bezpo\u015bredniego \u015bwiat\u0142a s\u0142onecznego. <\/p>","protected":false},"excerpt":{"rendered":"<p>SK\u0141ADNIKImusli* (37,5 %) (p\u0142atki OWSIANE*, rodzynki*, suszone kawa\u0142ki jab\u0142ka*, ORZECHY LASKOWE*), m\u0105ka PSZENNA* (27 %), oliwa z oliwek extra virgin (17 %)*, cukier trzcinowy*, syrop ry\u017cowy*, substancje spulchniaj\u0105ce (w\u0119glany amonu, w\u0119glan sodu), s\u00f3l (*certyfikowany sk\u0142adnik ekologiczny). OPISHerbatniki Musli Alce Nero produkowane s\u0105 wy\u0142\u0105cznie z wysokiej jako\u015bci ekologicznych sk\u0142adnik\u00f3w, bez dodatku sztucznych aromat\u00f3w i konserwant\u00f3w. Herbatniki [&hellip;]<\/p>","protected":false},"featured_media":1952,"comment_status":"closed","ping_status":"open","template":"","meta":{"_acf_changed":false},"product_brand":[],"product_cat":[1434,139],"product_tag":[],"class_list":{"0":"post-1951","1":"product","2":"type-product","3":"status-publish","4":"has-post-thumbnail","6":"product_cat-ciastka","7":"product_cat-slodycze-i-przekaski","8":"pa_ean-matka-1932","9":"pa_gwarancja-przydatnosci-324","10":"pa_ilosc-w-opakowaniu-374","11":"pa_jednostka-podstawowa-szt","12":"pa_kod-cn-1905-31-19","13":"pa_kraj-pochodzenia-skladnikow-turcja","14":"pa_masa-netto-480","15":"pa_objetosc-brutto-1928","16":"pa_producent-alce-nero-wloskie-produkty","17":"pa_producent-nazwa-adres-alce-nero-s-p-a-via-palazzetti-5c-40068-san-lazzaro-di-savena-bo","18":"pa_tagi-certyfikat-bio","19":"pa_tagi-weganski","20":"pa_tagi-wegetarianski","22":"first","23":"instock","24":"taxable","25":"shipping-taxable","26":"purchasable","27":"product-type-simple"},"acf":[],"_links":{"self":[{"href":"https:\/\/wiejskieprzysmaki.estima.site\/en\/wp-json\/wp\/v2\/product\/1951","targetHints":{"allow":["GET"]}}],"collection":[{"href":"https:\/\/wiejskieprzysmaki.estima.site\/en\/wp-json\/wp\/v2\/product"}],"about":[{"href":"https:\/\/wiejskieprzysmaki.estima.site\/en\/wp-json\/wp\/v2\/types\/product"}],"replies":[{"embeddable":true,"href":"https:\/\/wiejskieprzysmaki.estima.site\/en\/wp-json\/wp\/v2\/comments?post=1951"}],"wp:featuredmedia":[{"embeddable":true,"href":"https:\/\/wiejskieprzysmaki.estima.site\/en\/wp-json\/wp\/v2\/media\/1952"}],"wp:attachment":[{"href":"https:\/\/wiejskieprzysmaki.estima.site\/en\/wp-json\/wp\/v2\/media?parent=1951"}],"wp:term":[{"taxonomy":"product_brand","embeddable":true,"href":"https:\/\/wiejskieprzysmaki.estima.site\/en\/wp-json\/wp\/v2\/product_brand?post=1951"},{"taxonomy":"product_cat","embeddable":true,"href":"https:\/\/wiejskieprzysmaki.estima.site\/en\/wp-json\/wp\/v2\/product_cat?post=1951"},{"taxonomy":"product_tag","embeddable":true,"href":"https:\/\/wiejskieprzysmaki.estima.site\/en\/wp-json\/wp\/v2\/product_tag?post=1951"}],"curies":[{"name":"wp","href":"https:\/\/api.w.org\/{rel}","templated":true}]}}