{"id":1953,"date":"2025-02-18T10:40:11","date_gmt":"2025-02-18T09:40:11","guid":{"rendered":"https:\/\/wiejskieprzysmaki.estima.site\/produkt\/sos-pomidorowy-dla-dzieci-bezglutenowy-bio-340-ml-zwergenwiese\/"},"modified":"2025-02-18T10:40:11","modified_gmt":"2025-02-18T09:40:11","slug":"sos-pomidorowy-dla-dzieci-bezglutenowy-bio-340-ml-zwergenwiese","status":"publish","type":"product","link":"https:\/\/wiejskieprzysmaki.estima.site\/en\/product\/sos-pomidorowy-dla-dzieci-bezglutenowy-bio-340-ml-zwergenwiese\/","title":{"rendered":"SOS POMIDOROWY DLA DZIECI BEZGLUTENOWY BIO 340 ml &#8211; ZWERGENWIESE"},"content":{"rendered":"<p>SK\u0141ADNIKI<br \/>koncentrat pomidorowy* (83 %), olej s\u0142onecznikowy*, syrop jab\u0142kowy* (5 %), marchew*, cebula*, s\u00f3l, oregano*, pieprz* (*certyfikowany sk\u0142adnik ekologiczny)<\/p>\n<p>OPIS<br \/>Sos pomidorowy, gotowy do spo\u017cycia. Nadaje si\u0119 m.in. do makaronu lub ry\u017cu.<\/p>\n<p>SPOS\u00d3B PRZYGOTOWANIA<br \/>podgrza\u0107 w garnku i podawa\u0107 na gor\u0105co<\/p>\n<p>WARTO\u015a\u0106 OD\u017bYWCZA W 100 ml<br \/>Warto\u015b\u0107 energetyczna: 373 kJ\/89 kcal<br \/>T\u0142uszcz: 4,3 g<br \/>w tym kwasy t\u0142uszczowe nasycone: 0,5 g<br \/>W\u0119glowodany: 9,2 g<br \/>w tym cukry: 7,5 g<br \/>B\u0142onnik: 2,3 g<br \/>Bia\u0142ko: 2,2 g<br \/>S\u00f3l: 0,92 g<\/p>\n<p>ZALECANE WARUNKI PRZECHOWYWANIA<br \/>Po otwarciu przechowywa\u0107 w temperaturze 6 &#8211; 8\u00b0C i spo\u017cy\u0107 w ci\u0105gu kilku dni.<\/p>","protected":false},"excerpt":{"rendered":"<p>SK\u0141ADNIKIkoncentrat pomidorowy* (83 %), olej s\u0142onecznikowy*, syrop jab\u0142kowy* (5 %), marchew*, cebula*, s\u00f3l, oregano*, pieprz* (*certyfikowany sk\u0142adnik ekologiczny) OPISSos pomidorowy, gotowy do spo\u017cycia. Nadaje si\u0119 m.in. do makaronu lub ry\u017cu. SPOS\u00d3B PRZYGOTOWANIApodgrza\u0107 w garnku i podawa\u0107 na gor\u0105co WARTO\u015a\u0106 OD\u017bYWCZA W 100 mlWarto\u015b\u0107 energetyczna: 373 kJ\/89 kcalT\u0142uszcz: 4,3 gw tym kwasy t\u0142uszczowe nasycone: 0,5 gW\u0119glowodany: [&hellip;]<\/p>","protected":false},"featured_media":1954,"comment_status":"closed","ping_status":"open","template":"","meta":{"_acf_changed":false},"product_brand":[],"product_cat":[95,94],"product_tag":[],"class_list":{"0":"post-1953","1":"product","2":"type-product","3":"status-publish","4":"has-post-thumbnail","6":"product_cat-ketchupy-koncentraty-sosy-pomidorowe","7":"product_cat-sosy","8":"pa_ean-matka-1934","9":"pa_gwarancja-przydatnosci-320","10":"pa_ilosc-w-opakowaniu-298","11":"pa_jednostka-podstawowa-szt","12":"pa_kod-cn-2103-20-00","13":"pa_objetosc-brutto-303","14":"pa_objetosc-netto-1933","15":"pa_producent-zwergenwiese-pasty-musy-sosy","16":"pa_producent-nazwa-adres-zwergenwiese-naturkost-gmbh-langacker-1-d-24887-silberstedt","17":"pa_tagi-bez-glutenu-deklaracja","18":"pa_tagi-bez-glutenu-w-skladnikach","19":"pa_tagi-certyfikat-bio","20":"pa_tagi-weganski","21":"pa_tagi-wegetarianski","23":"first","24":"instock","25":"taxable","26":"shipping-taxable","27":"purchasable","28":"product-type-simple"},"acf":[],"_links":{"self":[{"href":"https:\/\/wiejskieprzysmaki.estima.site\/en\/wp-json\/wp\/v2\/product\/1953","targetHints":{"allow":["GET"]}}],"collection":[{"href":"https:\/\/wiejskieprzysmaki.estima.site\/en\/wp-json\/wp\/v2\/product"}],"about":[{"href":"https:\/\/wiejskieprzysmaki.estima.site\/en\/wp-json\/wp\/v2\/types\/product"}],"replies":[{"embeddable":true,"href":"https:\/\/wiejskieprzysmaki.estima.site\/en\/wp-json\/wp\/v2\/comments?post=1953"}],"wp:featuredmedia":[{"embeddable":true,"href":"https:\/\/wiejskieprzysmaki.estima.site\/en\/wp-json\/wp\/v2\/media\/1954"}],"wp:attachment":[{"href":"https:\/\/wiejskieprzysmaki.estima.site\/en\/wp-json\/wp\/v2\/media?parent=1953"}],"wp:term":[{"taxonomy":"product_brand","embeddable":true,"href":"https:\/\/wiejskieprzysmaki.estima.site\/en\/wp-json\/wp\/v2\/product_brand?post=1953"},{"taxonomy":"product_cat","embeddable":true,"href":"https:\/\/wiejskieprzysmaki.estima.site\/en\/wp-json\/wp\/v2\/product_cat?post=1953"},{"taxonomy":"product_tag","embeddable":true,"href":"https:\/\/wiejskieprzysmaki.estima.site\/en\/wp-json\/wp\/v2\/product_tag?post=1953"}],"curies":[{"name":"wp","href":"https:\/\/api.w.org\/{rel}","templated":true}]}}