{"id":1969,"date":"2025-02-18T10:40:11","date_gmt":"2025-02-18T09:40:11","guid":{"rendered":"https:\/\/wiejskieprzysmaki.estima.site\/produkt\/ryz-jasminowy-bialy-bio-surowiec-25-kg\/"},"modified":"2025-02-18T10:40:16","modified_gmt":"2025-02-18T09:40:16","slug":"ryz-jasminowy-bialy-bio-surowiec-25-kg","status":"publish","type":"product","link":"https:\/\/wiejskieprzysmaki.estima.site\/en\/product\/ryz-jasminowy-bialy-bio-surowiec-25-kg\/","title":{"rendered":"RY\u017b JA\u015aMINOWY BIA\u0141Y BIO (SUROWIEC) (25 kg)"},"content":{"rendered":"<p>SK\u0141ADNIKI<br \/>ekologiczny ry\u017c ja\u015bminowy bia\u0142y 100 %.  <\/p>\n<p>OPIS<br \/>Ekologiczny ry\u017c ja\u015bminowy bia\u0142y charakteryzuje si\u0119 delikatnym ja\u015bminowym aromatem. Doskona\u0142y do przygotowywania zar\u00f3wno tradycyjnych potraw, jak r\u00f3wnie\u017c tych egzotycznych. Stanowi podstaw\u0119 m.in. kuchni tajskiej. Polecamy jako dodatek do da\u0144 mi\u0119snych, sa\u0142atek oraz deser\u00f3w.<\/p>\n<p>SPOS\u00d3B PRZYGOTOWANIA<br \/>uprzednio wyp\u0142ukany ry\u017c gotowa\u0107 w proporcji 1:2 (1 porcja ry\u017cu na 2 porcje wody) na ma\u0142ym ogniu ok. 25 minut.  <\/p>\n<p>WARTO\u015a\u0106 OD\u017bYWCZA W 100 g<br \/>Warto\u015b\u0107 energetyczna &#8211; 1487 kJ \/ 350 kcal  <br \/>T\u0142uszcz &#8211; 0 g  <br \/>w tym kwasy t\u0142uszczowe nasycone &#8211; 0 g  <br \/>W\u0119glowodany &#8211; 80 g  <br \/>w tym cukry &#8211; 0 g  <br \/>B\u0142onnik &#8211; 1,0 g  <br \/>Bia\u0142ko &#8211; 7,4 g  <br \/>S\u00f3l &#8211; 0 g<\/p>\n<p>ZALECANE WARUNKI PRZECHOWYWANIA<br \/>Przechowywa\u0107 w suchym i ch\u0142odnym miejscu.<\/p>","protected":false},"excerpt":{"rendered":"<p>SK\u0141ADNIKIekologiczny ry\u017c ja\u015bminowy bia\u0142y 100 %. OPISEkologiczny ry\u017c ja\u015bminowy bia\u0142y charakteryzuje si\u0119 delikatnym ja\u015bminowym aromatem. Doskona\u0142y do przygotowywania zar\u00f3wno tradycyjnych potraw, jak r\u00f3wnie\u017c tych egzotycznych. Stanowi podstaw\u0119 m.in. kuchni tajskiej. Polecamy jako dodatek do da\u0144 mi\u0119snych, sa\u0142atek oraz deser\u00f3w. SPOS\u00d3B PRZYGOTOWANIAuprzednio wyp\u0142ukany ry\u017c gotowa\u0107 w proporcji 1:2 (1 porcja ry\u017cu na 2 porcje wody) na [&hellip;]<\/p>","protected":false},"featured_media":1970,"comment_status":"closed","ping_status":"open","template":"","meta":{"_acf_changed":false},"product_brand":[],"product_cat":[313],"product_tag":[],"class_list":{"0":"post-1969","1":"product","2":"type-product","3":"status-publish","4":"has-post-thumbnail","6":"product_cat-ryze-i-kasze","7":"pa_ean-matka-1941","8":"pa_gwarancja-przydatnosci-311","9":"pa_ilosc-w-opakowaniu-310","10":"pa_jednostka-podstawowa-kg","11":"pa_kod-cn-1006-30-92","12":"pa_kraj-pochodzenia-skladnikow-kambodza","13":"pa_masa-netto-209","14":"pa_producent-horeca-bio-surowce","15":"pa_producent-nazwa-adres-bio-planet-s-a-wilkowa-wies-7-05-084-leszno","16":"pa_tagi-bez-cukru-w-skladnikach","17":"pa_tagi-bez-glutenu-w-skladnikach","18":"pa_tagi-certyfikat-bio","19":"pa_tagi-weganski","20":"pa_tagi-wegetarianski","22":"first","23":"instock","24":"taxable","25":"shipping-taxable","26":"purchasable","27":"product-type-simple"},"acf":[],"_links":{"self":[{"href":"https:\/\/wiejskieprzysmaki.estima.site\/en\/wp-json\/wp\/v2\/product\/1969","targetHints":{"allow":["GET"]}}],"collection":[{"href":"https:\/\/wiejskieprzysmaki.estima.site\/en\/wp-json\/wp\/v2\/product"}],"about":[{"href":"https:\/\/wiejskieprzysmaki.estima.site\/en\/wp-json\/wp\/v2\/types\/product"}],"replies":[{"embeddable":true,"href":"https:\/\/wiejskieprzysmaki.estima.site\/en\/wp-json\/wp\/v2\/comments?post=1969"}],"wp:featuredmedia":[{"embeddable":true,"href":"https:\/\/wiejskieprzysmaki.estima.site\/en\/wp-json\/wp\/v2\/media\/1970"}],"wp:attachment":[{"href":"https:\/\/wiejskieprzysmaki.estima.site\/en\/wp-json\/wp\/v2\/media?parent=1969"}],"wp:term":[{"taxonomy":"product_brand","embeddable":true,"href":"https:\/\/wiejskieprzysmaki.estima.site\/en\/wp-json\/wp\/v2\/product_brand?post=1969"},{"taxonomy":"product_cat","embeddable":true,"href":"https:\/\/wiejskieprzysmaki.estima.site\/en\/wp-json\/wp\/v2\/product_cat?post=1969"},{"taxonomy":"product_tag","embeddable":true,"href":"https:\/\/wiejskieprzysmaki.estima.site\/en\/wp-json\/wp\/v2\/product_tag?post=1969"}],"curies":[{"name":"wp","href":"https:\/\/api.w.org\/{rel}","templated":true}]}}