{"id":1981,"date":"2025-02-18T10:40:11","date_gmt":"2025-02-18T09:40:11","guid":{"rendered":"https:\/\/wiejskieprzysmaki.estima.site\/produkt\/mleko-bez-laktozy-15-tluszczu-bio-1-l-sobbeke\/"},"modified":"2025-02-20T15:21:41","modified_gmt":"2025-02-20T14:21:41","slug":"mleko-bez-laktozy-15-tluszczu-bio-1-l-sobbeke","status":"publish","type":"product","link":"https:\/\/wiejskieprzysmaki.estima.site\/en\/product\/mleko-bez-laktozy-15-tluszczu-bio-1-l-sobbeke\/","title":{"rendered":"MLEKO BEZ LAKTOZY (1,5 % T\u0141USZCZU) BIO 1 L &#8211; SOBBEKE"},"content":{"rendered":"<p>SK\u0141ADNIKI<br \/>MLEKO krowie* (1,5 % t\u0142uszczu), laktaza (*certyfikowany sk\u0142adnik ekologiczny)<\/p>\n<p>OPIS<br \/>Zawarto\u015b\u0107 laktozy <0,1 %. Produkt pasteryzowany, UHT.\n\nWARTO\u015a\u0106 OD\u017bYWCZA W 100 g<br \/>Warto\u015b\u0107 energetyczna: 192 kJ\/46 kcal  <br \/>T\u0142uszcz: 1,5 g  <br \/>w tym kwasy t\u0142uszczowe nasycone: 1,0 g  <br \/>W\u0119glowodany: 4,7 g  <br \/>w tym cukry: 4,7 g  <br \/>Bia\u0142ko: 3,3 g  <br \/>S\u00f3l: 0,12 g<\/p>\n<p>ZALECANE WARUNKI PRZECHOWYWANIA  <br \/>Po otwarciu przechowywa\u0107 w lod\u00f3wce i spo\u017cy\u0107 w ci\u0105gu 2-3 dni<\/p>","protected":false},"excerpt":{"rendered":"<p>SK\u0141ADNIKIMLEKO krowie* (1,5 % t\u0142uszczu), laktaza (*certyfikowany sk\u0142adnik ekologiczny) OPISZawarto\u015b\u0107 laktozy<\/p>","protected":false},"featured_media":1982,"comment_status":"closed","ping_status":"open","template":"","meta":{"_acf_changed":false},"product_brand":[],"product_cat":[1953,335],"product_tag":[],"class_list":{"0":"post-1981","1":"product","2":"type-product","3":"status-publish","4":"has-post-thumbnail","6":"product_cat-mleko-smietanka","7":"product_cat-nabial","8":"pa_ean-matka-1952","9":"pa_gwarancja-przydatnosci-535","10":"pa_ilosc-w-opakowaniu-374","11":"pa_jednostka-podstawowa-szt","12":"pa_kod-cn-0401-20-19","13":"pa_objetosc-brutto-1042","14":"pa_objetosc-netto-858","15":"pa_producent-sobbeke-nabial-z-mleka-krowiego","16":"pa_producent-nazwa-adres-molkerei-sobbeke-gmbh-amelandsbruckenweg-131-48599-gronau-epe","17":"pa_tagi-bez-cukru-w-skladnikach","18":"pa_tagi-bez-glutenu-w-skladnikach","19":"pa_tagi-certyfikat-bio","20":"pa_tagi-wegetarianski","22":"first","23":"instock","24":"taxable","25":"shipping-taxable","26":"purchasable","27":"product-type-simple"},"acf":[],"_links":{"self":[{"href":"https:\/\/wiejskieprzysmaki.estima.site\/en\/wp-json\/wp\/v2\/product\/1981","targetHints":{"allow":["GET"]}}],"collection":[{"href":"https:\/\/wiejskieprzysmaki.estima.site\/en\/wp-json\/wp\/v2\/product"}],"about":[{"href":"https:\/\/wiejskieprzysmaki.estima.site\/en\/wp-json\/wp\/v2\/types\/product"}],"replies":[{"embeddable":true,"href":"https:\/\/wiejskieprzysmaki.estima.site\/en\/wp-json\/wp\/v2\/comments?post=1981"}],"wp:featuredmedia":[{"embeddable":true,"href":"https:\/\/wiejskieprzysmaki.estima.site\/en\/wp-json\/wp\/v2\/media\/1982"}],"wp:attachment":[{"href":"https:\/\/wiejskieprzysmaki.estima.site\/en\/wp-json\/wp\/v2\/media?parent=1981"}],"wp:term":[{"taxonomy":"product_brand","embeddable":true,"href":"https:\/\/wiejskieprzysmaki.estima.site\/en\/wp-json\/wp\/v2\/product_brand?post=1981"},{"taxonomy":"product_cat","embeddable":true,"href":"https:\/\/wiejskieprzysmaki.estima.site\/en\/wp-json\/wp\/v2\/product_cat?post=1981"},{"taxonomy":"product_tag","embeddable":true,"href":"https:\/\/wiejskieprzysmaki.estima.site\/en\/wp-json\/wp\/v2\/product_tag?post=1981"}],"curies":[{"name":"wp","href":"https:\/\/api.w.org\/{rel}","templated":true}]}}