{"id":2013,"date":"2025-02-18T10:40:24","date_gmt":"2025-02-18T09:40:24","guid":{"rendered":"https:\/\/wiejskieprzysmaki.estima.site\/produkt\/morwa-biala-suszona-bio-100-g-bio-planet\/"},"modified":"2025-02-18T10:40:35","modified_gmt":"2025-02-18T09:40:35","slug":"morwa-biala-suszona-bio-100-g-bio-planet","status":"publish","type":"product","link":"https:\/\/wiejskieprzysmaki.estima.site\/en\/product\/morwa-biala-suszona-bio-100-g-bio-planet\/","title":{"rendered":"MORWA BIA\u0141A SUSZONA BIO 100 g &#8211; BIO PLANET"},"content":{"rendered":"<p>SK\u0141ADNIKI<br \/>ekologiczna morwa bia\u0142a suszona 100 %.<\/p>\n<p>OPIS<br \/>Suszone owoce morwy bia\u0142ej to ciekawa w smaku i po\u017cywna przek\u0105ska. Idealne r\u00f3wnie\u017c jako sk\u0142adnik sa\u0142atek, kompot\u00f3w, d\u017cem\u00f3w, marmolad, win i likier\u00f3w.  <\/p>\n<p>WARTO\u015a\u0106 OD\u017bYWCZA W 100 g<br \/>Warto\u015b\u0107 energetyczna \t1387 kJ\/328 kcal<br \/>T\u0142uszcz \t0 g<br \/>w tym kwasy t\u0142uszczowe nasycone \t0 g<br \/>W\u0119glowodany \t64 g<br \/>w tym cukry \t46 g<br \/>B\u0142onnik \t14 g<br \/>Bia\u0142ko \t11 g<br \/>S\u00f3l \t0,2 g<\/p>\n<p>ZALECANE WARUNKI PRZECHOWYWANIA<br \/>Przechowywa\u0107 w suchym i ch\u0142odnym miejscu.<\/p>","protected":false},"excerpt":{"rendered":"<p>SK\u0141ADNIKIekologiczna morwa bia\u0142a suszona 100 %. OPISSuszone owoce morwy bia\u0142ej to ciekawa w smaku i po\u017cywna przek\u0105ska. Idealne r\u00f3wnie\u017c jako sk\u0142adnik sa\u0142atek, kompot\u00f3w, d\u017cem\u00f3w, marmolad, win i likier\u00f3w. WARTO\u015a\u0106 OD\u017bYWCZA W 100 gWarto\u015b\u0107 energetyczna 1387 kJ\/328 kcalT\u0142uszcz 0 gw tym kwasy t\u0142uszczowe nasycone 0 gW\u0119glowodany 64 gw tym cukry 46 gB\u0142onnik 14 gBia\u0142ko 11 gS\u00f3l [&hellip;]<\/p>","protected":false},"featured_media":2014,"comment_status":"closed","ping_status":"open","template":"","meta":{"_acf_changed":false},"product_brand":[],"product_cat":[830],"product_tag":[],"class_list":{"0":"post-2013","1":"product","2":"type-product","3":"status-publish","4":"has-post-thumbnail","6":"product_cat-orzechy-i-owoce-suszone","7":"pa_ean-matka-899","8":"pa_gwarancja-przydatnosci-311","9":"pa_ilosc-w-opakowaniu-298","10":"pa_jednostka-podstawowa-szt","11":"pa_kod-cn-0813-40-95","12":"pa_kraj-pochodzenia-skladnikow-turcja","13":"pa_masa-netto-242","14":"pa_objetosc-brutto-201","15":"pa_producent-bio-planet-seria-fioletowa-owoce-suszone","16":"pa_producent-nazwa-adres-bio-planet-s-a-wilkowa-wies-7-05-084-leszno","17":"pa_tagi-bez-cukru-w-skladnikach","18":"pa_tagi-bez-glutenu-w-skladnikach","19":"pa_tagi-certyfikat-bio","20":"pa_tagi-weganski","21":"pa_tagi-wegetarianski","23":"first","24":"instock","25":"taxable","26":"shipping-taxable","27":"purchasable","28":"product-type-simple"},"acf":[],"_links":{"self":[{"href":"https:\/\/wiejskieprzysmaki.estima.site\/en\/wp-json\/wp\/v2\/product\/2013","targetHints":{"allow":["GET"]}}],"collection":[{"href":"https:\/\/wiejskieprzysmaki.estima.site\/en\/wp-json\/wp\/v2\/product"}],"about":[{"href":"https:\/\/wiejskieprzysmaki.estima.site\/en\/wp-json\/wp\/v2\/types\/product"}],"replies":[{"embeddable":true,"href":"https:\/\/wiejskieprzysmaki.estima.site\/en\/wp-json\/wp\/v2\/comments?post=2013"}],"wp:featuredmedia":[{"embeddable":true,"href":"https:\/\/wiejskieprzysmaki.estima.site\/en\/wp-json\/wp\/v2\/media\/2014"}],"wp:attachment":[{"href":"https:\/\/wiejskieprzysmaki.estima.site\/en\/wp-json\/wp\/v2\/media?parent=2013"}],"wp:term":[{"taxonomy":"product_brand","embeddable":true,"href":"https:\/\/wiejskieprzysmaki.estima.site\/en\/wp-json\/wp\/v2\/product_brand?post=2013"},{"taxonomy":"product_cat","embeddable":true,"href":"https:\/\/wiejskieprzysmaki.estima.site\/en\/wp-json\/wp\/v2\/product_cat?post=2013"},{"taxonomy":"product_tag","embeddable":true,"href":"https:\/\/wiejskieprzysmaki.estima.site\/en\/wp-json\/wp\/v2\/product_tag?post=2013"}],"curies":[{"name":"wp","href":"https:\/\/api.w.org\/{rel}","templated":true}]}}