{"id":2021,"date":"2025-02-18T10:40:24","date_gmt":"2025-02-18T09:40:24","guid":{"rendered":"https:\/\/wiejskieprzysmaki.estima.site\/produkt\/crunchy-owocowe-bio-250-g-bio-planet\/"},"modified":"2025-02-18T10:40:38","modified_gmt":"2025-02-18T09:40:38","slug":"crunchy-owocowe-bio-250-g-bio-planet","status":"publish","type":"product","link":"https:\/\/wiejskieprzysmaki.estima.site\/en\/product\/crunchy-owocowe-bio-250-g-bio-planet\/","title":{"rendered":"CRUNCHY OWOCOWE BIO 250 g &#8211; BIO PLANET"},"content":{"rendered":"<p>SK\u0141ADNIKI<br \/>crunchy* [p\u0142atki OWSIANE* 65 %, cukier trzcinowy*, olej kokosowy*, p\u0142atki kokosowe*, ekstrudat ry\u017cowy* (m\u0105ka ry\u017cowa pe\u0142noziarnista*), s\u00f3l morska], rodzynki su\u0142tanki* 11 % (rodzynki su\u0142tanki* 99,5 %, olej s\u0142onecznikowy*), p\u0142atki kukurydziane pe\u0142noziarniste*, chrupki ry\u017cowe* (m\u0105ka ry\u017cowa* 81 %, s\u00f3l morska, s\u0142\u00f3d J\u0118CZMIENNY*), daktyle suszone kostka* 5 % (daktyle suszone* 95 %, m\u0105ka ry\u017cowa*), figi suszone kostka* 4 % (figi suszone* 95 %, m\u0105ka ry\u017cowa*), morele suszone kostka* 2 % (morele suszone* 95 %, m\u0105ka ry\u017cowa*), \u015bliwki suszone kostka* 2 % (\u015bliwki suszone* 95 %, m\u0105ka ry\u017cowa*), chipsy kokosowe pra\u017cone* 2 %, jagody berberysu* 2 %, \u017curawina s\u0142odzona* 1 % (\u017curawina* 60 %, cukier trzcinowy*, olej s\u0142onecznikowy*) (*certyfikowany sk\u0142adnik ekologiczny).  <\/p>\n<p>OPIS<br \/>Ekologiczne crunchy owocowe to idealna propozycja na \u015bniadanie. Najlepiej sprawdza si\u0119 zalane wrz\u0105tkiem lub gotowane kilka minut.<\/p>\n<p>WARTO\u015a\u0106 OD\u017bYWCZA W 100 g<br \/>Warto\u015b\u0107 energetyczna \t1706 kJ\/406 kcal<br \/>T\u0142uszcz \t12 g<br \/>w tym kwasy t\u0142uszczowe nasycone \t8,0 g<br \/>W\u0119glowodany \t63 g<br \/>w tym cukry \t26 g<br \/>B\u0142onnik \t7,7 g<br \/>Bia\u0142ko \t7,6 g<br \/>S\u00f3l \t0,06 g<\/p>\n<p>INFORMACJA ALERGENNA<br \/>Produkt mo\u017ce zawiera\u0107: ORZESZKI ZIEMNE, ORZECHY, NASIONA SEZAMU, SOJ\u0118.<\/p>\n<p>ZALECANE WARUNKI PRZECHOWYWANIA<br \/>Przechowywa\u0107 w suchym i ch\u0142odnym miejscu.<\/p>","protected":false},"excerpt":{"rendered":"<p>SK\u0141ADNIKIcrunchy* [p\u0142atki OWSIANE* 65 %, cukier trzcinowy*, olej kokosowy*, p\u0142atki kokosowe*, ekstrudat ry\u017cowy* (m\u0105ka ry\u017cowa pe\u0142noziarnista*), s\u00f3l morska], rodzynki su\u0142tanki* 11 % (rodzynki su\u0142tanki* 99,5 %, olej s\u0142onecznikowy*), p\u0142atki kukurydziane pe\u0142noziarniste*, chrupki ry\u017cowe* (m\u0105ka ry\u017cowa* 81 %, s\u00f3l morska, s\u0142\u00f3d J\u0118CZMIENNY*), daktyle suszone kostka* 5 % (daktyle suszone* 95 %, m\u0105ka ry\u017cowa*), figi suszone kostka* [&hellip;]<\/p>","protected":false},"featured_media":2022,"comment_status":"closed","ping_status":"open","template":"","meta":{"_acf_changed":false},"product_brand":[],"product_cat":[404,265],"product_tag":[],"class_list":{"0":"post-2021","1":"product","2":"type-product","3":"status-publish","4":"has-post-thumbnail","6":"product_cat-musli-crunchy-granole","7":"product_cat-sniadaniowe","8":"pa_ean-matka-1985","9":"pa_gwarancja-przydatnosci-311","10":"pa_ilosc-w-opakowaniu-298","11":"pa_jednostka-podstawowa-szt","12":"pa_kod-cn-1904-20-99","13":"pa_kraj-pochodzenia-skladnikow-rolnictwo-ue-spoza-ue","14":"pa_masa-netto-480","15":"pa_objetosc-brutto-204","16":"pa_producent-bio-planet-seria-rozowa-platki-otreby-musli","17":"pa_producent-nazwa-adres-bio-planet-s-a-wilkowa-wies-7-05-084-leszno","18":"pa_tagi-certyfikat-bio","19":"pa_tagi-weganski","20":"pa_tagi-wegetarianski","22":"first","23":"instock","24":"taxable","25":"shipping-taxable","26":"purchasable","27":"product-type-simple"},"acf":[],"_links":{"self":[{"href":"https:\/\/wiejskieprzysmaki.estima.site\/en\/wp-json\/wp\/v2\/product\/2021","targetHints":{"allow":["GET"]}}],"collection":[{"href":"https:\/\/wiejskieprzysmaki.estima.site\/en\/wp-json\/wp\/v2\/product"}],"about":[{"href":"https:\/\/wiejskieprzysmaki.estima.site\/en\/wp-json\/wp\/v2\/types\/product"}],"replies":[{"embeddable":true,"href":"https:\/\/wiejskieprzysmaki.estima.site\/en\/wp-json\/wp\/v2\/comments?post=2021"}],"wp:featuredmedia":[{"embeddable":true,"href":"https:\/\/wiejskieprzysmaki.estima.site\/en\/wp-json\/wp\/v2\/media\/2022"}],"wp:attachment":[{"href":"https:\/\/wiejskieprzysmaki.estima.site\/en\/wp-json\/wp\/v2\/media?parent=2021"}],"wp:term":[{"taxonomy":"product_brand","embeddable":true,"href":"https:\/\/wiejskieprzysmaki.estima.site\/en\/wp-json\/wp\/v2\/product_brand?post=2021"},{"taxonomy":"product_cat","embeddable":true,"href":"https:\/\/wiejskieprzysmaki.estima.site\/en\/wp-json\/wp\/v2\/product_cat?post=2021"},{"taxonomy":"product_tag","embeddable":true,"href":"https:\/\/wiejskieprzysmaki.estima.site\/en\/wp-json\/wp\/v2\/product_tag?post=2021"}],"curies":[{"name":"wp","href":"https:\/\/api.w.org\/{rel}","templated":true}]}}