{"id":2027,"date":"2025-02-18T10:40:24","date_gmt":"2025-02-18T09:40:24","guid":{"rendered":"https:\/\/wiejskieprzysmaki.estima.site\/produkt\/kasza-manna-bio-surowiec-25-kg\/"},"modified":"2025-02-18T10:40:41","modified_gmt":"2025-02-18T09:40:41","slug":"kasza-manna-bio-surowiec-25-kg","status":"publish","type":"product","link":"https:\/\/wiejskieprzysmaki.estima.site\/en\/product\/kasza-manna-bio-surowiec-25-kg\/","title":{"rendered":"KASZA MANNA BIO (SUROWIEC) (25 kg)"},"content":{"rendered":"<p>SK\u0141ADNIKI  <br \/>ekologiczna kasza manna z PSZENICY 100 %. <\/p>\n<p>SPOS\u00d3B PRZYGOTOWANIA<br \/>Zagotowa\u0107 1\/2 l MLEKA lub wody, wsypa\u0107 3 \u0142y\u017cki sto\u0142owe kaszki. Gotowa\u0107 5-10 minut od czasu do czasu mieszaj\u0105c.<\/p>\n<p>WARTO\u015a\u0106 OD\u017bYWCZA W 100 g  <br \/>Warto\u015b\u0107 energetyczna \t1443 kJ\/340 kcal<br \/>T\u0142uszcz \t0,9 g<br \/>w tym kwasy t\u0142uszczowe nasycone \t0,2 g<br \/>W\u0119glowodany \t70 g<br \/>w tym cukry \t1,7 g<br \/>B\u0142onnik \t3,0 g<br \/>Bia\u0142ko \t12 g<br \/>S\u00f3l \t0 g<\/p>\n<p>INFORMACJA ALERGENNA<br \/>Produkt mo\u017ce zawiera\u0107 alergeny: ORZESZKI ZIEMNE, ORZECHY, NASIONA SEZAMU, SOJ\u0118.<\/p>\n<p>ZALECANE WARUNKI PRZECHOWYWANIA<br \/>Przechowywa\u0107 w suchym i ch\u0142odnym miejscu.<\/p>","protected":false},"excerpt":{"rendered":"<p>SK\u0141ADNIKI ekologiczna kasza manna z PSZENICY 100 %. SPOS\u00d3B PRZYGOTOWANIAZagotowa\u0107 1\/2 l MLEKA lub wody, wsypa\u0107 3 \u0142y\u017cki sto\u0142owe kaszki. Gotowa\u0107 5-10 minut od czasu do czasu mieszaj\u0105c. WARTO\u015a\u0106 OD\u017bYWCZA W 100 g Warto\u015b\u0107 energetyczna 1443 kJ\/340 kcalT\u0142uszcz 0,9 gw tym kwasy t\u0142uszczowe nasycone 0,2 gW\u0119glowodany 70 gw tym cukry 1,7 gB\u0142onnik 3,0 gBia\u0142ko 12 [&hellip;]<\/p>","protected":false},"featured_media":2028,"comment_status":"closed","ping_status":"open","template":"","meta":{"_acf_changed":false},"product_brand":[],"product_cat":[1987,265],"product_tag":[],"class_list":{"0":"post-2027","1":"product","2":"type-product","3":"status-publish","4":"has-post-thumbnail","6":"product_cat-kaszki","7":"product_cat-sniadaniowe","8":"pa_ean-matka-1989","9":"pa_gwarancja-przydatnosci-535","10":"pa_ilosc-w-opakowaniu-310","11":"pa_jednostka-podstawowa-kg","12":"pa_kod-cn-1103-11-90","13":"pa_kraj-pochodzenia-skladnikow-austria","14":"pa_masa-netto-209","15":"pa_producent-horeca-bio-surowce","16":"pa_producent-nazwa-adres-bio-planet-s-a-wilkowa-wies-7-05-084-leszno","17":"pa_tagi-bez-cukru-w-skladnikach","18":"pa_tagi-certyfikat-bio","19":"pa_tagi-weganski","20":"pa_tagi-wegetarianski","22":"first","23":"instock","24":"taxable","25":"shipping-taxable","26":"purchasable","27":"product-type-simple"},"acf":[],"_links":{"self":[{"href":"https:\/\/wiejskieprzysmaki.estima.site\/en\/wp-json\/wp\/v2\/product\/2027","targetHints":{"allow":["GET"]}}],"collection":[{"href":"https:\/\/wiejskieprzysmaki.estima.site\/en\/wp-json\/wp\/v2\/product"}],"about":[{"href":"https:\/\/wiejskieprzysmaki.estima.site\/en\/wp-json\/wp\/v2\/types\/product"}],"replies":[{"embeddable":true,"href":"https:\/\/wiejskieprzysmaki.estima.site\/en\/wp-json\/wp\/v2\/comments?post=2027"}],"wp:featuredmedia":[{"embeddable":true,"href":"https:\/\/wiejskieprzysmaki.estima.site\/en\/wp-json\/wp\/v2\/media\/2028"}],"wp:attachment":[{"href":"https:\/\/wiejskieprzysmaki.estima.site\/en\/wp-json\/wp\/v2\/media?parent=2027"}],"wp:term":[{"taxonomy":"product_brand","embeddable":true,"href":"https:\/\/wiejskieprzysmaki.estima.site\/en\/wp-json\/wp\/v2\/product_brand?post=2027"},{"taxonomy":"product_cat","embeddable":true,"href":"https:\/\/wiejskieprzysmaki.estima.site\/en\/wp-json\/wp\/v2\/product_cat?post=2027"},{"taxonomy":"product_tag","embeddable":true,"href":"https:\/\/wiejskieprzysmaki.estima.site\/en\/wp-json\/wp\/v2\/product_tag?post=2027"}],"curies":[{"name":"wp","href":"https:\/\/api.w.org\/{rel}","templated":true}]}}