{"id":2061,"date":"2025-02-18T10:40:42","date_gmt":"2025-02-18T09:40:42","guid":{"rendered":"https:\/\/wiejskieprzysmaki.estima.site\/produkt\/maka-orkiszowa-razowa-typ-2000-bio-1-kg-bio-planet\/"},"modified":"2025-02-18T10:40:56","modified_gmt":"2025-02-18T09:40:56","slug":"maka-orkiszowa-razowa-typ-2000-bio-1-kg-bio-planet","status":"publish","type":"product","link":"https:\/\/wiejskieprzysmaki.estima.site\/en\/product\/maka-orkiszowa-razowa-typ-2000-bio-1-kg-bio-planet\/","title":{"rendered":"M\u0104KA ORKISZOWA RAZOWA TYP 2000 BIO 1 kg &#8211; BIO PLANET"},"content":{"rendered":"<p>SK\u0141ADNIKI<br \/>ekologiczna m\u0105ka z PSZENICY ORKISZ razowa typ 2000<\/p>\n<p>OPIS<br \/>M\u0105ka ORKISZOWA razowa mo\u017ce by\u0107 stosowana samodzielnie lub w po\u0142\u0105czeniu z innymi m\u0105kami do wypieku chleba, ciast, ciastek, nale\u015bnik\u00f3w, placuszk\u00f3w i klusek.<\/p>\n<p>WARTO\u015a\u0106 OD\u017bYWCZA W 100 g<br \/>Warto\u015b\u0107 energetyczna &#8211; 1358 kJ \/ 320 kcal<br \/>T\u0142uszcz &#8211; 1,1 g<br \/>w tym kwasy t\u0142uszczowe nasycone &#8211; 0,9 g<br \/>W\u0119glowodany &#8211; 67 g<br \/>w tym cukry &#8211; 0,9 g<br \/>B\u0142onnik &#8211; 4,8 g<br \/>Bia\u0142ko &#8211; 15 g<br \/>S\u00f3l &#8211; 0 g<\/p>\n<p>INFORMACJA ALERGENNA<br \/>Produkt mo\u017ce zawiera\u0107 SOJ\u0118.<\/p>\n<p>ZALECANE WARUNKI PRZECHOWYWANIA<br \/>Przechowywa\u0107 w suchym i ch\u0142odnym miejscu.<\/p>","protected":false},"excerpt":{"rendered":"<p>SK\u0141ADNIKIekologiczna m\u0105ka z PSZENICY ORKISZ razowa typ 2000 OPISM\u0105ka ORKISZOWA razowa mo\u017ce by\u0107 stosowana samodzielnie lub w po\u0142\u0105czeniu z innymi m\u0105kami do wypieku chleba, ciast, ciastek, nale\u015bnik\u00f3w, placuszk\u00f3w i klusek. WARTO\u015a\u0106 OD\u017bYWCZA W 100 gWarto\u015b\u0107 energetyczna &#8211; 1358 kJ \/ 320 kcalT\u0142uszcz &#8211; 1,1 gw tym kwasy t\u0142uszczowe nasycone &#8211; 0,9 gW\u0119glowodany &#8211; 67 gw [&hellip;]<\/p>","protected":false},"featured_media":2062,"comment_status":"closed","ping_status":"open","template":"","meta":{"_acf_changed":false},"product_brand":[],"product_cat":[99,106],"product_tag":[],"class_list":{"0":"post-2061","1":"product","2":"type-product","3":"status-publish","4":"has-post-thumbnail","6":"product_cat-maki-i-skrobie","7":"product_cat-maki-zbozowe-z-glutenem","8":"pa_ean-matka-2015","9":"pa_ean-matka-1664","10":"pa_gwarancja-przydatnosci-762","11":"pa_ilosc-w-opakowaniu-366","12":"pa_jednostka-podstawowa-szt","13":"pa_kod-cn-1101-00-15","14":"pa_kraj-pochodzenia-skladnikow-austria","15":"pa_masa-netto-209","16":"pa_objetosc-brutto-876","17":"pa_producent-bio-planet-seria-maki-i-skrobie","18":"pa_producent-nazwa-adres-bio-planet-s-a-wilkowa-wies-7-05-084-leszno","19":"pa_tagi-bez-cukru-w-skladnikach","20":"pa_tagi-certyfikat-bio","21":"pa_tagi-weganski","22":"pa_tagi-wegetarianski","24":"first","25":"instock","26":"taxable","27":"shipping-taxable","28":"purchasable","29":"product-type-simple"},"acf":[],"_links":{"self":[{"href":"https:\/\/wiejskieprzysmaki.estima.site\/en\/wp-json\/wp\/v2\/product\/2061","targetHints":{"allow":["GET"]}}],"collection":[{"href":"https:\/\/wiejskieprzysmaki.estima.site\/en\/wp-json\/wp\/v2\/product"}],"about":[{"href":"https:\/\/wiejskieprzysmaki.estima.site\/en\/wp-json\/wp\/v2\/types\/product"}],"replies":[{"embeddable":true,"href":"https:\/\/wiejskieprzysmaki.estima.site\/en\/wp-json\/wp\/v2\/comments?post=2061"}],"wp:featuredmedia":[{"embeddable":true,"href":"https:\/\/wiejskieprzysmaki.estima.site\/en\/wp-json\/wp\/v2\/media\/2062"}],"wp:attachment":[{"href":"https:\/\/wiejskieprzysmaki.estima.site\/en\/wp-json\/wp\/v2\/media?parent=2061"}],"wp:term":[{"taxonomy":"product_brand","embeddable":true,"href":"https:\/\/wiejskieprzysmaki.estima.site\/en\/wp-json\/wp\/v2\/product_brand?post=2061"},{"taxonomy":"product_cat","embeddable":true,"href":"https:\/\/wiejskieprzysmaki.estima.site\/en\/wp-json\/wp\/v2\/product_cat?post=2061"},{"taxonomy":"product_tag","embeddable":true,"href":"https:\/\/wiejskieprzysmaki.estima.site\/en\/wp-json\/wp\/v2\/product_tag?post=2061"}],"curies":[{"name":"wp","href":"https:\/\/api.w.org\/{rel}","templated":true}]}}