{"id":2075,"date":"2025-02-18T10:41:01","date_gmt":"2025-02-18T09:41:01","guid":{"rendered":"https:\/\/wiejskieprzysmaki.estima.site\/produkt\/herbatka-dla-dzieci-owocowa-bio-20-x-2-g-40-g-apotheke\/"},"modified":"2025-02-18T10:41:03","modified_gmt":"2025-02-18T09:41:03","slug":"herbatka-dla-dzieci-owocowa-bio-20-x-2-g-40-g-apotheke","status":"publish","type":"product","link":"https:\/\/wiejskieprzysmaki.estima.site\/en\/product\/herbatka-dla-dzieci-owocowa-bio-20-x-2-g-40-g-apotheke\/","title":{"rendered":"HERBATKA DLA DZIECI &#8211; OWOCOWA BIO (20 x 2 g) 40 g &#8211; APOTHEKE"},"content":{"rendered":"<p>SK\u0141ADNIKI<br \/>owoc dzikiej r\u00f3\u017cy*, rooibos*, owoc czarnej porzeczki*, owoc bzu czarnego*, kwiat hibiskusa*, jab\u0142ko*, kwiat bzu czarnego*, korze\u0144 lukrecji*, cynamon*. (*certyfikowany sk\u0142adnik ekologiczny)<\/p>\n<p>OPIS<br \/>Dzika r\u00f3\u017ca, czarna porzeczka, bez czarny wspomagaj\u0105 prawid\u0142owe funkcjonowanie uk\u0142adu odporno\u015bciowego. <br \/>Wa\u017cne jest prowadzenie zdrowego trybu \u017cycia i zr\u00f3wnowa\u017conego sposobu \u017cywienia.<br \/>Je\u015bli s\u0142odzisz herbatk\u0119 to nie podawaj jej niemowl\u0119tom w butelce ze smoczkiem, tylko u\u017cyj kubka.<br \/>Nadmierne spo\u017cywanie napoj\u00f3w z cukrem mo\u017ce prowadzi\u0107 do nasilenia pr\u00f3chnicy. <br \/>Maksymalna dawka cukru na 1 kubek (250 ml wody) wynosi 12,5 g (maks. 5 g\/100 ml)<\/p>\n<p>SPOS\u00d3B PRZYGOTOWANIA<br \/>1 saszetk\u0119 zala\u0107 250 ml wrz\u0105cej wody, pozostawi\u0107 na 10 minut do zaparzenia. Pi\u0107 2 -3 fili\u017canki dziennie.<\/p>\n<p>ZALECANE WARUNKI PRZECHOWYWANIA <br \/>Przechowywa\u0107 w suchym i ch\u0142odnym miejscu.<\/p>","protected":false},"excerpt":{"rendered":"<p>SK\u0141ADNIKIowoc dzikiej r\u00f3\u017cy*, rooibos*, owoc czarnej porzeczki*, owoc bzu czarnego*, kwiat hibiskusa*, jab\u0142ko*, kwiat bzu czarnego*, korze\u0144 lukrecji*, cynamon*. (*certyfikowany sk\u0142adnik ekologiczny) OPISDzika r\u00f3\u017ca, czarna porzeczka, bez czarny wspomagaj\u0105 prawid\u0142owe funkcjonowanie uk\u0142adu odporno\u015bciowego. Wa\u017cne jest prowadzenie zdrowego trybu \u017cycia i zr\u00f3wnowa\u017conego sposobu \u017cywienia.Je\u015bli s\u0142odzisz herbatk\u0119 to nie podawaj jej niemowl\u0119tom w butelce ze smoczkiem, tylko [&hellip;]<\/p>","protected":false},"featured_media":2076,"comment_status":"closed","ping_status":"open","template":"","meta":{"_acf_changed":false},"product_brand":[],"product_cat":[1236,1237],"product_tag":[],"class_list":{"0":"post-2075","1":"product","2":"type-product","3":"status-publish","4":"has-post-thumbnail","6":"product_cat-produkty-dla-dzieci","7":"product_cat-zywnosc","8":"pa_ean-matka-2026","9":"pa_gwarancja-przydatnosci-311","10":"pa_ilosc-w-opakowaniu-327","11":"pa_jednostka-podstawowa-szt","12":"pa_kod-cn-2106-90-92","13":"pa_masa-netto-351","14":"pa_objetosc-brutto-1233","15":"pa_producent-apotheke-herbatki-dla-dzieci-doroslych-blonnik","16":"pa_producent-nazwa-adres-mediate-s-r-o-dolni-libchavy-325-56116-libchavy","17":"pa_tagi-bez-cukru-w-skladnikach","18":"pa_tagi-bez-glutenu-w-skladnikach","19":"pa_tagi-certyfikat-bio","20":"pa_tagi-weganski","21":"pa_tagi-wegetarianski","23":"first","24":"instock","25":"taxable","26":"shipping-taxable","27":"purchasable","28":"product-type-simple"},"acf":[],"_links":{"self":[{"href":"https:\/\/wiejskieprzysmaki.estima.site\/en\/wp-json\/wp\/v2\/product\/2075","targetHints":{"allow":["GET"]}}],"collection":[{"href":"https:\/\/wiejskieprzysmaki.estima.site\/en\/wp-json\/wp\/v2\/product"}],"about":[{"href":"https:\/\/wiejskieprzysmaki.estima.site\/en\/wp-json\/wp\/v2\/types\/product"}],"replies":[{"embeddable":true,"href":"https:\/\/wiejskieprzysmaki.estima.site\/en\/wp-json\/wp\/v2\/comments?post=2075"}],"wp:featuredmedia":[{"embeddable":true,"href":"https:\/\/wiejskieprzysmaki.estima.site\/en\/wp-json\/wp\/v2\/media\/2076"}],"wp:attachment":[{"href":"https:\/\/wiejskieprzysmaki.estima.site\/en\/wp-json\/wp\/v2\/media?parent=2075"}],"wp:term":[{"taxonomy":"product_brand","embeddable":true,"href":"https:\/\/wiejskieprzysmaki.estima.site\/en\/wp-json\/wp\/v2\/product_brand?post=2075"},{"taxonomy":"product_cat","embeddable":true,"href":"https:\/\/wiejskieprzysmaki.estima.site\/en\/wp-json\/wp\/v2\/product_cat?post=2075"},{"taxonomy":"product_tag","embeddable":true,"href":"https:\/\/wiejskieprzysmaki.estima.site\/en\/wp-json\/wp\/v2\/product_tag?post=2075"}],"curies":[{"name":"wp","href":"https:\/\/api.w.org\/{rel}","templated":true}]}}