{"id":2094,"date":"2025-02-18T10:41:01","date_gmt":"2025-02-18T09:41:01","guid":{"rendered":"https:\/\/wiejskieprzysmaki.estima.site\/produkt\/wezyki-owocowe-bez-zelatyny-bio-surowiec-10-kg\/"},"modified":"2025-02-18T10:41:09","modified_gmt":"2025-02-18T09:41:09","slug":"wezyki-owocowe-bez-zelatyny-bio-surowiec-10-kg","status":"publish","type":"product","link":"https:\/\/wiejskieprzysmaki.estima.site\/en\/product\/wezyki-owocowe-bez-zelatyny-bio-surowiec-10-kg\/","title":{"rendered":"W\u0118\u017bYKI OWOCOWE BEZ \u017bELATYNY BIO (SUROWIEC) (10 kg)"},"content":{"rendered":"<p>SK\u0141ADNIKI<br \/>cukier trzcinowy nierafinowany*, syrop glukozowy*, skrobia kukurydziana*, kwasy: kwas cytrynowy, kwas jab\u0142kowy i kwas mlekowy, koncentraty owocowe* 1,68% (wi\u015bniowy* 0,56%, ananasowy* 0,56%, jab\u0142kowy* 0,28%, pomara\u0144czowy* 0,28%), regulatory kwasowo\u015bci: cytryniany wapnia i cytryniany sodu, wyci\u0105gi ro\u015blinne barwi\u0105ce i aromatyzuj\u0105ce (z dyni*, jab\u0142ek*, marchwi*, bzu czarnego*, alg, szafranu), substancja \u017celuj\u0105ca: pektyna, naturalne aromaty (*certyfikowany sk\u0142adnik ekologiczny)<\/p>\n<p>OPIS<br \/>Ekologiczne owocowe w\u0119\u017cyki stanowi\u0105 wy\u015bmienit\u0105 przek\u0105sk\u0119 dla dzieci w szkole, w domu i na spacerze!<\/p>\n<p>WARTO\u015a\u0106 OD\u017bYWCZA W 100 g<br \/>Warto\u015b\u0107 energetyczna &#8211; 1459 kJ \/ 343 kcal<br \/>T\u0142uszcz &#8211; 0,1 g,<br \/>w tym kwasy t\u0142uszczowe nasycone &#8211; 0,1 g<br \/>W\u0119glowodany &#8211; 84 g,<br \/>w tym cukry &#8211; 56 g<br \/>B\u0142onnik &#8211; 0,3 g<br \/>Bia\u0142ko &#8211; 0,3 g<br \/>S\u00f3l &#8211; 0,2 g<\/p>\n<p>ZALECANE WARUNKI PRZECHOWYWANIA<br \/>Przechowywa\u0107 w suchym i ch\u0142odnym miejscu.<\/p>\n<p>INFORMACJA <br \/>Cyfra na ko\u0144cu nazwy surowca okre\u015bla numer brygady Bio Planet odpowiedzialnej za konfekcjonowanie tego surowca.<\/p>","protected":false},"excerpt":{"rendered":"<p>SK\u0141ADNIKIcukier trzcinowy nierafinowany*, syrop glukozowy*, skrobia kukurydziana*, kwasy: kwas cytrynowy, kwas jab\u0142kowy i kwas mlekowy, koncentraty owocowe* 1,68% (wi\u015bniowy* 0,56%, ananasowy* 0,56%, jab\u0142kowy* 0,28%, pomara\u0144czowy* 0,28%), regulatory kwasowo\u015bci: cytryniany wapnia i cytryniany sodu, wyci\u0105gi ro\u015blinne barwi\u0105ce i aromatyzuj\u0105ce (z dyni*, jab\u0142ek*, marchwi*, bzu czarnego*, alg, szafranu), substancja \u017celuj\u0105ca: pektyna, naturalne aromaty (*certyfikowany sk\u0142adnik ekologiczny) OPISEkologiczne [&hellip;]<\/p>","protected":false},"featured_media":2095,"comment_status":"closed","ping_status":"open","template":"","meta":{"_acf_changed":false},"product_brand":[],"product_cat":[1500,139],"product_tag":[],"class_list":{"0":"post-2094","1":"product","2":"type-product","3":"status-publish","4":"has-post-thumbnail","6":"product_cat-galaretki-zelki-slodycze-i-przekaski","7":"product_cat-slodycze-i-przekaski","8":"pa_ean-matka-2042","9":"pa_gwarancja-przydatnosci-320","10":"pa_ilosc-w-opakowaniu-350","11":"pa_jednostka-podstawowa-kg","12":"pa_kod-cn-1704-90-65","13":"pa_kraj-pochodzenia-skladnikow-rolnictwo-ue-spoza-ue","14":"pa_masa-netto-209","15":"pa_producent-horeca-bio-surowce","16":"pa_producent-nazwa-adres-bio-planet-s-a-wilkowa-wies-7-05-084-leszno","17":"pa_tagi-bez-glutenu-w-skladnikach","18":"pa_tagi-certyfikat-bio","19":"pa_tagi-weganski","20":"pa_tagi-wegetarianski","22":"first","23":"instock","24":"taxable","25":"shipping-taxable","26":"purchasable","27":"product-type-simple"},"acf":[],"_links":{"self":[{"href":"https:\/\/wiejskieprzysmaki.estima.site\/en\/wp-json\/wp\/v2\/product\/2094","targetHints":{"allow":["GET"]}}],"collection":[{"href":"https:\/\/wiejskieprzysmaki.estima.site\/en\/wp-json\/wp\/v2\/product"}],"about":[{"href":"https:\/\/wiejskieprzysmaki.estima.site\/en\/wp-json\/wp\/v2\/types\/product"}],"replies":[{"embeddable":true,"href":"https:\/\/wiejskieprzysmaki.estima.site\/en\/wp-json\/wp\/v2\/comments?post=2094"}],"wp:featuredmedia":[{"embeddable":true,"href":"https:\/\/wiejskieprzysmaki.estima.site\/en\/wp-json\/wp\/v2\/media\/2095"}],"wp:attachment":[{"href":"https:\/\/wiejskieprzysmaki.estima.site\/en\/wp-json\/wp\/v2\/media?parent=2094"}],"wp:term":[{"taxonomy":"product_brand","embeddable":true,"href":"https:\/\/wiejskieprzysmaki.estima.site\/en\/wp-json\/wp\/v2\/product_brand?post=2094"},{"taxonomy":"product_cat","embeddable":true,"href":"https:\/\/wiejskieprzysmaki.estima.site\/en\/wp-json\/wp\/v2\/product_cat?post=2094"},{"taxonomy":"product_tag","embeddable":true,"href":"https:\/\/wiejskieprzysmaki.estima.site\/en\/wp-json\/wp\/v2\/product_tag?post=2094"}],"curies":[{"name":"wp","href":"https:\/\/api.w.org\/{rel}","templated":true}]}}