{"id":2098,"date":"2025-02-18T10:41:01","date_gmt":"2025-02-18T09:41:01","guid":{"rendered":"https:\/\/wiejskieprzysmaki.estima.site\/produkt\/otreby-zytnie-bio-surowiec-30-kg\/"},"modified":"2025-02-18T10:41:11","modified_gmt":"2025-02-18T09:41:11","slug":"otreby-zytnie-bio-surowiec-30-kg","status":"publish","type":"product","link":"https:\/\/wiejskieprzysmaki.estima.site\/en\/product\/otreby-zytnie-bio-surowiec-30-kg\/","title":{"rendered":"OTR\u0118BY \u017bYTNIE BIO (SUROWIEC) (30 kg)"},"content":{"rendered":"<p>SK\u0141ADNIKI <br \/>ekologiczne otr\u0119by \u017bYTNIE 100 %<\/p>\n<p>OPIS<br \/>Ekologiczne otr\u0119by \u017bYTNIE, to produkt powstaj\u0105cy podczas procesu przemia\u0142u \u017bYTA na grys \u017cytni. W sk\u0142ad otr\u0105b wchodzi w g\u0142\u00f3wnej mierze zewn\u0119trzna, najbardziej warto\u015bciowa warstwa ziarna, tj. okrywa owocowo &#8211; nasienna. Otr\u0119by maj\u0105 wysok\u0105 zawarto\u015b\u0107 b\u0142onnika. Doskonale smakuj\u0105 z przetworami mlecznymi. Polecamy r\u00f3wnie\u017c, jako dodatek do zup, sa\u0142atek i sos\u00f3w. Otr\u0119by przed spo\u017cyciem zalecamy podda\u0107 kr\u00f3tkotrwa\u0142ej obr\u00f3bce cieplnej.\t\t\t<\/p>\n<p>WARTO\u015a\u0106 OD\u017bYWCZA W 100 g<br \/>Warto\u015b\u0107 energetyczna \t1157 kJ\/278 kcal<br \/>T\u0142uszcz \t4,0 g<br \/>w tym kwasy t\u0142uszczowe nasycone \t1,0 g<br \/>W\u0119glowodany \t26 g<br \/>w tym cukry \t3,0 g<br \/>B\u0142onnik \t39 g<br \/>Bia\u0142ko \t15 g<br \/>S\u00f3l \t0 g<\/p>\n<p>INFORMACJA ALERGENNA<br \/>Produkt mo\u017ce zawiera\u0107: ORZESZKI ZIEMNE, ORZECHY, NASIONA SEZAMU, SOJ\u0118.<\/p>\n<p>ZALECANE WARUNKI PRZECHOWYWANIA  <br \/>Przechowywa\u0107 w suchym i ch\u0142odnym miejscu<\/p>","protected":false},"excerpt":{"rendered":"<p>SK\u0141ADNIKI ekologiczne otr\u0119by \u017bYTNIE 100 % OPISEkologiczne otr\u0119by \u017bYTNIE, to produkt powstaj\u0105cy podczas procesu przemia\u0142u \u017bYTA na grys \u017cytni. W sk\u0142ad otr\u0105b wchodzi w g\u0142\u00f3wnej mierze zewn\u0119trzna, najbardziej warto\u015bciowa warstwa ziarna, tj. okrywa owocowo &#8211; nasienna. Otr\u0119by maj\u0105 wysok\u0105 zawarto\u015b\u0107 b\u0142onnika. Doskonale smakuj\u0105 z przetworami mlecznymi. Polecamy r\u00f3wnie\u017c, jako dodatek do zup, sa\u0142atek i sos\u00f3w. [&hellip;]<\/p>","protected":false},"featured_media":404,"comment_status":"closed","ping_status":"open","template":"","meta":{"_acf_changed":false},"product_brand":[],"product_cat":[326,265],"product_tag":[],"class_list":{"0":"post-2098","1":"product","2":"type-product","3":"status-publish","4":"has-post-thumbnail","6":"product_cat-otreby-zbozowe","7":"product_cat-sniadaniowe","8":"pa_ean-matka-2044","9":"pa_gwarancja-przydatnosci-324","10":"pa_ilosc-w-opakowaniu-322","11":"pa_jednostka-podstawowa-kg","12":"pa_kod-cn-2302-40-90","13":"pa_kraj-pochodzenia-skladnikow-republika-czeska","14":"pa_masa-netto-209","15":"pa_producent-horeca-bio-surowce","16":"pa_producent-nazwa-adres-bio-planet-s-a-wilkowa-wies-7-05-084-leszno","17":"pa_tagi-bez-cukru-w-skladnikach","18":"pa_tagi-certyfikat-bio","19":"pa_tagi-weganski","20":"pa_tagi-wegetarianski","22":"first","23":"instock","24":"taxable","25":"shipping-taxable","26":"purchasable","27":"product-type-simple"},"acf":[],"_links":{"self":[{"href":"https:\/\/wiejskieprzysmaki.estima.site\/en\/wp-json\/wp\/v2\/product\/2098","targetHints":{"allow":["GET"]}}],"collection":[{"href":"https:\/\/wiejskieprzysmaki.estima.site\/en\/wp-json\/wp\/v2\/product"}],"about":[{"href":"https:\/\/wiejskieprzysmaki.estima.site\/en\/wp-json\/wp\/v2\/types\/product"}],"replies":[{"embeddable":true,"href":"https:\/\/wiejskieprzysmaki.estima.site\/en\/wp-json\/wp\/v2\/comments?post=2098"}],"wp:featuredmedia":[{"embeddable":true,"href":"https:\/\/wiejskieprzysmaki.estima.site\/en\/wp-json\/wp\/v2\/media\/404"}],"wp:attachment":[{"href":"https:\/\/wiejskieprzysmaki.estima.site\/en\/wp-json\/wp\/v2\/media?parent=2098"}],"wp:term":[{"taxonomy":"product_brand","embeddable":true,"href":"https:\/\/wiejskieprzysmaki.estima.site\/en\/wp-json\/wp\/v2\/product_brand?post=2098"},{"taxonomy":"product_cat","embeddable":true,"href":"https:\/\/wiejskieprzysmaki.estima.site\/en\/wp-json\/wp\/v2\/product_cat?post=2098"},{"taxonomy":"product_tag","embeddable":true,"href":"https:\/\/wiejskieprzysmaki.estima.site\/en\/wp-json\/wp\/v2\/product_tag?post=2098"}],"curies":[{"name":"wp","href":"https:\/\/api.w.org\/{rel}","templated":true}]}}