{"id":2099,"date":"2025-02-18T10:41:01","date_gmt":"2025-02-18T09:41:01","guid":{"rendered":"https:\/\/wiejskieprzysmaki.estima.site\/produkt\/chrzan-tarty-bio-180-g-runoland\/"},"modified":"2025-02-18T10:41:11","modified_gmt":"2025-02-18T09:41:11","slug":"chrzan-tarty-bio-180-g-runoland","status":"publish","type":"product","link":"https:\/\/wiejskieprzysmaki.estima.site\/en\/product\/chrzan-tarty-bio-180-g-runoland\/","title":{"rendered":"CHRZAN TARTY BIO 180 g &#8211; RUNOLAND"},"content":{"rendered":"<p>SK\u0141ADNIKI <br \/>korze\u0144 chrzanu* (82 %), woda, s\u00f3l, kwas askorbinowy &#8211; regulator kwasowo\u015bci, olej rzepakowy*, sok z cytryny*. (*certyfikowany sk\u0142adnik ekologiczny)<\/p>\n<p>OPIS <br \/>Produkt niepasteryzowany. <\/p>\n<p>WARTO\u015a\u0106 OD\u017bYWCZA W 100 g <br \/>Warto\u015b\u0107 energetyczna &#8211; 306 kJ\/73 kcal  <br \/>T\u0142uszcz &#8211; 1,2 g  <br \/>w tym kwasy t\u0142uszczowe nasycone &#8211; 0,1 g  <br \/>W\u0119glowodany &#8211; 15 g  <br \/>w tym cukry &#8211; 4,8 g  <br \/>Bia\u0142ko &#8211; 3,7 g  <br \/>S\u00f3l &#8211; 0,9 g<\/p>\n<p>ZALECANE WARUNKI PRZECHOWYWANIA <br \/>Przechowywa\u0107 w temperaturze +4\u00b0C<\/p>","protected":false},"excerpt":{"rendered":"<p>SK\u0141ADNIKI korze\u0144 chrzanu* (82 %), woda, s\u00f3l, kwas askorbinowy &#8211; regulator kwasowo\u015bci, olej rzepakowy*, sok z cytryny*. (*certyfikowany sk\u0142adnik ekologiczny) OPIS Produkt niepasteryzowany. WARTO\u015a\u0106 OD\u017bYWCZA W 100 g Warto\u015b\u0107 energetyczna &#8211; 306 kJ\/73 kcal T\u0142uszcz &#8211; 1,2 g w tym kwasy t\u0142uszczowe nasycone &#8211; 0,1 g W\u0119glowodany &#8211; 15 g w tym cukry &#8211; 4,8 [&hellip;]<\/p>","protected":false},"featured_media":2100,"comment_status":"closed","ping_status":"open","template":"","meta":{"_acf_changed":false},"product_brand":[],"product_cat":[274,1117],"product_tag":[],"class_list":{"0":"post-2099","1":"product","2":"type-product","3":"status-publish","4":"has-post-thumbnail","6":"product_cat-lodowka-inne","7":"product_cat-warzywa-i-owoce-przetworzone","8":"pa_ean-matka-2046","9":"pa_gwarancja-przydatnosci-535","10":"pa_ilosc-w-opakowaniu-298","11":"pa_jednostka-podstawowa-szt","12":"pa_kod-cn-2005-99-80","13":"pa_kraj-pochodzenia-skladnikow-polska","14":"pa_masa-netto-432","15":"pa_objetosc-brutto-2045","16":"pa_producent-runoland-grzyby-zupy-przetwory","17":"pa_producent-nazwa-adres-runoland-sp-z-organiczona-odpowiedzialnoscia-sp-j-podwale-11-56-200-gora","18":"pa_tagi-bez-cukru-w-skladnikach","19":"pa_tagi-bez-glutenu-w-skladnikach","20":"pa_tagi-certyfikat-bio","21":"pa_tagi-weganski","22":"pa_tagi-wegetarianski","24":"first","25":"instock","26":"taxable","27":"shipping-taxable","28":"purchasable","29":"product-type-simple"},"acf":[],"_links":{"self":[{"href":"https:\/\/wiejskieprzysmaki.estima.site\/en\/wp-json\/wp\/v2\/product\/2099","targetHints":{"allow":["GET"]}}],"collection":[{"href":"https:\/\/wiejskieprzysmaki.estima.site\/en\/wp-json\/wp\/v2\/product"}],"about":[{"href":"https:\/\/wiejskieprzysmaki.estima.site\/en\/wp-json\/wp\/v2\/types\/product"}],"replies":[{"embeddable":true,"href":"https:\/\/wiejskieprzysmaki.estima.site\/en\/wp-json\/wp\/v2\/comments?post=2099"}],"wp:featuredmedia":[{"embeddable":true,"href":"https:\/\/wiejskieprzysmaki.estima.site\/en\/wp-json\/wp\/v2\/media\/2100"}],"wp:attachment":[{"href":"https:\/\/wiejskieprzysmaki.estima.site\/en\/wp-json\/wp\/v2\/media?parent=2099"}],"wp:term":[{"taxonomy":"product_brand","embeddable":true,"href":"https:\/\/wiejskieprzysmaki.estima.site\/en\/wp-json\/wp\/v2\/product_brand?post=2099"},{"taxonomy":"product_cat","embeddable":true,"href":"https:\/\/wiejskieprzysmaki.estima.site\/en\/wp-json\/wp\/v2\/product_cat?post=2099"},{"taxonomy":"product_tag","embeddable":true,"href":"https:\/\/wiejskieprzysmaki.estima.site\/en\/wp-json\/wp\/v2\/product_tag?post=2099"}],"curies":[{"name":"wp","href":"https:\/\/api.w.org\/{rel}","templated":true}]}}