{"id":2112,"date":"2025-02-18T10:41:15","date_gmt":"2025-02-18T09:41:15","guid":{"rendered":"https:\/\/wiejskieprzysmaki.estima.site\/produkt\/amarantus-ekspandowany-bio-surowiec-11-kg\/"},"modified":"2025-02-18T10:41:16","modified_gmt":"2025-02-18T09:41:16","slug":"amarantus-ekspandowany-bio-surowiec-11-kg","status":"publish","type":"product","link":"https:\/\/wiejskieprzysmaki.estima.site\/en\/product\/amarantus-ekspandowany-bio-surowiec-11-kg\/","title":{"rendered":"AMARANTUS EKSPANDOWANY BIO (SUROWIEC) (11 kg)"},"content":{"rendered":"<p>SK\u0141ADNIKI<br \/>ekologiczny amarantus ekspandowany 100 %.<\/p>\n<p>OPIS<br \/>Ekologiczny amarantus jest jedn\u0105 z najstarszych i najbardziej po\u017cywnych ro\u015blin (pseudozb\u00f3\u017c) uprawianych na \u015bwiecie. Amarantus ekspandowany (popping) jest gotowym produktem do bezpo\u015bredniego spo\u017cycia. Polecamy jako dodatek do jogurtu, MLEKA, napoju ro\u015blinnego, deseru, sa\u0142atki czy zupy krem. Idealny r\u00f3wnie\u017c do nale\u015bnik\u00f3w, ciasta, kotlet\u00f3w warzywnych lub jako panierka.\t\t\t<\/p>\n<p>WARTO\u015a\u0106 OD\u017bYWCZA W 100 g<br \/>Warto\u015b\u0107 energetyczna \t1626 kJ\/385 kcal<br \/>T\u0142uszcz \t7,1 g<br \/>w tym kwasy t\u0142uszczowe nasycone \t1,5 g<br \/>W\u0119glowodany \t65 g<br \/>w tym cukry \t1,7 g<br \/>B\u0142onnik \t2,5 g<br \/>Bia\u0142ko \t14 g<br \/>S\u00f3l \t0,01 g<\/p>\n<p>INFORMACJA ALERGENNA<br \/>Produkt mo\u017ce zawiera\u0107: ZBO\u017bA ZAWIERAJ\u0104CE GLUTEN, ORZESZKI ZIEMNE, ORZECHY, NASIONA SEZAMU, SOJ\u0118.\t<\/p>\n<p>ZALECANE WARUNKI PRZECHOWYWANIA<br \/>Przechowywa\u0107 w suchym i ch\u0142odnym miejscu.<\/p>","protected":false},"excerpt":{"rendered":"<p>SK\u0141ADNIKIekologiczny amarantus ekspandowany 100 %. OPISEkologiczny amarantus jest jedn\u0105 z najstarszych i najbardziej po\u017cywnych ro\u015blin (pseudozb\u00f3\u017c) uprawianych na \u015bwiecie. Amarantus ekspandowany (popping) jest gotowym produktem do bezpo\u015bredniego spo\u017cycia. Polecamy jako dodatek do jogurtu, MLEKA, napoju ro\u015blinnego, deseru, sa\u0142atki czy zupy krem. Idealny r\u00f3wnie\u017c do nale\u015bnik\u00f3w, ciasta, kotlet\u00f3w warzywnych lub jako panierka. WARTO\u015a\u0106 OD\u017bYWCZA W 100 [&hellip;]<\/p>","protected":false},"featured_media":2113,"comment_status":"closed","ping_status":"open","template":"","meta":{"_acf_changed":false},"product_brand":[],"product_cat":[266,265],"product_tag":[],"class_list":{"0":"post-2112","1":"product","2":"type-product","3":"status-publish","4":"has-post-thumbnail","6":"product_cat-nasiona-ekspandowane","7":"product_cat-sniadaniowe","8":"pa_ean-matka-2055","9":"pa_gwarancja-przydatnosci-311","10":"pa_ilosc-w-opakowaniu-2054","11":"pa_jednostka-podstawowa-kg","12":"pa_kod-cn-1904-10-90","13":"pa_kraj-pochodzenia-skladnikow-indie","14":"pa_masa-netto-209","15":"pa_producent-horeca-bio-surowce","16":"pa_producent-nazwa-adres-bio-planet-s-a-wilkowa-wies-7-05-084-leszno","17":"pa_tagi-bez-cukru-w-skladnikach","18":"pa_tagi-bez-glutenu-w-skladnikach","19":"pa_tagi-certyfikat-bio","20":"pa_tagi-weganski","21":"pa_tagi-wegetarianski","23":"first","24":"instock","25":"taxable","26":"shipping-taxable","27":"purchasable","28":"product-type-simple"},"acf":[],"_links":{"self":[{"href":"https:\/\/wiejskieprzysmaki.estima.site\/en\/wp-json\/wp\/v2\/product\/2112","targetHints":{"allow":["GET"]}}],"collection":[{"href":"https:\/\/wiejskieprzysmaki.estima.site\/en\/wp-json\/wp\/v2\/product"}],"about":[{"href":"https:\/\/wiejskieprzysmaki.estima.site\/en\/wp-json\/wp\/v2\/types\/product"}],"replies":[{"embeddable":true,"href":"https:\/\/wiejskieprzysmaki.estima.site\/en\/wp-json\/wp\/v2\/comments?post=2112"}],"wp:featuredmedia":[{"embeddable":true,"href":"https:\/\/wiejskieprzysmaki.estima.site\/en\/wp-json\/wp\/v2\/media\/2113"}],"wp:attachment":[{"href":"https:\/\/wiejskieprzysmaki.estima.site\/en\/wp-json\/wp\/v2\/media?parent=2112"}],"wp:term":[{"taxonomy":"product_brand","embeddable":true,"href":"https:\/\/wiejskieprzysmaki.estima.site\/en\/wp-json\/wp\/v2\/product_brand?post=2112"},{"taxonomy":"product_cat","embeddable":true,"href":"https:\/\/wiejskieprzysmaki.estima.site\/en\/wp-json\/wp\/v2\/product_cat?post=2112"},{"taxonomy":"product_tag","embeddable":true,"href":"https:\/\/wiejskieprzysmaki.estima.site\/en\/wp-json\/wp\/v2\/product_tag?post=2112"}],"curies":[{"name":"wp","href":"https:\/\/api.w.org\/{rel}","templated":true}]}}