{"id":2114,"date":"2025-02-18T10:41:15","date_gmt":"2025-02-18T09:41:15","guid":{"rendered":"https:\/\/wiejskieprzysmaki.estima.site\/produkt\/otreby-orkiszowe-bio-150-g-bio-planet\/"},"modified":"2025-02-18T10:41:17","modified_gmt":"2025-02-18T09:41:17","slug":"otreby-orkiszowe-bio-150-g-bio-planet","status":"publish","type":"product","link":"https:\/\/wiejskieprzysmaki.estima.site\/en\/product\/otreby-orkiszowe-bio-150-g-bio-planet\/","title":{"rendered":"OTR\u0118BY ORKISZOWE BIO 150 g &#8211; BIO PLANET"},"content":{"rendered":"<p>SK\u0141ADNIKI<br \/>ekologiczne otr\u0119by z PSZENICY ORKISZ 100 %.<\/p>\n<p>OPIS<br \/>Ekologiczne otr\u0119by ORKISZOWE powstaj\u0105 podczas procesu przemia\u0142u ORKISZU na grys orkiszowy. W sk\u0142ad otr\u0105b wchodzi g\u0142\u00f3wnie zewn\u0119trzna, najbardziej warto\u015bciowa warstwa ziarna. Otr\u0119by s\u0105 doskona\u0142ym \u017ar\u00f3d\u0142em b\u0142onnika. Doskonale smakuj\u0105 z przetworami mlecznymi. Mog\u0105 stanowi\u0107 dodatek do musli, p\u0142atk\u00f3w, zup, sa\u0142atek i sos\u00f3w. Polecamy r\u00f3wnie\u017c wykorzystanie otr\u0105b w domowych wypiekach i potrawach m\u0105cznych. Otr\u0119by przed spo\u017cyciem zalecamy podda\u0107 kr\u00f3tkotrwa\u0142ej obr\u00f3bce cieplnej. \t\t\t<\/p>\n<p>WARTO\u015a\u0106 OD\u017bYWCZA W 100 g<br \/>Warto\u015b\u0107 energetyczna \t1203 kJ\/287 kcal<br \/>T\u0142uszcz \t6,4 g<br \/>w tym kwasy t\u0142uszczowe nasycone \t1,1 g<br \/>W\u0119glowodany \t22 g<br \/>w tym cukry \t0,4 g<br \/>B\u0142onnik \t38 g<br \/>Bia\u0142ko \t17 g<br \/>S\u00f3l \t0,01 g<\/p>\n<p>INFORMACJA ALERGENNA<br \/>Produkt mo\u017ce zawiera\u0107: ORZESZKI ZIEMNE, ORZECHY, NASIONA SEZAMU, SOJ\u0118.<\/p>\n<p>ZALECANE WARUNKI PRZECHOWYWANIA<br \/>Przechowywa\u0107 w suchym i ch\u0142odnym miejscu.<\/p>","protected":false},"excerpt":{"rendered":"<p>SK\u0141ADNIKIekologiczne otr\u0119by z PSZENICY ORKISZ 100 %. OPISEkologiczne otr\u0119by ORKISZOWE powstaj\u0105 podczas procesu przemia\u0142u ORKISZU na grys orkiszowy. W sk\u0142ad otr\u0105b wchodzi g\u0142\u00f3wnie zewn\u0119trzna, najbardziej warto\u015bciowa warstwa ziarna. Otr\u0119by s\u0105 doskona\u0142ym \u017ar\u00f3d\u0142em b\u0142onnika. Doskonale smakuj\u0105 z przetworami mlecznymi. Mog\u0105 stanowi\u0107 dodatek do musli, p\u0142atk\u00f3w, zup, sa\u0142atek i sos\u00f3w. Polecamy r\u00f3wnie\u017c wykorzystanie otr\u0105b w domowych wypiekach [&hellip;]<\/p>","protected":false},"featured_media":2115,"comment_status":"closed","ping_status":"open","template":"","meta":{"_acf_changed":false},"product_brand":[],"product_cat":[326,265],"product_tag":[],"class_list":{"0":"post-2114","1":"product","2":"type-product","3":"status-publish","4":"has-post-thumbnail","6":"product_cat-otreby-zbozowe","7":"product_cat-sniadaniowe","8":"pa_ean-matka-2056","9":"pa_gwarancja-przydatnosci-311","10":"pa_ilosc-w-opakowaniu-298","11":"pa_jednostka-podstawowa-szt","12":"pa_kod-cn-2302-30-90","13":"pa_kraj-pochodzenia-skladnikow-republika-czeska","14":"pa_masa-netto-197","15":"pa_objetosc-brutto-204","16":"pa_producent-bio-planet-seria-rozowa-platki-otreby-musli","17":"pa_producent-nazwa-adres-bio-planet-s-a-wilkowa-wies-7-05-084-leszno","18":"pa_tagi-bez-cukru-w-skladnikach","19":"pa_tagi-certyfikat-bio","20":"pa_tagi-weganski","21":"pa_tagi-wegetarianski","23":"first","24":"instock","25":"taxable","26":"shipping-taxable","27":"purchasable","28":"product-type-simple"},"acf":[],"_links":{"self":[{"href":"https:\/\/wiejskieprzysmaki.estima.site\/en\/wp-json\/wp\/v2\/product\/2114","targetHints":{"allow":["GET"]}}],"collection":[{"href":"https:\/\/wiejskieprzysmaki.estima.site\/en\/wp-json\/wp\/v2\/product"}],"about":[{"href":"https:\/\/wiejskieprzysmaki.estima.site\/en\/wp-json\/wp\/v2\/types\/product"}],"replies":[{"embeddable":true,"href":"https:\/\/wiejskieprzysmaki.estima.site\/en\/wp-json\/wp\/v2\/comments?post=2114"}],"wp:featuredmedia":[{"embeddable":true,"href":"https:\/\/wiejskieprzysmaki.estima.site\/en\/wp-json\/wp\/v2\/media\/2115"}],"wp:attachment":[{"href":"https:\/\/wiejskieprzysmaki.estima.site\/en\/wp-json\/wp\/v2\/media?parent=2114"}],"wp:term":[{"taxonomy":"product_brand","embeddable":true,"href":"https:\/\/wiejskieprzysmaki.estima.site\/en\/wp-json\/wp\/v2\/product_brand?post=2114"},{"taxonomy":"product_cat","embeddable":true,"href":"https:\/\/wiejskieprzysmaki.estima.site\/en\/wp-json\/wp\/v2\/product_cat?post=2114"},{"taxonomy":"product_tag","embeddable":true,"href":"https:\/\/wiejskieprzysmaki.estima.site\/en\/wp-json\/wp\/v2\/product_tag?post=2114"}],"curies":[{"name":"wp","href":"https:\/\/api.w.org\/{rel}","templated":true}]}}