{"id":2126,"date":"2025-02-18T10:41:15","date_gmt":"2025-02-18T09:41:15","guid":{"rendered":"https:\/\/wiejskieprzysmaki.estima.site\/produkt\/herbatka-odkwaszajaca-bio-50-g-dary-natury\/"},"modified":"2025-02-18T10:41:22","modified_gmt":"2025-02-18T09:41:22","slug":"herbatka-odkwaszajaca-bio-50-g-dary-natury","status":"publish","type":"product","link":"https:\/\/wiejskieprzysmaki.estima.site\/en\/product\/herbatka-odkwaszajaca-bio-50-g-dary-natury\/","title":{"rendered":"HERBATKA ODKWASZAJ\u0104CA BIO 50 g &#8211; DARY NATURY"},"content":{"rendered":"<p>SK\u0141ADNIKI<br \/>pokrzywa li\u015b\u0107*, owoc r\u00f3\u017cy*, trawa cytrynowa*, sza\u0142wia*, lukrecja*, koper w\u0142oski*, li\u015b\u0107 maliny*, li\u015b\u0107 podagrycznika*, ziele hyzopu*, nasiona marchwi*, korze\u0144 marchwi*.  (*certyfikowany sk\u0142adnik ekologiczny)<\/p>\n<p>SPOS\u00d3B U\u017bYCIA<br \/>Jedn\u0105 \u0142y\u017ceczk\u0119 zala\u0107 szklank\u0105 wrz\u0105tku i pozostawi\u0107 pod przykryciem do zaparzenia na oko\u0142o 10-15 minut. Pi\u0107 1-2 razy dziennie.<\/p>\n<p>ZALECANE WARUNKI PRZECHOWYWANIA<br \/>Przechowywa\u0107 w suchym miejscu  <\/p>","protected":false},"excerpt":{"rendered":"<p>SK\u0141ADNIKIpokrzywa li\u015b\u0107*, owoc r\u00f3\u017cy*, trawa cytrynowa*, sza\u0142wia*, lukrecja*, koper w\u0142oski*, li\u015b\u0107 maliny*, li\u015b\u0107 podagrycznika*, ziele hyzopu*, nasiona marchwi*, korze\u0144 marchwi*. (*certyfikowany sk\u0142adnik ekologiczny) SPOS\u00d3B U\u017bYCIAJedn\u0105 \u0142y\u017ceczk\u0119 zala\u0107 szklank\u0105 wrz\u0105tku i pozostawi\u0107 pod przykryciem do zaparzenia na oko\u0142o 10-15 minut. Pi\u0107 1-2 razy dziennie. ZALECANE WARUNKI PRZECHOWYWANIAPrzechowywa\u0107 w suchym miejscu<\/p>","protected":false},"featured_media":2127,"comment_status":"closed","ping_status":"open","template":"","meta":{"_acf_changed":false},"product_brand":[],"product_cat":[282,478],"product_tag":[],"class_list":{"0":"post-2126","1":"product","2":"type-product","3":"status-publish","4":"has-post-thumbnail","6":"product_cat-herbaty-i-ziola","7":"product_cat-ziolowe-owocowe-mieszanki","8":"pa_ean-matka-2066","9":"pa_gwarancja-przydatnosci-1922","10":"pa_ilosc-w-opakowaniu-1287","11":"pa_jednostka-podstawowa-szt","12":"pa_kod-cn-2106-90-98","13":"pa_kraj-pochodzenia-skladnikow-polska","14":"pa_masa-netto-461","15":"pa_objetosc-brutto-2065","16":"pa_producent-dary-natury-herbatki","17":"pa_producent-nazwa-adres-miroslaw-angielczyk-dary-natury-koryciny-73-17-315-grodzisk","18":"pa_tagi-bez-cukru-w-skladnikach","19":"pa_tagi-bez-glutenu-w-skladnikach","20":"pa_tagi-certyfikat-bio","21":"pa_tagi-weganski","22":"pa_tagi-wegetarianski","24":"first","25":"instock","26":"taxable","27":"shipping-taxable","28":"purchasable","29":"product-type-simple"},"acf":[],"_links":{"self":[{"href":"https:\/\/wiejskieprzysmaki.estima.site\/en\/wp-json\/wp\/v2\/product\/2126","targetHints":{"allow":["GET"]}}],"collection":[{"href":"https:\/\/wiejskieprzysmaki.estima.site\/en\/wp-json\/wp\/v2\/product"}],"about":[{"href":"https:\/\/wiejskieprzysmaki.estima.site\/en\/wp-json\/wp\/v2\/types\/product"}],"replies":[{"embeddable":true,"href":"https:\/\/wiejskieprzysmaki.estima.site\/en\/wp-json\/wp\/v2\/comments?post=2126"}],"wp:featuredmedia":[{"embeddable":true,"href":"https:\/\/wiejskieprzysmaki.estima.site\/en\/wp-json\/wp\/v2\/media\/2127"}],"wp:attachment":[{"href":"https:\/\/wiejskieprzysmaki.estima.site\/en\/wp-json\/wp\/v2\/media?parent=2126"}],"wp:term":[{"taxonomy":"product_brand","embeddable":true,"href":"https:\/\/wiejskieprzysmaki.estima.site\/en\/wp-json\/wp\/v2\/product_brand?post=2126"},{"taxonomy":"product_cat","embeddable":true,"href":"https:\/\/wiejskieprzysmaki.estima.site\/en\/wp-json\/wp\/v2\/product_cat?post=2126"},{"taxonomy":"product_tag","embeddable":true,"href":"https:\/\/wiejskieprzysmaki.estima.site\/en\/wp-json\/wp\/v2\/product_tag?post=2126"}],"curies":[{"name":"wp","href":"https:\/\/api.w.org\/{rel}","templated":true}]}}