{"id":2136,"date":"2025-02-18T10:41:15","date_gmt":"2025-02-18T09:41:15","guid":{"rendered":"https:\/\/wiejskieprzysmaki.estima.site\/produkt\/krem-z-prazonych-orzechow-nerkowca-bio-250-g-terrasana\/"},"modified":"2025-02-18T10:41:26","modified_gmt":"2025-02-18T09:41:26","slug":"krem-z-prazonych-orzechow-nerkowca-bio-250-g-terrasana","status":"publish","type":"product","link":"https:\/\/wiejskieprzysmaki.estima.site\/en\/product\/krem-z-prazonych-orzechow-nerkowca-bio-250-g-terrasana\/","title":{"rendered":"KREM Z PRA\u017bONYCH ORZECH\u00d3W NERKOWCA BIO 250 g &#8211; TERRASANA"},"content":{"rendered":"<p>SK\u0141ADNIKI<br \/>100 % pra\u017cone ORZECHY NERKOWCA*. (*certyfikowany sk\u0142adnik ekologiczny)<\/p>\n<p>OPIS<br \/>\u0179r\u00f3d\u0142o bia\u0142ka. \t<\/p>\n<p>WARTO\u015a\u0106 OD\u017bYWCZA W 100 g<br \/>Warto\u015b\u0107 energetyczna &#8211; 2595 kJ\/627 kcal  <br \/>T\u0142uszcz &#8211; 51,6 g  <br \/>w tym nasycone kwasy t\u0142uszczowe &#8211; 9,2 g  <br \/>W\u0119glowodany &#8211; 15 g  <br \/>w tym cukry &#8211; 0 g  <br \/>B\u0142onnik &#8211; 8,3 g<br \/>Bia\u0142ko &#8211; 21,5 g  <br \/>S\u00f3l &#8211; 0,02 g<\/p>\n<p>UWAGA  <br \/>Mimo do\u0142o\u017cenia wszelkich stara\u0144 produkt mo\u017ce zawiera\u0107 kawa\u0142ki \u0142upin i skorupek.<br \/>Warstwa oleju na wierzchu nie \u015bwiadczy o z\u0142ej jako\u015bci produktu. <br \/>Przed spo\u017cyciem krem nale\u017cy dobrze wymiesza\u0107. <\/p>\n<p>INFORMACJA ALERGENNA<br \/>Mo\u017ce zawiera\u0107 ORZESZKI ZIEMNE, ORZECHY laskowe, MIGDA\u0141Y i nasiona sezamu.<\/p>\n<p>ZALECANE WARUNKI PRZECHOWYWANIA  <br \/>Przechowywa\u0107 w suchym i ch\u0142odnym miejscu.<\/p>","protected":false},"excerpt":{"rendered":"<p>SK\u0141ADNIKI100 % pra\u017cone ORZECHY NERKOWCA*. (*certyfikowany sk\u0142adnik ekologiczny) OPIS\u0179r\u00f3d\u0142o bia\u0142ka. WARTO\u015a\u0106 OD\u017bYWCZA W 100 gWarto\u015b\u0107 energetyczna &#8211; 2595 kJ\/627 kcal T\u0142uszcz &#8211; 51,6 g w tym nasycone kwasy t\u0142uszczowe &#8211; 9,2 g W\u0119glowodany &#8211; 15 g w tym cukry &#8211; 0 g B\u0142onnik &#8211; 8,3 gBia\u0142ko &#8211; 21,5 g S\u00f3l &#8211; 0,02 g UWAGA Mimo [&hellip;]<\/p>","protected":false},"featured_media":2137,"comment_status":"closed","ping_status":"open","template":"","meta":{"_acf_changed":false},"product_brand":[],"product_cat":[734],"product_tag":[],"class_list":{"0":"post-2136","1":"product","2":"type-product","3":"status-publish","4":"has-post-thumbnail","6":"product_cat-kremy-orzechowe-czekoladowe-tahini","7":"pa_ean-matka-2072","8":"pa_gwarancja-przydatnosci-311","9":"pa_ilosc-w-opakowaniu-298","10":"pa_jednostka-podstawowa-szt","11":"pa_kod-cn-2008-19-92","12":"pa_kraj-pochodzenia-skladnikow-turcja","13":"pa_masa-netto-480","14":"pa_objetosc-brutto-1206","15":"pa_producent-terrasana-kremy-makarony-sosy-sojowe-inne","16":"pa_producent-nazwa-adres-terrasana-natuurvoeding-b-v-waaier-10-2451-leimuiden","17":"pa_tagi-bez-cukru-w-skladnikach","18":"pa_tagi-bez-glutenu-w-skladnikach","19":"pa_tagi-certyfikat-bio","20":"pa_tagi-weganski","21":"pa_tagi-wegetarianski","23":"first","24":"instock","25":"taxable","26":"shipping-taxable","27":"purchasable","28":"product-type-simple"},"acf":[],"_links":{"self":[{"href":"https:\/\/wiejskieprzysmaki.estima.site\/en\/wp-json\/wp\/v2\/product\/2136","targetHints":{"allow":["GET"]}}],"collection":[{"href":"https:\/\/wiejskieprzysmaki.estima.site\/en\/wp-json\/wp\/v2\/product"}],"about":[{"href":"https:\/\/wiejskieprzysmaki.estima.site\/en\/wp-json\/wp\/v2\/types\/product"}],"replies":[{"embeddable":true,"href":"https:\/\/wiejskieprzysmaki.estima.site\/en\/wp-json\/wp\/v2\/comments?post=2136"}],"wp:featuredmedia":[{"embeddable":true,"href":"https:\/\/wiejskieprzysmaki.estima.site\/en\/wp-json\/wp\/v2\/media\/2137"}],"wp:attachment":[{"href":"https:\/\/wiejskieprzysmaki.estima.site\/en\/wp-json\/wp\/v2\/media?parent=2136"}],"wp:term":[{"taxonomy":"product_brand","embeddable":true,"href":"https:\/\/wiejskieprzysmaki.estima.site\/en\/wp-json\/wp\/v2\/product_brand?post=2136"},{"taxonomy":"product_cat","embeddable":true,"href":"https:\/\/wiejskieprzysmaki.estima.site\/en\/wp-json\/wp\/v2\/product_cat?post=2136"},{"taxonomy":"product_tag","embeddable":true,"href":"https:\/\/wiejskieprzysmaki.estima.site\/en\/wp-json\/wp\/v2\/product_tag?post=2136"}],"curies":[{"name":"wp","href":"https:\/\/api.w.org\/{rel}","templated":true}]}}