{"id":2142,"date":"2025-02-18T10:41:15","date_gmt":"2025-02-18T09:41:15","guid":{"rendered":"https:\/\/wiejskieprzysmaki.estima.site\/produkt\/pesto-genovese-sos-bazyliowy-bio-130-g-alce-nero\/"},"modified":"2025-02-18T10:41:28","modified_gmt":"2025-02-18T09:41:28","slug":"pesto-genovese-sos-bazyliowy-bio-130-g-alce-nero","status":"publish","type":"product","link":"https:\/\/wiejskieprzysmaki.estima.site\/en\/product\/pesto-genovese-sos-bazyliowy-bio-130-g-alce-nero\/","title":{"rendered":"PESTO GENOVESE (SOS BAZYLIOWY) BIO 130 g &#8211; ALCE NERO"},"content":{"rendered":"<p>SK\u0141ADNIKI <br \/>pasta bazyliowa* 46 % (bazylia* 41 %, olej s\u0142onecznikowy*, s\u00f3l), olej s\u0142onecznikowy*, oliwa z oliwek extra virgin*, ORZECHY NERKOWCA*, SER parmezan Parmigiano Reggiano D.O.P* 2,5 % (MLEKO krowie*, s\u00f3l, podpuszczka), SER pecorino* (MLEKO owcze*, podpuszczka, s\u00f3l), s\u00f3l, orzeszki piniowe* 0,9 %, czosnek* (*certyfikowany sk\u0142adnik ekologiczny)<\/p>\n<p>OPIS<br \/>Ekologiczny sos bazyliowy Pesto Genovese. Nale\u017cy go jedynie doda\u0107 do makaronu, tworz\u0105c w ten spos\u00f3b w\u0142oski posi\u0142ek.<\/p>\n<p>WARTO\u015a\u0106 OD\u017bYWCZA W 100 g<br \/>Warto\u015b\u0107 energetyczna: 1940 kJ \/ 462 kcal <br \/>T\u0142uszcz: 47 g <br \/>w tym kwasy t\u0142uszczowe nasycone: 6,7 g <br \/>W\u0119glowodany: 5,1 g <br \/>w tym cukry: 2,7 g <br \/>B\u0142onnnik: 1,0 g <br \/>Bia\u0142ko: 4,2 g <br \/>S\u00f3l: 2,7 g<\/p>\n<p>ZALECANE WARUNKI RPZECHOWYWANIA<br \/>Po otwarciu przechowywa\u0107 w lod\u00f3wce i spo\u017cy\u0107 w ci\u0105gu 3-4 dni. <\/p>","protected":false},"excerpt":{"rendered":"<p>SK\u0141ADNIKI pasta bazyliowa* 46 % (bazylia* 41 %, olej s\u0142onecznikowy*, s\u00f3l), olej s\u0142onecznikowy*, oliwa z oliwek extra virgin*, ORZECHY NERKOWCA*, SER parmezan Parmigiano Reggiano D.O.P* 2,5 % (MLEKO krowie*, s\u00f3l, podpuszczka), SER pecorino* (MLEKO owcze*, podpuszczka, s\u00f3l), s\u00f3l, orzeszki piniowe* 0,9 %, czosnek* (*certyfikowany sk\u0142adnik ekologiczny) OPISEkologiczny sos bazyliowy Pesto Genovese. Nale\u017cy go jedynie doda\u0107 [&hellip;]<\/p>","protected":false},"featured_media":2143,"comment_status":"closed","ping_status":"open","template":"","meta":{"_acf_changed":false},"product_brand":[],"product_cat":[1992,94],"product_tag":[],"class_list":{"0":"post-2142","1":"product","2":"type-product","3":"status-publish","4":"has-post-thumbnail","6":"product_cat-inne-sosy","7":"product_cat-sosy","8":"pa_ean-matka-2075","9":"pa_gwarancja-przydatnosci-522","10":"pa_ilosc-w-opakowaniu-298","11":"pa_jednostka-podstawowa-szt","12":"pa_kod-cn-2103-90-90","13":"pa_kraj-pochodzenia-skladnikow-turcja","14":"pa_masa-netto-1849","15":"pa_objetosc-brutto-1990","16":"pa_producent-alce-nero-wloskie-produkty","17":"pa_producent-nazwa-adres-alce-nero-s-p-a-via-palazzetti-5c-40068-san-lazzaro-di-savena-bo","18":"pa_tagi-bez-cukru-w-skladnikach","19":"pa_tagi-bez-glutenu-w-skladnikach","20":"pa_tagi-certyfikat-bio","21":"pa_tagi-wegetarianski","23":"first","24":"instock","25":"taxable","26":"shipping-taxable","27":"purchasable","28":"product-type-simple"},"acf":[],"_links":{"self":[{"href":"https:\/\/wiejskieprzysmaki.estima.site\/en\/wp-json\/wp\/v2\/product\/2142","targetHints":{"allow":["GET"]}}],"collection":[{"href":"https:\/\/wiejskieprzysmaki.estima.site\/en\/wp-json\/wp\/v2\/product"}],"about":[{"href":"https:\/\/wiejskieprzysmaki.estima.site\/en\/wp-json\/wp\/v2\/types\/product"}],"replies":[{"embeddable":true,"href":"https:\/\/wiejskieprzysmaki.estima.site\/en\/wp-json\/wp\/v2\/comments?post=2142"}],"wp:featuredmedia":[{"embeddable":true,"href":"https:\/\/wiejskieprzysmaki.estima.site\/en\/wp-json\/wp\/v2\/media\/2143"}],"wp:attachment":[{"href":"https:\/\/wiejskieprzysmaki.estima.site\/en\/wp-json\/wp\/v2\/media?parent=2142"}],"wp:term":[{"taxonomy":"product_brand","embeddable":true,"href":"https:\/\/wiejskieprzysmaki.estima.site\/en\/wp-json\/wp\/v2\/product_brand?post=2142"},{"taxonomy":"product_cat","embeddable":true,"href":"https:\/\/wiejskieprzysmaki.estima.site\/en\/wp-json\/wp\/v2\/product_cat?post=2142"},{"taxonomy":"product_tag","embeddable":true,"href":"https:\/\/wiejskieprzysmaki.estima.site\/en\/wp-json\/wp\/v2\/product_tag?post=2142"}],"curies":[{"name":"wp","href":"https:\/\/api.w.org\/{rel}","templated":true}]}}