{"id":2148,"date":"2025-02-18T10:41:31","date_gmt":"2025-02-18T09:41:31","guid":{"rendered":"https:\/\/wiejskieprzysmaki.estima.site\/produkt\/pestki-dyni-ciemnozielone-bio-1-kg-bio-planet\/"},"modified":"2025-02-18T10:41:32","modified_gmt":"2025-02-18T09:41:32","slug":"pestki-dyni-ciemnozielone-bio-1-kg-bio-planet","status":"publish","type":"product","link":"https:\/\/wiejskieprzysmaki.estima.site\/en\/product\/pestki-dyni-ciemnozielone-bio-1-kg-bio-planet\/","title":{"rendered":"PESTKI DYNI CIEMNOZIELONE BIO 1 kg &#8211; BIO PLANET"},"content":{"rendered":"<p>SK\u0141ADNIKI<br \/>ekologiczne pestki dyni ciemnozielone 100 %.<\/p>\n<p>OPIS<br \/>Ekologiczne pestki dyni to wy\u015bmienita przek\u0105ska dla ka\u017cdego. Doskonale sprawdzaj\u0105 si\u0119 w codziennej kuchni. Mo\u017cna je dodawa\u0107 do sa\u0142atek, zup lub posypywa\u0107 desery. \t\t\t<\/p>\n<p>WARTO\u015a\u0106 OD\u017bYWCZA W 100 g<br \/>Warto\u015b\u0107 energetyczna \t2454 kJ\/593 kcal<br \/>T\u0142uszcz \t49 g<br \/>w tym kwasy t\u0142uszczowe nasycone \t8,7 g<br \/>W\u0119glowodany \t4,7 g<br \/>w tym cukry \t1,4 g<br \/>B\u0142onnik \t6,0 g<br \/>Bia\u0142ko \t30 g<br \/>S\u00f3l \t0,02 g<\/p>\n<p>ZALECANE WARUNKI PRZECHOWYWANIA<br \/>Przechowywa\u0107 w suchym i ch\u0142odnym miejscu.<\/p>","protected":false},"excerpt":{"rendered":"<p>SK\u0141ADNIKIekologiczne pestki dyni ciemnozielone 100 %. OPISEkologiczne pestki dyni to wy\u015bmienita przek\u0105ska dla ka\u017cdego. Doskonale sprawdzaj\u0105 si\u0119 w codziennej kuchni. Mo\u017cna je dodawa\u0107 do sa\u0142atek, zup lub posypywa\u0107 desery. WARTO\u015a\u0106 OD\u017bYWCZA W 100 gWarto\u015b\u0107 energetyczna 2454 kJ\/593 kcalT\u0142uszcz 49 gw tym kwasy t\u0142uszczowe nasycone 8,7 gW\u0119glowodany 4,7 gw tym cukry 1,4 gB\u0142onnik 6,0 gBia\u0142ko 30 [&hellip;]<\/p>","protected":false},"featured_media":2149,"comment_status":"closed","ping_status":"open","template":"","meta":{"_acf_changed":false},"product_brand":[],"product_cat":[151],"product_tag":[],"class_list":{"0":"post-2148","1":"product","2":"type-product","3":"status-publish","4":"has-post-thumbnail","6":"product_cat-nasiona-i-ziarna","7":"pa_ean-matka-2078","8":"pa_gwarancja-przydatnosci-324","9":"pa_ilosc-w-opakowaniu-298","10":"pa_jednostka-podstawowa-szt","11":"pa_kod-cn-1207-99-96","12":"pa_kraj-pochodzenia-skladnikow-chiny","13":"pa_masa-netto-209","14":"pa_objetosc-brutto-513","15":"pa_producent-bio-planet-seria-brazowa-orzechy-i-pestki","16":"pa_producent-nazwa-adres-bio-planet-s-a-wilkowa-wies-7-05-084-leszno","17":"pa_tagi-bez-cukru-w-skladnikach","18":"pa_tagi-bez-glutenu-w-skladnikach","19":"pa_tagi-certyfikat-bio","20":"pa_tagi-weganski","21":"pa_tagi-wegetarianski","23":"first","24":"instock","25":"taxable","26":"shipping-taxable","27":"purchasable","28":"product-type-simple"},"acf":[],"_links":{"self":[{"href":"https:\/\/wiejskieprzysmaki.estima.site\/en\/wp-json\/wp\/v2\/product\/2148","targetHints":{"allow":["GET"]}}],"collection":[{"href":"https:\/\/wiejskieprzysmaki.estima.site\/en\/wp-json\/wp\/v2\/product"}],"about":[{"href":"https:\/\/wiejskieprzysmaki.estima.site\/en\/wp-json\/wp\/v2\/types\/product"}],"replies":[{"embeddable":true,"href":"https:\/\/wiejskieprzysmaki.estima.site\/en\/wp-json\/wp\/v2\/comments?post=2148"}],"wp:featuredmedia":[{"embeddable":true,"href":"https:\/\/wiejskieprzysmaki.estima.site\/en\/wp-json\/wp\/v2\/media\/2149"}],"wp:attachment":[{"href":"https:\/\/wiejskieprzysmaki.estima.site\/en\/wp-json\/wp\/v2\/media?parent=2148"}],"wp:term":[{"taxonomy":"product_brand","embeddable":true,"href":"https:\/\/wiejskieprzysmaki.estima.site\/en\/wp-json\/wp\/v2\/product_brand?post=2148"},{"taxonomy":"product_cat","embeddable":true,"href":"https:\/\/wiejskieprzysmaki.estima.site\/en\/wp-json\/wp\/v2\/product_cat?post=2148"},{"taxonomy":"product_tag","embeddable":true,"href":"https:\/\/wiejskieprzysmaki.estima.site\/en\/wp-json\/wp\/v2\/product_tag?post=2148"}],"curies":[{"name":"wp","href":"https:\/\/api.w.org\/{rel}","templated":true}]}}