{"id":2165,"date":"2025-02-18T10:41:31","date_gmt":"2025-02-18T09:41:31","guid":{"rendered":"https:\/\/wiejskieprzysmaki.estima.site\/produkt\/smarowidlo-roslinne-omega-3-bio-250-g-vitaquell\/"},"modified":"2025-02-18T10:41:38","modified_gmt":"2025-02-18T09:41:38","slug":"smarowidlo-roslinne-omega-3-bio-250-g-vitaquell","status":"publish","type":"product","link":"https:\/\/wiejskieprzysmaki.estima.site\/en\/product\/smarowidlo-roslinne-omega-3-bio-250-g-vitaquell\/","title":{"rendered":"SMAROWID\u0141O RO\u015aLINNE (OMEGA-3) BIO 250 g &#8211; VITAQUELL"},"content":{"rendered":"<p>SK\u0141ADNIKI<br \/>olej rzepakowy* (44 %), woda, t\u0142uszcze ro\u015blinne* (olej palmowy*, olej kokosowy*), emulgator: guma arabska*, olej z ORZECH\u00d3W W\u0141OSKICH* (2,5 %), koncentrat soku z marchwi*, koncentrat soku z cytryny*, s\u00f3l morska (0,11 %). (*certyfikowany sk\u0142adnik ekologiczny)<\/p>\n<p>OPIS<br \/>T\u0142uszcze do smarowania 70 %.<br \/>Doskona\u0142y zamiennik MAS\u0141A, idealny do smarowania pieczywa, gotowania, sma\u017cenia i pieczenia.<br \/>Wysoka zawarto\u015b\u0107 witaminy E.<br \/>Wysoka zawarto\u015b\u0107 kwas\u00f3w t\u0142uszczowych omega-3.<br \/>Kwas alfa-linolenowy (ALA) pomaga w utrzymaniu prawid\u0142owego poziomu cholesterolu we krwi. Korzystne dzia\u0142anie wyst\u0119puje w przypadku spo\u017cywania 2 g ALA dziennie. <br \/>Produkt ma nisk\u0105 zawarto\u015b\u0107 sodu, a ograniczenie spo\u017cycia sodu pomaga w utrzymaniu prawid\u0142owego ci\u015bnienia krwi. <br \/>Zr\u00f3wnowa\u017cony spos\u00f3b \u017cywienia oraz zdrowy styl \u017cycia s\u0105 niezb\u0119dne do prawid\u0142owego funkcjonowania organizmu.<\/p>\n<p>WARTO\u015a\u0106 OD\u017bYWCZA W 100 g<br \/>Warto\u015b\u0107 energetyczna: 2612 kJ\/635 kcal <br \/>T\u0142uszcz: 70 g <br \/>w tym kwasy t\u0142uszczowe nasycone: 20 g <br \/>kwasy t\u0142uszczowe jednonienasycone: 34 g <br \/>kwasy t\u0142uszczowe wielonienasycone: 16 g <br \/>W\u0119glowodany: &lt;0,5 g <br \/>w tym cukry: &lt;0,5 g <br \/>B\u0142onnik: 2,4 g <br \/>Bia\u0142ko: 0 g <br \/>S\u00f3l: 0,11 g <br \/>Witamina E: 12 mg (100 %)** <br \/>Kwas alfa-linolenowy (ALA) z grupy omega-3: 3,8 g<br \/>** dzienna referencyjna warto\u015b\u0107 spo\u017cycia witaminy E (dla osoby doros\u0142ej)<\/p>\n<p>ZALECANE WARUNKI PRZECHOWYWANIA <br \/>Przechowywa\u0107 w lod\u00f3wce.<\/p>","protected":false},"excerpt":{"rendered":"<p>SK\u0141ADNIKIolej rzepakowy* (44 %), woda, t\u0142uszcze ro\u015blinne* (olej palmowy*, olej kokosowy*), emulgator: guma arabska*, olej z ORZECH\u00d3W W\u0141OSKICH* (2,5 %), koncentrat soku z marchwi*, koncentrat soku z cytryny*, s\u00f3l morska (0,11 %). (*certyfikowany sk\u0142adnik ekologiczny) OPIST\u0142uszcze do smarowania 70 %.Doskona\u0142y zamiennik MAS\u0141A, idealny do smarowania pieczywa, gotowania, sma\u017cenia i pieczenia.Wysoka zawarto\u015b\u0107 witaminy E.Wysoka zawarto\u015b\u0107 kwas\u00f3w [&hellip;]<\/p>","protected":false},"featured_media":2166,"comment_status":"closed","ping_status":"open","template":"","meta":{"_acf_changed":false},"product_brand":[],"product_cat":[274,728],"product_tag":[],"class_list":{"0":"post-2165","1":"product","2":"type-product","3":"status-publish","4":"has-post-thumbnail","6":"product_cat-lodowka-inne","7":"product_cat-margaryny","8":"pa_ean-matka-2091","9":"pa_gwarancja-przydatnosci-535","10":"pa_ilosc-w-opakowaniu-374","11":"pa_jednostka-podstawowa-szt","12":"pa_kod-cn-1517-10-90","13":"pa_kraj-pochodzenia-skladnikow-turcja","14":"pa_masa-netto-480","15":"pa_objetosc-brutto-725","16":"pa_producent-vitaquell-margaryny-majonezy-inne","17":"pa_producent-nazwa-adres-fauser-vitaquellwerk-kg-postfach-54-06-29-22506-hamburg","18":"pa_tagi-bez-cukru-w-skladnikach","19":"pa_tagi-bez-glutenu-w-skladnikach","20":"pa_tagi-certyfikat-bio","21":"pa_tagi-weganski","22":"pa_tagi-wegetarianski","24":"first","25":"instock","26":"taxable","27":"shipping-taxable","28":"purchasable","29":"product-type-simple"},"acf":[],"_links":{"self":[{"href":"https:\/\/wiejskieprzysmaki.estima.site\/en\/wp-json\/wp\/v2\/product\/2165","targetHints":{"allow":["GET"]}}],"collection":[{"href":"https:\/\/wiejskieprzysmaki.estima.site\/en\/wp-json\/wp\/v2\/product"}],"about":[{"href":"https:\/\/wiejskieprzysmaki.estima.site\/en\/wp-json\/wp\/v2\/types\/product"}],"replies":[{"embeddable":true,"href":"https:\/\/wiejskieprzysmaki.estima.site\/en\/wp-json\/wp\/v2\/comments?post=2165"}],"wp:featuredmedia":[{"embeddable":true,"href":"https:\/\/wiejskieprzysmaki.estima.site\/en\/wp-json\/wp\/v2\/media\/2166"}],"wp:attachment":[{"href":"https:\/\/wiejskieprzysmaki.estima.site\/en\/wp-json\/wp\/v2\/media?parent=2165"}],"wp:term":[{"taxonomy":"product_brand","embeddable":true,"href":"https:\/\/wiejskieprzysmaki.estima.site\/en\/wp-json\/wp\/v2\/product_brand?post=2165"},{"taxonomy":"product_cat","embeddable":true,"href":"https:\/\/wiejskieprzysmaki.estima.site\/en\/wp-json\/wp\/v2\/product_cat?post=2165"},{"taxonomy":"product_tag","embeddable":true,"href":"https:\/\/wiejskieprzysmaki.estima.site\/en\/wp-json\/wp\/v2\/product_tag?post=2165"}],"curies":[{"name":"wp","href":"https:\/\/api.w.org\/{rel}","templated":true}]}}