{"id":2175,"date":"2025-02-18T10:41:31","date_gmt":"2025-02-18T09:41:31","guid":{"rendered":"https:\/\/wiejskieprzysmaki.estima.site\/produkt\/makaron-semolinowy-lasagne-bio-250-g-la-bio-idea\/"},"modified":"2025-02-18T10:41:43","modified_gmt":"2025-02-18T09:41:43","slug":"makaron-semolinowy-lasagne-bio-250-g-la-bio-idea","status":"publish","type":"product","link":"https:\/\/wiejskieprzysmaki.estima.site\/en\/product\/makaron-semolinowy-lasagne-bio-250-g-la-bio-idea\/","title":{"rendered":"MAKARON (SEMOLINOWY) LASAGNE BIO 250 g &#8211; LA BIO IDEA"},"content":{"rendered":"<p>SK\u0141ADNIKI<br \/>semolina (m\u0105ka z PSZENICY durum*), woda. (*certyfikowany sk\u0142adnik ekologiczny)<\/p>\n<p>OPIS<br \/>Makaron w postaci du\u017cych, prostok\u0105tnych p\u0142at\u00f3w do przygotowania lasagne<\/p>\n<p>SPOS\u00d3B PRZYGOTOWANIA<br \/>Nie wymaga wst\u0119pnego gotowania. Na nat\u0142uszczonej blaszce u\u0142o\u017cy\u0107 warstw\u0119 lasagne, zala\u0107 sosem beszamelowym lub pomidorowym i tak kolejno uk\u0142ada\u0107 warstwy. G\u00f3rna warstwa musi by\u0107 ca\u0142kowicie przykryta sosem i serem. Piec w piekarniku w temperaturze 200\u2103 przez 30 min.<\/p>\n<p>Propozycja podania:<br \/>Przygotuj dodatkowo: 2 \u0142y\u017cki oliwy z oliwek, 60 g MAS\u0141A, 4 \u0142y\u017cki m\u0105ki, 600 ml MLEKA, 1 du\u017ca cebula pokrojona w kostk\u0119, 1 z\u0105bek czosnku krojony, 120 g marchwi pokrojonej w kostk\u0119, 2 \u0142odygi selera pokrojone, 1 puszka soczewicy, 400 g pomidor\u00f3w pokrojonych, 70 g przecieru pomidorowego, 2 \u0142y\u017cki pietruszki, 200 g startego parmezanu. <\/p>\n<p>1.Przygotuj sos beszamel, rozpuszczaj\u0105c MAS\u0141O w rondlu, ubijaj\u0105c przesian\u0105 m\u0105k\u0119 z mas\u0142em, a\u017c si\u0119 po\u0142\u0105czy. Dodaj zimne MLEKO i mieszaj, a\u017c sos si\u0119 ugotuje. Wy\u0142\u0105cz ogie\u0144, gdy sos b\u0119dzie g\u0142adki. Dodaj s\u00f3l i pieprz do smaku. <br \/>2.Podsma\u017c cebul\u0119, czosnek i przecier pomidorowy na oleju, a\u017c kolor przecieru stanie si\u0119 ja\u015bniejszy. Dodaj warzywa, soczewic\u0119 i pokrojone pomidory. Przykryj i gotuj na wolnym ogniu przez 15 minut. <br \/>3.Nasmaruj olejem prostok\u0105tne naczynie do pieczenia i uk\u0142adaj warstwami lasagne, sos beszamel, lasagne, nadzienie, a\u017c wykorzystasz wszystkie sk\u0142adniki. Przykryj serem i wstaw naczynie do piekarnika nagrzanego do 200\u2103 na 30 minut. <\/p>\n<p>WARTO\u015a\u0106 OD\u017bYWCZA W 100 g <br \/>Warto\u015b\u0107 energetyczna &#8211; 1490 kJ \/ 352 kcal <br \/>T\u0142uszcz &#8211; 1,5 g <br \/>w tym nasycone kwasy t\u0142uszczowe &#8211; 0,3 g <br \/>W\u0119glowodany &#8211; 72 g <br \/>w tym cukry &#8211; 3,2 g <br \/>B\u0142onnik &#8211; 3,0 g <br \/>Bia\u0142ko &#8211; 12 g <br \/>S\u00f3l &#8211; 0 g<\/p>\n<p>INFORMACJA ALERGENNA<br \/>Mo\u017ce zawiera\u0107 JAJA, SOJ\u0118, gorczyc\u0119. <\/p>\n<p>ZALECANE WARUNKI PRZECHOWYWANIA<br \/>Przechowywa\u0107 w suchym i ch\u0142odnym miejscu<\/p>","protected":false},"excerpt":{"rendered":"<p>SK\u0141ADNIKIsemolina (m\u0105ka z PSZENICY durum*), woda. (*certyfikowany sk\u0142adnik ekologiczny) OPISMakaron w postaci du\u017cych, prostok\u0105tnych p\u0142at\u00f3w do przygotowania lasagne SPOS\u00d3B PRZYGOTOWANIANie wymaga wst\u0119pnego gotowania. Na nat\u0142uszczonej blaszce u\u0142o\u017cy\u0107 warstw\u0119 lasagne, zala\u0107 sosem beszamelowym lub pomidorowym i tak kolejno uk\u0142ada\u0107 warstwy. G\u00f3rna warstwa musi by\u0107 ca\u0142kowicie przykryta sosem i serem. Piec w piekarniku w temperaturze 200\u2103 przez [&hellip;]<\/p>","protected":false},"featured_media":2176,"comment_status":"closed","ping_status":"open","template":"","meta":{"_acf_changed":false},"product_brand":[],"product_cat":[1162,1246],"product_tag":[],"class_list":{"0":"post-2175","1":"product","2":"type-product","3":"status-publish","4":"has-post-thumbnail","6":"product_cat-makarony","7":"product_cat-zbozowe-z-glutenem","8":"pa_ean-matka-2099","9":"pa_ilosc-w-opakowaniu-374","10":"pa_jednostka-podstawowa-szt","11":"pa_kod-cn-1902-19-10","12":"pa_kraj-pochodzenia-skladnikow-wlochy","13":"pa_masa-netto-480","14":"pa_objetosc-brutto-2098","15":"pa_producent-la-bio-idea-makarony-straczkowesosy-pomidorowe","16":"pa_producent-nazwa-adres-do-it-consumer-products-bv-hermesweg-7-3771-nd-barneveld","17":"pa_tagi-bez-cukru-w-skladnikach","18":"pa_tagi-certyfikat-bio","19":"pa_tagi-weganski","20":"pa_tagi-wegetarianski","22":"first","23":"instock","24":"taxable","25":"shipping-taxable","26":"purchasable","27":"product-type-simple"},"acf":[],"_links":{"self":[{"href":"https:\/\/wiejskieprzysmaki.estima.site\/en\/wp-json\/wp\/v2\/product\/2175","targetHints":{"allow":["GET"]}}],"collection":[{"href":"https:\/\/wiejskieprzysmaki.estima.site\/en\/wp-json\/wp\/v2\/product"}],"about":[{"href":"https:\/\/wiejskieprzysmaki.estima.site\/en\/wp-json\/wp\/v2\/types\/product"}],"replies":[{"embeddable":true,"href":"https:\/\/wiejskieprzysmaki.estima.site\/en\/wp-json\/wp\/v2\/comments?post=2175"}],"wp:featuredmedia":[{"embeddable":true,"href":"https:\/\/wiejskieprzysmaki.estima.site\/en\/wp-json\/wp\/v2\/media\/2176"}],"wp:attachment":[{"href":"https:\/\/wiejskieprzysmaki.estima.site\/en\/wp-json\/wp\/v2\/media?parent=2175"}],"wp:term":[{"taxonomy":"product_brand","embeddable":true,"href":"https:\/\/wiejskieprzysmaki.estima.site\/en\/wp-json\/wp\/v2\/product_brand?post=2175"},{"taxonomy":"product_cat","embeddable":true,"href":"https:\/\/wiejskieprzysmaki.estima.site\/en\/wp-json\/wp\/v2\/product_cat?post=2175"},{"taxonomy":"product_tag","embeddable":true,"href":"https:\/\/wiejskieprzysmaki.estima.site\/en\/wp-json\/wp\/v2\/product_tag?post=2175"}],"curies":[{"name":"wp","href":"https:\/\/api.w.org\/{rel}","templated":true}]}}