{"id":2191,"date":"2025-02-18T10:41:48","date_gmt":"2025-02-18T09:41:48","guid":{"rendered":"https:\/\/wiejskieprzysmaki.estima.site\/produkt\/kasza-orkiszowa-bio-500-g-bio-planet\/"},"modified":"2025-02-20T15:25:41","modified_gmt":"2025-02-20T14:25:41","slug":"kasza-orkiszowa-bio-500-g-bio-planet","status":"publish","type":"product","link":"https:\/\/wiejskieprzysmaki.estima.site\/en\/product\/kasza-orkiszowa-bio-500-g-bio-planet\/","title":{"rendered":"KASZA ORKISZOWA BIO 500 g &#8211; BIO PLANET"},"content":{"rendered":"<p>SK\u0141ADNIKI<br \/>ekologiczna kasza z PSZENICY ORKISZ 100 %. <\/p>\n<p>OPIS<br \/>Ekologiczna kasza ORKISZOWA otrzymana z ob\u0142uszczonego ziarna orkiszu. Ma \u0142agodny smak, jest wyj\u0105tkowo po\u017cywna i na d\u0142ugo daje uczucie syto\u015bci. Polecamy jako baz\u0119 ciep\u0142ego \u015bniadania, obiadu lub kolacji, na s\u0142odko lub s\u0142ono oraz do zag\u0119szczania zup i potraw jednogarnkowych. <\/p>\n<p>SPOS\u00d3B PRZYGOTOWANIA<br \/>uprzednio kr\u00f3tko namoczon\u0105 kasz\u0119 gotowa\u0107 w osolonej wodzie w proporcji 1:2 (1 porcja kaszy na 2 porcje wody) na ma\u0142ym ogniu ok. 25 min. \t\t\t<\/p>\n<p>WARTO\u015a\u0106 OD\u017bYWCZA W 100 g<br \/>Warto\u015b\u0107 energetyczna \t1437 kJ\/340 kcal<br \/>T\u0142uszcz \t2,4 g<br \/>w tym kwasy t\u0142uszczowe nasycone \t0,8 g<br \/>W\u0119glowodany \t66 g<br \/>w tym cukry \t2,3 g<br \/>B\u0142onnik \t7,0 g<br \/>Bia\u0142ko \t10 g<br \/>S\u00f3l \t0,02 g<\/p>\n<p>INFORMACJA ALERGENNA<br \/>Produkt mo\u017ce zawiera\u0107 alergeny: ORZESZKI ZIEMNE, ORZECHY, SEZAM, SOJ\u0118.<\/p>\n<p>ZALECANE WARUNKI PRZECHOWYWANIA<br \/>Przechowywa\u0107 w suchym i ch\u0142odnym miejscu.<\/p>","protected":false},"excerpt":{"rendered":"<p>SK\u0141ADNIKIekologiczna kasza z PSZENICY ORKISZ 100 %. OPISEkologiczna kasza ORKISZOWA otrzymana z ob\u0142uszczonego ziarna orkiszu. Ma \u0142agodny smak, jest wyj\u0105tkowo po\u017cywna i na d\u0142ugo daje uczucie syto\u015bci. Polecamy jako baz\u0119 ciep\u0142ego \u015bniadania, obiadu lub kolacji, na s\u0142odko lub s\u0142ono oraz do zag\u0119szczania zup i potraw jednogarnkowych. SPOS\u00d3B PRZYGOTOWANIAuprzednio kr\u00f3tko namoczon\u0105 kasz\u0119 gotowa\u0107 w osolonej wodzie [&hellip;]<\/p>","protected":false},"featured_media":583,"comment_status":"closed","ping_status":"open","template":"","meta":{"_acf_changed":false},"product_brand":[],"product_cat":[313],"product_tag":[],"class_list":{"0":"post-2191","1":"product","2":"type-product","3":"status-publish","4":"has-post-thumbnail","6":"product_cat-ryze-i-kasze","7":"pa_ean-matka-555","8":"pa_gwarancja-przydatnosci-324","9":"pa_ilosc-w-opakowaniu-298","10":"pa_jednostka-podstawowa-szt","11":"pa_kod-cn-1103-11-90","12":"pa_kraj-pochodzenia-skladnikow-polska","13":"pa_masa-netto-347","14":"pa_objetosc-brutto-221","15":"pa_producent-bio-planet-seria-niebieska-ryze-kasze-ziarna","16":"pa_producent-nazwa-adres-bio-planet-s-a-wilkowa-wies-7-05-084-leszno","17":"pa_tagi-bez-cukru-w-skladnikach","18":"pa_tagi-certyfikat-bio","19":"pa_tagi-weganski","20":"pa_tagi-wegetarianski","22":"first","23":"instock","24":"taxable","25":"shipping-taxable","26":"purchasable","27":"product-type-simple"},"acf":[],"_links":{"self":[{"href":"https:\/\/wiejskieprzysmaki.estima.site\/en\/wp-json\/wp\/v2\/product\/2191","targetHints":{"allow":["GET"]}}],"collection":[{"href":"https:\/\/wiejskieprzysmaki.estima.site\/en\/wp-json\/wp\/v2\/product"}],"about":[{"href":"https:\/\/wiejskieprzysmaki.estima.site\/en\/wp-json\/wp\/v2\/types\/product"}],"replies":[{"embeddable":true,"href":"https:\/\/wiejskieprzysmaki.estima.site\/en\/wp-json\/wp\/v2\/comments?post=2191"}],"wp:featuredmedia":[{"embeddable":true,"href":"https:\/\/wiejskieprzysmaki.estima.site\/en\/wp-json\/wp\/v2\/media\/583"}],"wp:attachment":[{"href":"https:\/\/wiejskieprzysmaki.estima.site\/en\/wp-json\/wp\/v2\/media?parent=2191"}],"wp:term":[{"taxonomy":"product_brand","embeddable":true,"href":"https:\/\/wiejskieprzysmaki.estima.site\/en\/wp-json\/wp\/v2\/product_brand?post=2191"},{"taxonomy":"product_cat","embeddable":true,"href":"https:\/\/wiejskieprzysmaki.estima.site\/en\/wp-json\/wp\/v2\/product_cat?post=2191"},{"taxonomy":"product_tag","embeddable":true,"href":"https:\/\/wiejskieprzysmaki.estima.site\/en\/wp-json\/wp\/v2\/product_tag?post=2191"}],"curies":[{"name":"wp","href":"https:\/\/api.w.org\/{rel}","templated":true}]}}