{"id":2200,"date":"2025-02-18T10:41:48","date_gmt":"2025-02-18T09:41:48","guid":{"rendered":"https:\/\/wiejskieprzysmaki.estima.site\/produkt\/morwa-turecka-w-surowej-czekoladzie-bio-70-g-cocoa\/"},"modified":"2025-02-18T10:41:54","modified_gmt":"2025-02-18T09:41:54","slug":"morwa-turecka-w-surowej-czekoladzie-bio-70-g-cocoa","status":"publish","type":"product","link":"https:\/\/wiejskieprzysmaki.estima.site\/en\/product\/morwa-turecka-w-surowej-czekoladzie-bio-70-g-cocoa\/","title":{"rendered":"MORWA TURECKA W SUROWEJ CZEKOLADZIE BIO 70 g &#8211; COCOA"},"content":{"rendered":"<p>SK\u0141ADNIKI<br \/>czekolada* 65 % (niepra\u017cone ziarno kakaowca*, cukier z kwiatu palmy kokosowej*, t\u0142uszcz kakaowy*), morwa bia\u0142a* 35 %. (*certyfikowany sk\u0142adnik ekologiczny). Zawarto\u015b\u0107 masy kakaowej min. 65 %.<\/p>\n<p>OPIS<br \/>Kompozycja niespotykana na rynku &#8211; morwa bia\u0142a w surowej czekoladzie! Subtelno\u015b\u0107 surowej czekolady doskonale harmonizuje z miodowym aromatem morwy bia\u0142ej. Idealnie sprawdzi si\u0119 jako s\u0142odka przek\u0105ska. \u015awietna do schrupania w przerwie w pracy, podczas podr\u00f3\u017cy czy jako dodatek do popo\u0142udniowej kawy. <\/p>\n<p>WARTO\u015a\u0106 OD\u017bYWCZA W 100 g <br \/>Warto\u015b\u0107 energetyczna: 2120 kJ\/508 kcal <br \/>T\u0142uszcz: 30 g <br \/>w tym kwasy nasycone: 18 g <br \/>W\u0119glowodany: 51 g <br \/>w tym cukry: 49 g <br \/>B\u0142onnik: 7,0 g <br \/>Bia\u0142ko: 6,0 g <br \/>S\u00f3l: 0,1 g <\/p>\n<p>INFORMACJA ALERGENNA<br \/>Mo\u017ce zawiera\u0107 orzechy.<\/p>\n<p>ZALECANE WARUNKI PRZECHOWYWANIA<br \/>Przechowywa\u0107 w suchym i ch\u0142odnym miejscu.<\/p>","protected":false},"excerpt":{"rendered":"<p>SK\u0141ADNIKIczekolada* 65 % (niepra\u017cone ziarno kakaowca*, cukier z kwiatu palmy kokosowej*, t\u0142uszcz kakaowy*), morwa bia\u0142a* 35 %. (*certyfikowany sk\u0142adnik ekologiczny). Zawarto\u015b\u0107 masy kakaowej min. 65 %. OPISKompozycja niespotykana na rynku &#8211; morwa bia\u0142a w surowej czekoladzie! Subtelno\u015b\u0107 surowej czekolady doskonale harmonizuje z miodowym aromatem morwy bia\u0142ej. Idealnie sprawdzi si\u0119 jako s\u0142odka przek\u0105ska. \u015awietna do schrupania [&hellip;]<\/p>","protected":false},"featured_media":2201,"comment_status":"closed","ping_status":"open","template":"","meta":{"_acf_changed":false},"product_brand":[],"product_cat":[700,139],"product_tag":[],"class_list":{"0":"post-2200","1":"product","2":"type-product","3":"status-publish","4":"has-post-thumbnail","6":"product_cat-bakalie-w-czekol-i-kandyz","7":"product_cat-slodycze-i-przekaski","8":"pa_ean-matka-2117","9":"pa_gwarancja-przydatnosci-320","10":"pa_ilosc-w-opakowaniu-694","11":"pa_jednostka-podstawowa-szt","12":"pa_kod-cn-1806-90-19","13":"pa_kraj-pochodzenia-skladnikow-turcja","14":"pa_masa-netto-695","15":"pa_objetosc-brutto-697","16":"pa_producent-cocoa-czekolady-i-bakalie-w-surowej-czekoladzie","17":"pa_producent-nazwa-adres-surovital-marcin-rendak-karol-szwed-s-c-sw-urszuli-ledochowskiej-5-18-02-972-warszawa","18":"pa_tagi-bez-glutenu-w-skladnikach","19":"pa_tagi-certyfikat-bio","20":"pa_tagi-weganski","21":"pa_tagi-wegetarianski","22":"pa_termin-przydatnosci-27-05-2025","24":"first","25":"instock","26":"taxable","27":"shipping-taxable","28":"purchasable","29":"product-type-simple"},"acf":[],"_links":{"self":[{"href":"https:\/\/wiejskieprzysmaki.estima.site\/en\/wp-json\/wp\/v2\/product\/2200","targetHints":{"allow":["GET"]}}],"collection":[{"href":"https:\/\/wiejskieprzysmaki.estima.site\/en\/wp-json\/wp\/v2\/product"}],"about":[{"href":"https:\/\/wiejskieprzysmaki.estima.site\/en\/wp-json\/wp\/v2\/types\/product"}],"replies":[{"embeddable":true,"href":"https:\/\/wiejskieprzysmaki.estima.site\/en\/wp-json\/wp\/v2\/comments?post=2200"}],"wp:featuredmedia":[{"embeddable":true,"href":"https:\/\/wiejskieprzysmaki.estima.site\/en\/wp-json\/wp\/v2\/media\/2201"}],"wp:attachment":[{"href":"https:\/\/wiejskieprzysmaki.estima.site\/en\/wp-json\/wp\/v2\/media?parent=2200"}],"wp:term":[{"taxonomy":"product_brand","embeddable":true,"href":"https:\/\/wiejskieprzysmaki.estima.site\/en\/wp-json\/wp\/v2\/product_brand?post=2200"},{"taxonomy":"product_cat","embeddable":true,"href":"https:\/\/wiejskieprzysmaki.estima.site\/en\/wp-json\/wp\/v2\/product_cat?post=2200"},{"taxonomy":"product_tag","embeddable":true,"href":"https:\/\/wiejskieprzysmaki.estima.site\/en\/wp-json\/wp\/v2\/product_tag?post=2200"}],"curies":[{"name":"wp","href":"https:\/\/api.w.org\/{rel}","templated":true}]}}