{"id":2202,"date":"2025-02-18T10:41:48","date_gmt":"2025-02-18T09:41:48","guid":{"rendered":"https:\/\/wiejskieprzysmaki.estima.site\/produkt\/orzechy-laskowe-w-surowej-czekoladzie-bio-70-g-cocoa\/"},"modified":"2025-02-18T10:41:55","modified_gmt":"2025-02-18T09:41:55","slug":"orzechy-laskowe-w-surowej-czekoladzie-bio-70-g-cocoa","status":"publish","type":"product","link":"https:\/\/wiejskieprzysmaki.estima.site\/en\/product\/orzechy-laskowe-w-surowej-czekoladzie-bio-70-g-cocoa\/","title":{"rendered":"ORZECHY LASKOWE W SUROWEJ CZEKOLADZIE BIO 70 g &#8211; COCOA"},"content":{"rendered":"<p>SK\u0141ADNIKI<br \/>czekolada* 65 % (niepra\u017cone ziarna kakaowca*, cukier z kwiatu palmy kokosowej*, t\u0142uszcz kakaowy*), ORZECHY LASKOWE* 35 % (*certyfikowany sk\u0142adnik ekologiczny). Zawarto\u015b\u0107 masy kakaowej min. 65 %.<\/p>\n<p>OPIS<br \/>ORZECHY LASKOWE od zawsze zachwycaj\u0105 nas swoim niepowtarzalnym smakiem. Mimo \u017ce s\u0105 wspania\u0142e same w sobie, my oferujemy je otulone ciemn\u0105 czekolad\u0105. Charakterystyczny orzechowy smak w czekoladzie nie ginie, a wr\u0119cz jest podkre\u015blony kakaow\u0105 intensywno\u015bci\u0105. Propozycja dla mi\u0142o\u015bnik\u00f3w ciemnej czekolady.<\/p>\n<p>WARTO\u015a\u0106 OD\u017bYWCZA W 100 g<br \/>Warto\u015b\u0107 energetyczna: 2561 kJ\/619 kcal <br \/>T\u0142uszcz: 51 g <br \/>w tym kwasy nasycone: 21 g <br \/>W\u0119glowodany: 26 g <br \/>w tym cukry: 25 g <br \/>B\u0142onnik: 9 g <br \/>Bia\u0142ko: 8 g <br \/>S\u00f3l: 0,1 g<\/p>\n<p>INFORMACJA ALERGENNA<br \/>Produkt mo\u017ce zawiera\u0107 inne ORZECHY.<\/p>\n<p>ZALECANE WARUNKI PRZECHOWYWANIA <br \/>Przechowywa\u0107 w suchym i ch\u0142odnym miejscu.<\/p>","protected":false},"excerpt":{"rendered":"<p>SK\u0141ADNIKIczekolada* 65 % (niepra\u017cone ziarna kakaowca*, cukier z kwiatu palmy kokosowej*, t\u0142uszcz kakaowy*), ORZECHY LASKOWE* 35 % (*certyfikowany sk\u0142adnik ekologiczny). Zawarto\u015b\u0107 masy kakaowej min. 65 %. OPISORZECHY LASKOWE od zawsze zachwycaj\u0105 nas swoim niepowtarzalnym smakiem. Mimo \u017ce s\u0105 wspania\u0142e same w sobie, my oferujemy je otulone ciemn\u0105 czekolad\u0105. Charakterystyczny orzechowy smak w czekoladzie nie ginie, [&hellip;]<\/p>","protected":false},"featured_media":2203,"comment_status":"closed","ping_status":"open","template":"","meta":{"_acf_changed":false},"product_brand":[],"product_cat":[700,139],"product_tag":[],"class_list":{"0":"post-2202","1":"product","2":"type-product","3":"status-publish","4":"has-post-thumbnail","6":"product_cat-bakalie-w-czekol-i-kandyz","7":"product_cat-slodycze-i-przekaski","8":"pa_ean-matka-2118","9":"pa_gwarancja-przydatnosci-320","10":"pa_ilosc-w-opakowaniu-694","11":"pa_jednostka-podstawowa-szt","12":"pa_kod-cn-1806-90-19","13":"pa_kraj-pochodzenia-skladnikow-turcja","14":"pa_masa-netto-695","15":"pa_objetosc-brutto-697","16":"pa_producent-cocoa-czekolady-i-bakalie-w-surowej-czekoladzie","17":"pa_producent-nazwa-adres-surovital-marcin-rendak-karol-szwed-s-c-sw-urszuli-ledochowskiej-5-18-02-972-warszawa","18":"pa_tagi-bez-glutenu-w-skladnikach","19":"pa_tagi-certyfikat-bio","20":"pa_tagi-weganski","21":"pa_tagi-wegetarianski","23":"first","24":"instock","25":"taxable","26":"shipping-taxable","27":"purchasable","28":"product-type-simple"},"acf":[],"_links":{"self":[{"href":"https:\/\/wiejskieprzysmaki.estima.site\/en\/wp-json\/wp\/v2\/product\/2202","targetHints":{"allow":["GET"]}}],"collection":[{"href":"https:\/\/wiejskieprzysmaki.estima.site\/en\/wp-json\/wp\/v2\/product"}],"about":[{"href":"https:\/\/wiejskieprzysmaki.estima.site\/en\/wp-json\/wp\/v2\/types\/product"}],"replies":[{"embeddable":true,"href":"https:\/\/wiejskieprzysmaki.estima.site\/en\/wp-json\/wp\/v2\/comments?post=2202"}],"wp:featuredmedia":[{"embeddable":true,"href":"https:\/\/wiejskieprzysmaki.estima.site\/en\/wp-json\/wp\/v2\/media\/2203"}],"wp:attachment":[{"href":"https:\/\/wiejskieprzysmaki.estima.site\/en\/wp-json\/wp\/v2\/media?parent=2202"}],"wp:term":[{"taxonomy":"product_brand","embeddable":true,"href":"https:\/\/wiejskieprzysmaki.estima.site\/en\/wp-json\/wp\/v2\/product_brand?post=2202"},{"taxonomy":"product_cat","embeddable":true,"href":"https:\/\/wiejskieprzysmaki.estima.site\/en\/wp-json\/wp\/v2\/product_cat?post=2202"},{"taxonomy":"product_tag","embeddable":true,"href":"https:\/\/wiejskieprzysmaki.estima.site\/en\/wp-json\/wp\/v2\/product_tag?post=2202"}],"curies":[{"name":"wp","href":"https:\/\/api.w.org\/{rel}","templated":true}]}}