{"id":2208,"date":"2025-02-18T10:41:48","date_gmt":"2025-02-18T09:41:48","guid":{"rendered":"https:\/\/wiejskieprzysmaki.estima.site\/produkt\/sos-pomidorowy-passata-bio-3-x-200-g-600-g-alce-nero\/"},"modified":"2025-02-18T10:41:57","modified_gmt":"2025-02-18T09:41:57","slug":"sos-pomidorowy-passata-bio-3-x-200-g-600-g-alce-nero","status":"publish","type":"product","link":"https:\/\/wiejskieprzysmaki.estima.site\/en\/product\/sos-pomidorowy-passata-bio-3-x-200-g-600-g-alce-nero\/","title":{"rendered":"SOS POMIDOROWY PASSATA BIO (3 x 200 g) 600 g &#8211; ALCE NERO"},"content":{"rendered":"<p>SK\u0141ADNIKI<br \/>pomidory* (*certyfikowany sk\u0142adnik ekologiczny)<\/p>\n<p>OPIS<br \/>Ekologiczny sos z zag\u0119szczonych pomidor\u00f3w. Wy\u015bmienicie smakuje z w\u0142oskim, ekologicznym makaronem Alce Nero. Stanowi r\u00f3wnie\u017c doskona\u0142\u0105 baz\u0119 dla innych sos\u00f3w, np. z dodatkiem warzyw (bak\u0142a\u017can, cukinia, papryka) i aromatycznych, \u015bwie\u017cych zi\u00f3\u0142 (bazylia, rozmaryn i tymianek).<br \/>Przed spo\u017cyciem wstrz\u0105sn\u0105\u0107.<\/p>\n<p>WARTO\u015a\u0106 OD\u017bYWCZA W 100 g  <br \/>Warto\u015b\u0107 energetyczna &#8211; 141 kJ\/33 kcal  <br \/>T\u0142uszcz &#8211; 0 g  <br \/>w tym kwasy t\u0142uszczowe nasycone &#8211; 0 g  <br \/>W\u0119glowodany &#8211; 5,3 g  <br \/>w tym cukry &#8211; 4,4 g  <br \/>Bia\u0142ko &#8211; 1,7 g  <br \/>S\u00f3l &#8211; 0 g<\/p>\n<p>ZALECANE WARUNKI PRZECHOWYWANIA  <br \/>Po otwarciu przechowywa\u0107 w lod\u00f3wce i spo\u017cy\u0107 w ci\u0105gu 3-4 dni.  <\/p>","protected":false},"excerpt":{"rendered":"<p>SK\u0141ADNIKIpomidory* (*certyfikowany sk\u0142adnik ekologiczny) OPISEkologiczny sos z zag\u0119szczonych pomidor\u00f3w. Wy\u015bmienicie smakuje z w\u0142oskim, ekologicznym makaronem Alce Nero. Stanowi r\u00f3wnie\u017c doskona\u0142\u0105 baz\u0119 dla innych sos\u00f3w, np. z dodatkiem warzyw (bak\u0142a\u017can, cukinia, papryka) i aromatycznych, \u015bwie\u017cych zi\u00f3\u0142 (bazylia, rozmaryn i tymianek).Przed spo\u017cyciem wstrz\u0105sn\u0105\u0107. WARTO\u015a\u0106 OD\u017bYWCZA W 100 g Warto\u015b\u0107 energetyczna &#8211; 141 kJ\/33 kcal T\u0142uszcz &#8211; 0 [&hellip;]<\/p>","protected":false},"featured_media":2209,"comment_status":"closed","ping_status":"open","template":"","meta":{"_acf_changed":false},"product_brand":[],"product_cat":[95,94],"product_tag":[],"class_list":{"0":"post-2208","1":"product","2":"type-product","3":"status-publish","4":"has-post-thumbnail","6":"product_cat-ketchupy-koncentraty-sosy-pomidorowe","7":"product_cat-sosy","8":"pa_ean-matka-2124","9":"pa_gwarancja-przydatnosci-320","10":"pa_ilosc-w-opakowaniu-331","11":"pa_jednostka-podstawowa-szt","12":"pa_kod-cn-2002-90-19","13":"pa_kraj-pochodzenia-skladnikow-wlochy","14":"pa_masa-netto-792","15":"pa_objetosc-brutto-2123","16":"pa_producent-alce-nero-wloskie-produkty","17":"pa_producent-nazwa-adres-alce-nero-s-p-a-via-palazzetti-5c-40068-san-lazzaro-di-savena-bo","18":"pa_tagi-bez-cukru-w-skladnikach","19":"pa_tagi-bez-glutenu-w-skladnikach","20":"pa_tagi-certyfikat-bio","21":"pa_tagi-weganski","22":"pa_tagi-wegetarianski","24":"first","25":"instock","26":"taxable","27":"shipping-taxable","28":"purchasable","29":"product-type-simple"},"acf":[],"_links":{"self":[{"href":"https:\/\/wiejskieprzysmaki.estima.site\/en\/wp-json\/wp\/v2\/product\/2208","targetHints":{"allow":["GET"]}}],"collection":[{"href":"https:\/\/wiejskieprzysmaki.estima.site\/en\/wp-json\/wp\/v2\/product"}],"about":[{"href":"https:\/\/wiejskieprzysmaki.estima.site\/en\/wp-json\/wp\/v2\/types\/product"}],"replies":[{"embeddable":true,"href":"https:\/\/wiejskieprzysmaki.estima.site\/en\/wp-json\/wp\/v2\/comments?post=2208"}],"wp:featuredmedia":[{"embeddable":true,"href":"https:\/\/wiejskieprzysmaki.estima.site\/en\/wp-json\/wp\/v2\/media\/2209"}],"wp:attachment":[{"href":"https:\/\/wiejskieprzysmaki.estima.site\/en\/wp-json\/wp\/v2\/media?parent=2208"}],"wp:term":[{"taxonomy":"product_brand","embeddable":true,"href":"https:\/\/wiejskieprzysmaki.estima.site\/en\/wp-json\/wp\/v2\/product_brand?post=2208"},{"taxonomy":"product_cat","embeddable":true,"href":"https:\/\/wiejskieprzysmaki.estima.site\/en\/wp-json\/wp\/v2\/product_cat?post=2208"},{"taxonomy":"product_tag","embeddable":true,"href":"https:\/\/wiejskieprzysmaki.estima.site\/en\/wp-json\/wp\/v2\/product_tag?post=2208"}],"curies":[{"name":"wp","href":"https:\/\/api.w.org\/{rel}","templated":true}]}}