{"id":2214,"date":"2025-02-18T10:41:48","date_gmt":"2025-02-18T09:41:48","guid":{"rendered":"https:\/\/wiejskieprzysmaki.estima.site\/produkt\/pesto-z-cukinii-bio-130-g-alce-nero\/"},"modified":"2025-02-18T10:41:59","modified_gmt":"2025-02-18T09:41:59","slug":"pesto-z-cukinii-bio-130-g-alce-nero","status":"publish","type":"product","link":"https:\/\/wiejskieprzysmaki.estima.site\/en\/product\/pesto-z-cukinii-bio-130-g-alce-nero\/","title":{"rendered":"PESTO Z CUKINII BIO 130 g &#8211; ALCE NERO"},"content":{"rendered":"<p>SK\u0141ADNIKI<br \/>cukinia* (65 %), olej s\u0142onecznikowy*, oliwa z oliwek extra virgin*, parmezan* (MLEKO krowie*, s\u00f3l, podpuszczka), pietruszka*, m\u0105ka ziemniaczana*, sok cytrynowy*, cukier trzcinowy*, bazylia*, s\u00f3l, czosnek*, cebula w proszku*, pieprz*, regulator kwasowo\u015bci: kwas mlekowy (*certyfikowany sk\u0142adnik ekologiczny)<\/p>\n<p>WARTO\u015a\u0106 OD\u017bYWCZA W 100 g<br \/>Warto\u015b\u0107 energetyczna &#8211; 932 kJ\/226 kcal  <br \/>T\u0142uszcz &#8211; 22 g  <br \/>w tym kwasy t\u0142uszczowe nasycone &#8211; 3,2 g  <br \/>W\u0119glowodany &#8211; 5,4 g  <br \/>w tym cukry &#8211; 3,2 g  <br \/>Bia\u0142ko &#8211; 1,9 g  <br \/>S\u00f3l &#8211; 0,5 g<\/p>\n<p>ZALECANE WARUNKI PRZECHOWYWANIA<br \/>Po otwarciu przechowywa\u0107 w lod\u00f3wce i spo\u017cy\u0107 w ci\u0105gu 3-4 dni.  <\/p>","protected":false},"excerpt":{"rendered":"<p>SK\u0141ADNIKIcukinia* (65 %), olej s\u0142onecznikowy*, oliwa z oliwek extra virgin*, parmezan* (MLEKO krowie*, s\u00f3l, podpuszczka), pietruszka*, m\u0105ka ziemniaczana*, sok cytrynowy*, cukier trzcinowy*, bazylia*, s\u00f3l, czosnek*, cebula w proszku*, pieprz*, regulator kwasowo\u015bci: kwas mlekowy (*certyfikowany sk\u0142adnik ekologiczny) WARTO\u015a\u0106 OD\u017bYWCZA W 100 gWarto\u015b\u0107 energetyczna &#8211; 932 kJ\/226 kcal T\u0142uszcz &#8211; 22 g w tym kwasy t\u0142uszczowe nasycone [&hellip;]<\/p>","protected":false},"featured_media":2215,"comment_status":"closed","ping_status":"open","template":"","meta":{"_acf_changed":false},"product_brand":[],"product_cat":[1992,94],"product_tag":[],"class_list":{"0":"post-2214","1":"product","2":"type-product","3":"status-publish","4":"has-post-thumbnail","6":"product_cat-inne-sosy","7":"product_cat-sosy","8":"pa_ean-matka-2128","9":"pa_gwarancja-przydatnosci-320","10":"pa_ilosc-w-opakowaniu-298","11":"pa_jednostka-podstawowa-szt","12":"pa_kod-cn-2103-90-90","13":"pa_kraj-pochodzenia-skladnikow-turcja","14":"pa_masa-netto-1849","15":"pa_objetosc-brutto-1990","16":"pa_producent-alce-nero-wloskie-produkty","17":"pa_producent-nazwa-adres-alce-nero-s-p-a-via-palazzetti-5c-40068-san-lazzaro-di-savena-bo","18":"pa_tagi-bez-glutenu-w-skladnikach","19":"pa_tagi-certyfikat-bio","20":"pa_tagi-wegetarianski","22":"first","23":"instock","24":"taxable","25":"shipping-taxable","26":"purchasable","27":"product-type-simple"},"acf":[],"_links":{"self":[{"href":"https:\/\/wiejskieprzysmaki.estima.site\/en\/wp-json\/wp\/v2\/product\/2214","targetHints":{"allow":["GET"]}}],"collection":[{"href":"https:\/\/wiejskieprzysmaki.estima.site\/en\/wp-json\/wp\/v2\/product"}],"about":[{"href":"https:\/\/wiejskieprzysmaki.estima.site\/en\/wp-json\/wp\/v2\/types\/product"}],"replies":[{"embeddable":true,"href":"https:\/\/wiejskieprzysmaki.estima.site\/en\/wp-json\/wp\/v2\/comments?post=2214"}],"wp:featuredmedia":[{"embeddable":true,"href":"https:\/\/wiejskieprzysmaki.estima.site\/en\/wp-json\/wp\/v2\/media\/2215"}],"wp:attachment":[{"href":"https:\/\/wiejskieprzysmaki.estima.site\/en\/wp-json\/wp\/v2\/media?parent=2214"}],"wp:term":[{"taxonomy":"product_brand","embeddable":true,"href":"https:\/\/wiejskieprzysmaki.estima.site\/en\/wp-json\/wp\/v2\/product_brand?post=2214"},{"taxonomy":"product_cat","embeddable":true,"href":"https:\/\/wiejskieprzysmaki.estima.site\/en\/wp-json\/wp\/v2\/product_cat?post=2214"},{"taxonomy":"product_tag","embeddable":true,"href":"https:\/\/wiejskieprzysmaki.estima.site\/en\/wp-json\/wp\/v2\/product_tag?post=2214"}],"curies":[{"name":"wp","href":"https:\/\/api.w.org\/{rel}","templated":true}]}}