{"id":2216,"date":"2025-02-18T10:41:48","date_gmt":"2025-02-18T09:41:48","guid":{"rendered":"https:\/\/wiejskieprzysmaki.estima.site\/produkt\/ciecierzyca-bezglutenowa-bio-1-kg-bio-planet\/"},"modified":"2025-02-18T10:42:00","modified_gmt":"2025-02-18T09:42:00","slug":"ciecierzyca-bezglutenowa-bio-1-kg-bio-planet","status":"publish","type":"product","link":"https:\/\/wiejskieprzysmaki.estima.site\/en\/product\/ciecierzyca-bezglutenowa-bio-1-kg-bio-planet\/","title":{"rendered":"CIECIERZYCA BEZGLUTENOWA BIO 1 kg &#8211; BIO PLANET"},"content":{"rendered":"<p>SK\u0141ADNIKI<br \/>ekologiczna ciecierzyca 100 %.<\/p>\n<p>OPIS<br \/>Ekologiczne ziarno ciecierzycy \u015bwietnie nadaje si\u0119 do wszelkiego rodzaju past z dodatkiem oliwy i \u015bwie\u017cych zi\u00f3\u0142, a tak\u017ce do zup, potraw jednogarnkowych, sos\u00f3w i sa\u0142atek. <\/p>\n<p>SPOS\u00d3B PRZYGOTOWANIA<br \/>Uprzednio namoczon\u0105 co najmniej 12 godzin i przep\u0142ukan\u0105 cieciork\u0119 nale\u017cy gotowa\u0107 w \u015bwie\u017cej, nieosolonej wodzie ok. 60 min. Ciecierzyc\u0119 solimy dopiero pod koniec gotowania. \t\t\t<\/p>\n<p>WARTO\u015a\u0106 OD\u017bYWCZA W 100 g<br \/>Warto\u015b\u0107 energetyczna \t1412 kJ\/336 kcal<br \/>T\u0142uszcz \t6,0 g<br \/>w tym kwasy t\u0142uszczowe nasycone \t0,6 g<br \/>W\u0119glowodany \t43 g<br \/>w tym cukry \t11 g<br \/>B\u0142onnik \t17 g<br \/>Bia\u0142ko \t19 g<br \/>S\u00f3l \t0,06 g<\/p>\n<p>ZALECANE WARUNKI PRZECHOWYWANIA<br \/>Przechowywa\u0107 w suchym i ch\u0142odnym miejscu.<\/p>","protected":false},"excerpt":{"rendered":"<p>SK\u0141ADNIKIekologiczna ciecierzyca 100 %. OPISEkologiczne ziarno ciecierzycy \u015bwietnie nadaje si\u0119 do wszelkiego rodzaju past z dodatkiem oliwy i \u015bwie\u017cych zi\u00f3\u0142, a tak\u017ce do zup, potraw jednogarnkowych, sos\u00f3w i sa\u0142atek. SPOS\u00d3B PRZYGOTOWANIAUprzednio namoczon\u0105 co najmniej 12 godzin i przep\u0142ukan\u0105 cieciork\u0119 nale\u017cy gotowa\u0107 w \u015bwie\u017cej, nieosolonej wodzie ok. 60 min. Ciecierzyc\u0119 solimy dopiero pod koniec gotowania. WARTO\u015a\u0106 [&hellip;]<\/p>","protected":false},"featured_media":2217,"comment_status":"closed","ping_status":"open","template":"","meta":{"_acf_changed":false},"product_brand":[],"product_cat":[316,315],"product_tag":[],"class_list":{"0":"post-2216","1":"product","2":"type-product","3":"status-publish","4":"has-post-thumbnail","6":"product_cat-suszone","7":"product_cat-warzywa-straczkowe","8":"pa_ean-matka-841","9":"pa_ean-matka-2129","10":"pa_gwarancja-przydatnosci-320","11":"pa_ilosc-w-opakowaniu-366","12":"pa_jednostka-podstawowa-szt","13":"pa_kod-cn-0713-20-00","14":"pa_kraj-pochodzenia-skladnikow-turcja","15":"pa_masa-netto-209","16":"pa_objetosc-brutto-210","17":"pa_producent-bio-planet-seria-zielona-straczkowe","18":"pa_producent-nazwa-adres-bio-planet-s-a-wilkowa-wies-7-05-084-leszno","19":"pa_tagi-bez-cukru-w-skladnikach","20":"pa_tagi-bez-glutenu-deklaracja","21":"pa_tagi-bez-glutenu-w-skladnikach","22":"pa_tagi-certyfikat-bio","23":"pa_tagi-weganski","24":"pa_tagi-wegetarianski","26":"first","27":"instock","28":"taxable","29":"shipping-taxable","30":"purchasable","31":"product-type-simple"},"acf":[],"_links":{"self":[{"href":"https:\/\/wiejskieprzysmaki.estima.site\/en\/wp-json\/wp\/v2\/product\/2216","targetHints":{"allow":["GET"]}}],"collection":[{"href":"https:\/\/wiejskieprzysmaki.estima.site\/en\/wp-json\/wp\/v2\/product"}],"about":[{"href":"https:\/\/wiejskieprzysmaki.estima.site\/en\/wp-json\/wp\/v2\/types\/product"}],"replies":[{"embeddable":true,"href":"https:\/\/wiejskieprzysmaki.estima.site\/en\/wp-json\/wp\/v2\/comments?post=2216"}],"wp:featuredmedia":[{"embeddable":true,"href":"https:\/\/wiejskieprzysmaki.estima.site\/en\/wp-json\/wp\/v2\/media\/2217"}],"wp:attachment":[{"href":"https:\/\/wiejskieprzysmaki.estima.site\/en\/wp-json\/wp\/v2\/media?parent=2216"}],"wp:term":[{"taxonomy":"product_brand","embeddable":true,"href":"https:\/\/wiejskieprzysmaki.estima.site\/en\/wp-json\/wp\/v2\/product_brand?post=2216"},{"taxonomy":"product_cat","embeddable":true,"href":"https:\/\/wiejskieprzysmaki.estima.site\/en\/wp-json\/wp\/v2\/product_cat?post=2216"},{"taxonomy":"product_tag","embeddable":true,"href":"https:\/\/wiejskieprzysmaki.estima.site\/en\/wp-json\/wp\/v2\/product_tag?post=2216"}],"curies":[{"name":"wp","href":"https:\/\/api.w.org\/{rel}","templated":true}]}}