{"id":2224,"date":"2025-02-18T10:41:48","date_gmt":"2025-02-18T09:41:48","guid":{"rendered":"https:\/\/wiejskieprzysmaki.estima.site\/produkt\/budyn-o-smaku-czekoladowym-bezglutenowy-bio-40-g-amylon\/"},"modified":"2025-02-18T10:42:03","modified_gmt":"2025-02-18T09:42:03","slug":"budyn-o-smaku-czekoladowym-bezglutenowy-bio-40-g-amylon","status":"publish","type":"product","link":"https:\/\/wiejskieprzysmaki.estima.site\/en\/product\/budyn-o-smaku-czekoladowym-bezglutenowy-bio-40-g-amylon\/","title":{"rendered":"BUDY\u0143 O SMAKU CZEKOLADOWYM BEZGLUTENOWY BIO 40 g &#8211; AMYLON"},"content":{"rendered":"<p>SK\u0141ADNIKI<br \/>skrobia kukurydziana*, kakao w proszku o obni\u017conej zawarto\u015bci t\u0142uszczu* 20 %. (*certyfikowany sk\u0142adnik ekologiczny)<\/p>\n<p>OPIS  <br \/>Budy\u0144 mo\u017cna przygotowa\u0107 tak\u017ce przy u\u017cyciu r\u00f3\u017cnych typ\u00f3w MLEKA (np. owczego, koziego) oraz napoj\u00f3w (np. sojowego, ry\u017cowego).<\/p>\n<p>SPOS\u00d3B PRZYGOTOWANIA  <br \/>1. Z \u00bd litra zimnego MLEKA odla\u0107 350 ml. <br \/>2. Doda\u0107 2 \u0142y\u017cki cukru (ok. 40 g) i pozostawi\u0107 do zagotowania. <br \/>3. Do pozosta\u0142ego MLEKA (150 ml) wsypa\u0107 zawarto\u015b\u0107 torebki i dobrze wymiesza\u0107. <br \/>4. Do gotuj\u0105cego si\u0119 MLEKA wla\u0107 rozrobiony z mlekiem budy\u0144, ci\u0105gle mieszaj\u0105c jeszcze przez chwil\u0119 do zg\u0119stnienia. <br \/>Gotowy budy\u0144 jest przeznaczony do szybkiego spo\u017cycia.<\/p>\n<p>WARTO\u015a\u0106 OD\u017bYWCZA W 100 g produktu sypkiego<br \/>Waro\u015b\u0107 energetyczna: 1405 kJ\/331 kcal  <br \/>T\u0142uszcz: 2,3 g <br \/>w tym kwasy t\u0142uszczowe nasycone: 1,4 g  <br \/>W\u0119glowodany: 73 g  <br \/>w tym cukry: <0,5 g  <br \/>Bia\u0142ko: 4,8 g  <br \/>S\u00f3l: 0,03 g<\/p>\n<p>ZALECANE WARUNKI PRZECHOWYWANIA  <br \/>Przechowywa\u0107 w suchym miejscu. Chroni\u0107 przed \u015bwiat\u0142em. <\/p>","protected":false},"excerpt":{"rendered":"<p>SK\u0141ADNIKIskrobia kukurydziana*, kakao w proszku o obni\u017conej zawarto\u015bci t\u0142uszczu* 20 %. (*certyfikowany sk\u0142adnik ekologiczny) OPIS Budy\u0144 mo\u017cna przygotowa\u0107 tak\u017ce przy u\u017cyciu r\u00f3\u017cnych typ\u00f3w MLEKA (np. owczego, koziego) oraz napoj\u00f3w (np. sojowego, ry\u017cowego). SPOS\u00d3B PRZYGOTOWANIA 1. Z \u00bd litra zimnego MLEKA odla\u0107 350 ml. 2. Doda\u0107 2 \u0142y\u017cki cukru (ok. 40 g) i pozostawi\u0107 do zagotowania. [&hellip;]<\/p>","protected":false},"featured_media":2225,"comment_status":"closed","ping_status":"open","template":"","meta":{"_acf_changed":false},"product_brand":[],"product_cat":[396],"product_tag":[],"class_list":{"0":"post-2224","1":"product","2":"type-product","3":"status-publish","4":"has-post-thumbnail","6":"product_cat-budynie-galaretki-kisiele","7":"pa_ean-matka-2133","8":"pa_gwarancja-przydatnosci-1635","9":"pa_ilosc-w-opakowaniu-350","10":"pa_jednostka-podstawowa-szt","11":"pa_kod-cn-1901-90-99","12":"pa_masa-netto-351","13":"pa_objetosc-brutto-1981","14":"pa_producent-amylon-budynie-galaretkikisielecukry-skrobie","15":"pa_producent-nazwa-adres-amylon-a-s-svermova-117-580-36-havlickuv-brod","16":"pa_tagi-bez-cukru-w-skladnikach","17":"pa_tagi-bez-glutenu-deklaracja","18":"pa_tagi-bez-glutenu-w-skladnikach","19":"pa_tagi-certyfikat-bio","20":"pa_tagi-weganski","21":"pa_tagi-wegetarianski","23":"first","24":"instock","25":"taxable","26":"shipping-taxable","27":"purchasable","28":"product-type-simple"},"acf":[],"_links":{"self":[{"href":"https:\/\/wiejskieprzysmaki.estima.site\/en\/wp-json\/wp\/v2\/product\/2224","targetHints":{"allow":["GET"]}}],"collection":[{"href":"https:\/\/wiejskieprzysmaki.estima.site\/en\/wp-json\/wp\/v2\/product"}],"about":[{"href":"https:\/\/wiejskieprzysmaki.estima.site\/en\/wp-json\/wp\/v2\/types\/product"}],"replies":[{"embeddable":true,"href":"https:\/\/wiejskieprzysmaki.estima.site\/en\/wp-json\/wp\/v2\/comments?post=2224"}],"wp:featuredmedia":[{"embeddable":true,"href":"https:\/\/wiejskieprzysmaki.estima.site\/en\/wp-json\/wp\/v2\/media\/2225"}],"wp:attachment":[{"href":"https:\/\/wiejskieprzysmaki.estima.site\/en\/wp-json\/wp\/v2\/media?parent=2224"}],"wp:term":[{"taxonomy":"product_brand","embeddable":true,"href":"https:\/\/wiejskieprzysmaki.estima.site\/en\/wp-json\/wp\/v2\/product_brand?post=2224"},{"taxonomy":"product_cat","embeddable":true,"href":"https:\/\/wiejskieprzysmaki.estima.site\/en\/wp-json\/wp\/v2\/product_cat?post=2224"},{"taxonomy":"product_tag","embeddable":true,"href":"https:\/\/wiejskieprzysmaki.estima.site\/en\/wp-json\/wp\/v2\/product_tag?post=2224"}],"curies":[{"name":"wp","href":"https:\/\/api.w.org\/{rel}","templated":true}]}}