{"id":2228,"date":"2025-02-18T10:42:05","date_gmt":"2025-02-18T09:42:05","guid":{"rendered":"https:\/\/wiejskieprzysmaki.estima.site\/produkt\/cukier-z-wanilia-bourbon-bezglutenowy-bio-20-g-amylon\/"},"modified":"2025-02-18T10:42:06","modified_gmt":"2025-02-18T09:42:06","slug":"cukier-z-wanilia-bourbon-bezglutenowy-bio-20-g-amylon","status":"publish","type":"product","link":"https:\/\/wiejskieprzysmaki.estima.site\/en\/product\/cukier-z-wanilia-bourbon-bezglutenowy-bio-20-g-amylon\/","title":{"rendered":"CUKIER Z WANILI\u0104 BOURBON BEZGLUTENOWY BIO 20 g &#8211; AMYLON"},"content":{"rendered":"<p>SK\u0141ADNIKI<br \/>cukier trzcinowy*, wanilia Bourbon* (min. 1,5 %) (*certyfikowany sk\u0142adnik ekologiczny)<\/p>\n<p>OPIS<br \/>Po\u0142\u0105czenie ekologicznego cukru trzcinowego z wanili\u0105 Bourbon. Polecamy do ciast, ciasteczek i deser\u00f3w.<\/p>\n<p>WARTO\u015a\u0106 OD\u017bYWCZA W 100 g<br \/>Warto\u015b\u0107 energetyczna: 1660 kJ\/398 kcal<br \/>T\u0142uszcz: 0 g<br \/>w tym kwasy t\u0142uszczowe nasycone: 0 g<br \/>W\u0119glowodany: 99 g<br \/>w tym cukry: 98 g<br \/>Bia\u0142ko: 0 g<br \/>S\u00f3l: 0 g<\/p>\n<p>ZALECANE WARUNKI PRZECHOWYWANIA  <br \/>Przechowywa\u0107 w suchym i ch\u0142odnym miejscu.<\/p>","protected":false},"excerpt":{"rendered":"<p>SK\u0141ADNIKIcukier trzcinowy*, wanilia Bourbon* (min. 1,5 %) (*certyfikowany sk\u0142adnik ekologiczny) OPISPo\u0142\u0105czenie ekologicznego cukru trzcinowego z wanili\u0105 Bourbon. Polecamy do ciast, ciasteczek i deser\u00f3w. WARTO\u015a\u0106 OD\u017bYWCZA W 100 gWarto\u015b\u0107 energetyczna: 1660 kJ\/398 kcalT\u0142uszcz: 0 gw tym kwasy t\u0142uszczowe nasycone: 0 gW\u0119glowodany: 99 gw tym cukry: 98 gBia\u0142ko: 0 gS\u00f3l: 0 g ZALECANE WARUNKI PRZECHOWYWANIA Przechowywa\u0107 w [&hellip;]<\/p>","protected":false},"featured_media":2229,"comment_status":"closed","ping_status":"open","template":"","meta":{"_acf_changed":false},"product_brand":[],"product_cat":[36],"product_tag":[],"class_list":{"0":"post-2228","1":"product","2":"type-product","3":"status-publish","4":"has-post-thumbnail","6":"product_cat-dodatki-do-wypiekow-i-deserow","7":"pa_ean-matka-2136","8":"pa_gwarancja-przydatnosci-301","9":"pa_ilosc-w-opakowaniu-1287","10":"pa_jednostka-podstawowa-szt","11":"pa_kod-cn-1701-91-00","12":"pa_masa-netto-737","13":"pa_objetosc-brutto-1280","14":"pa_producent-amylon-budynie-galaretkikisielecukry-skrobie","15":"pa_producent-nazwa-adres-amylon-a-s-svermova-117-580-36-havlickuv-brod","16":"pa_tagi-bez-glutenu-deklaracja","17":"pa_tagi-bez-glutenu-w-skladnikach","18":"pa_tagi-certyfikat-bio","19":"pa_tagi-weganski","20":"pa_tagi-wegetarianski","22":"first","23":"instock","24":"taxable","25":"shipping-taxable","26":"purchasable","27":"product-type-simple"},"acf":[],"_links":{"self":[{"href":"https:\/\/wiejskieprzysmaki.estima.site\/en\/wp-json\/wp\/v2\/product\/2228","targetHints":{"allow":["GET"]}}],"collection":[{"href":"https:\/\/wiejskieprzysmaki.estima.site\/en\/wp-json\/wp\/v2\/product"}],"about":[{"href":"https:\/\/wiejskieprzysmaki.estima.site\/en\/wp-json\/wp\/v2\/types\/product"}],"replies":[{"embeddable":true,"href":"https:\/\/wiejskieprzysmaki.estima.site\/en\/wp-json\/wp\/v2\/comments?post=2228"}],"wp:featuredmedia":[{"embeddable":true,"href":"https:\/\/wiejskieprzysmaki.estima.site\/en\/wp-json\/wp\/v2\/media\/2229"}],"wp:attachment":[{"href":"https:\/\/wiejskieprzysmaki.estima.site\/en\/wp-json\/wp\/v2\/media?parent=2228"}],"wp:term":[{"taxonomy":"product_brand","embeddable":true,"href":"https:\/\/wiejskieprzysmaki.estima.site\/en\/wp-json\/wp\/v2\/product_brand?post=2228"},{"taxonomy":"product_cat","embeddable":true,"href":"https:\/\/wiejskieprzysmaki.estima.site\/en\/wp-json\/wp\/v2\/product_cat?post=2228"},{"taxonomy":"product_tag","embeddable":true,"href":"https:\/\/wiejskieprzysmaki.estima.site\/en\/wp-json\/wp\/v2\/product_tag?post=2228"}],"curies":[{"name":"wp","href":"https:\/\/api.w.org\/{rel}","templated":true}]}}