{"id":2234,"date":"2025-02-18T10:42:05","date_gmt":"2025-02-18T09:42:05","guid":{"rendered":"https:\/\/wiejskieprzysmaki.estima.site\/produkt\/orzeszki-ziemne-prazone-bez-soli-bio-350-g-bio-planet\/"},"modified":"2025-02-20T15:20:29","modified_gmt":"2025-02-20T14:20:29","slug":"orzeszki-ziemne-prazone-bez-soli-bio-350-g-bio-planet","status":"publish","type":"product","link":"https:\/\/wiejskieprzysmaki.estima.site\/en\/product\/orzeszki-ziemne-prazone-bez-soli-bio-350-g-bio-planet\/","title":{"rendered":"ORZESZKI ZIEMNE PRA\u017bONE BEZ SOLI BIO 350 g &#8211; BIO PLANET"},"content":{"rendered":"<p>SK\u0141ADNIKI<br \/>ekologiczne ORZESZKI ZIEMNE 100 %. \t<\/p>\n<p>OPIS<br \/>Ekologiczne ORZESZKI ZIEMNE, pra\u017cone, nie solone, zwane arachidowymi, nale\u017c\u0105 do ro\u015blin str\u0105czkowych. Polecane jako smaczna przek\u0105ska. Doskonale sprawdzaj\u0105 si\u0119 r\u00f3wnie\u017c jako dodatek do past, sa\u0142atek owocowych, deser\u00f3w oraz ciast.\t\t\t<\/p>\n<p>WARTO\u015a\u0106 OD\u017bYWCZA W 100 g<br \/>Warto\u015b\u0107 energetyczna \t2560 kJ\/618 kcal<br \/>T\u0142uszcz \t50 g<br \/>w tym kwasy t\u0142uszczowe nasycone \t6,9 g<br \/>W\u0119glowodany \t14 g<br \/>w tym cukry \t4,2 g<br \/>B\u0142onnik \t8,0 g<br \/>Bia\u0142ko \t24 g<br \/>S\u00f3l \t0,02 g<\/p>\n<p>Zawarto\u015b\u0107 soli wynika z obecno\u015bci naturalnie wyst\u0119puj\u0105cego sodu.<\/p>\n<p>INFORMACJA ALERGENNA<br \/>Produkt mo\u017ce zawiera\u0107: ZBO\u017bA ZAWIERAJ\u0104CE GLUTEN, ORZECHY, NASIONA SEZAMU, SOJ\u0118. <\/p>\n<p>ZALECANE WARUNKI PRZECHOWYWANIA<br \/>Przechowywa\u0107 w suchym i ch\u0142odnym miejscu.<\/p>","protected":false},"excerpt":{"rendered":"<p>SK\u0141ADNIKIekologiczne ORZESZKI ZIEMNE 100 %. OPISEkologiczne ORZESZKI ZIEMNE, pra\u017cone, nie solone, zwane arachidowymi, nale\u017c\u0105 do ro\u015blin str\u0105czkowych. Polecane jako smaczna przek\u0105ska. Doskonale sprawdzaj\u0105 si\u0119 r\u00f3wnie\u017c jako dodatek do past, sa\u0142atek owocowych, deser\u00f3w oraz ciast. WARTO\u015a\u0106 OD\u017bYWCZA W 100 gWarto\u015b\u0107 energetyczna 2560 kJ\/618 kcalT\u0142uszcz 50 gw tym kwasy t\u0142uszczowe nasycone 6,9 gW\u0119glowodany 14 gw tym cukry [&hellip;]<\/p>","protected":false},"featured_media":2235,"comment_status":"closed","ping_status":"open","template":"","meta":{"_acf_changed":false},"product_brand":[],"product_cat":[830,810],"product_tag":[],"class_list":{"0":"post-2234","1":"product","2":"type-product","3":"status-publish","4":"has-post-thumbnail","6":"product_cat-orzechy-i-owoce-suszone","7":"product_cat-orzechy-kasztany-wiorki-kokosowe","8":"pa_ean-matka-945","9":"pa_ean-matka-2138","10":"pa_gwarancja-przydatnosci-311","11":"pa_ilosc-w-opakowaniu-298","12":"pa_jednostka-podstawowa-szt","13":"pa_kod-cn-2008-11-96","14":"pa_kraj-pochodzenia-skladnikow-chiny","15":"pa_masa-netto-203","16":"pa_objetosc-brutto-204","17":"pa_producent-bio-planet-seria-przekaski","18":"pa_producent-nazwa-adres-bio-planet-s-a-wilkowa-wies-7-05-084-leszno","19":"pa_tagi-bez-cukru-w-skladnikach","20":"pa_tagi-bez-glutenu-w-skladnikach","21":"pa_tagi-certyfikat-bio","22":"pa_tagi-weganski","23":"pa_tagi-wegetarianski","25":"first","26":"instock","27":"taxable","28":"shipping-taxable","29":"purchasable","30":"product-type-simple"},"acf":[],"_links":{"self":[{"href":"https:\/\/wiejskieprzysmaki.estima.site\/en\/wp-json\/wp\/v2\/product\/2234","targetHints":{"allow":["GET"]}}],"collection":[{"href":"https:\/\/wiejskieprzysmaki.estima.site\/en\/wp-json\/wp\/v2\/product"}],"about":[{"href":"https:\/\/wiejskieprzysmaki.estima.site\/en\/wp-json\/wp\/v2\/types\/product"}],"replies":[{"embeddable":true,"href":"https:\/\/wiejskieprzysmaki.estima.site\/en\/wp-json\/wp\/v2\/comments?post=2234"}],"wp:featuredmedia":[{"embeddable":true,"href":"https:\/\/wiejskieprzysmaki.estima.site\/en\/wp-json\/wp\/v2\/media\/2235"}],"wp:attachment":[{"href":"https:\/\/wiejskieprzysmaki.estima.site\/en\/wp-json\/wp\/v2\/media?parent=2234"}],"wp:term":[{"taxonomy":"product_brand","embeddable":true,"href":"https:\/\/wiejskieprzysmaki.estima.site\/en\/wp-json\/wp\/v2\/product_brand?post=2234"},{"taxonomy":"product_cat","embeddable":true,"href":"https:\/\/wiejskieprzysmaki.estima.site\/en\/wp-json\/wp\/v2\/product_cat?post=2234"},{"taxonomy":"product_tag","embeddable":true,"href":"https:\/\/wiejskieprzysmaki.estima.site\/en\/wp-json\/wp\/v2\/product_tag?post=2234"}],"curies":[{"name":"wp","href":"https:\/\/api.w.org\/{rel}","templated":true}]}}