{"id":2238,"date":"2025-02-18T10:42:05","date_gmt":"2025-02-18T09:42:05","guid":{"rendered":"https:\/\/wiejskieprzysmaki.estima.site\/produkt\/truskawka-80-bio-260-g-batom\/"},"modified":"2025-02-18T10:42:12","modified_gmt":"2025-02-18T09:42:12","slug":"truskawka-80-bio-260-g-batom","status":"publish","type":"product","link":"https:\/\/wiejskieprzysmaki.estima.site\/en\/product\/truskawka-80-bio-260-g-batom\/","title":{"rendered":"TRUSKAWKA 80 % BIO 260 g &#8211; BATOM"},"content":{"rendered":"<p>SK\u0141ADNIKI<br \/>truskawki* (80 %), koncentrat jab\u0142kowy*, substancja zag\u0119szczajaca: pektyny, regulator kwasowo\u015bci: kwas askorbinowy (*certyfikowany sk\u0142adnik ekologiczny)<\/p>\n<p>OPIS<br \/>Bez dodatku cukr\u00f3w. Zawiera naturalnie wyst\u0119puj\u0105ce cukry. Produkt pasteryzowany.<\/p>\n<p>WARTO\u015a\u0106 OD\u017bYWCZA W 100 g  <br \/>Warto\u015b\u0107 energetyczna: 454 kJ \/ 107 kcal  <br \/>T\u0142uszcz: < 0,5 g  <br \/>w tym kwasy nasycone: 0,2 g  <br \/>W\u0119glowodany: 24 g  <br \/>w tym cukry: 22 g  <br \/>B\u0142onnik: 2,6 g  <br \/>Bia\u0142ko: 0,7 g  <br \/>S\u00f3l: 0,04 g<\/p>\n<p>ZALECANE WARUNKI PRZECHOWYWANIA<br \/>Po otwarciu przechowywa\u0107 w temp. ok. +4 stopni Celsjusza.<\/p>","protected":false},"excerpt":{"rendered":"<p>SK\u0141ADNIKItruskawki* (80 %), koncentrat jab\u0142kowy*, substancja zag\u0119szczajaca: pektyny, regulator kwasowo\u015bci: kwas askorbinowy (*certyfikowany sk\u0142adnik ekologiczny) OPISBez dodatku cukr\u00f3w. Zawiera naturalnie wyst\u0119puj\u0105ce cukry. Produkt pasteryzowany. WARTO\u015a\u0106 OD\u017bYWCZA W 100 g Warto\u015b\u0107 energetyczna: 454 kJ \/ 107 kcal T\u0142uszcz: < 0,5 g w tym kwasy nasycone: 0,2 g W\u0119glowodany: 24 g w tym cukry: 22 g B\u0142onnik: [&hellip;]\n<\/p>","protected":false},"featured_media":2239,"comment_status":"closed","ping_status":"open","template":"","meta":{"_acf_changed":false},"product_brand":[],"product_cat":[999,998],"product_tag":[],"class_list":{"0":"post-2238","1":"product","2":"type-product","3":"status-publish","4":"has-post-thumbnail","6":"product_cat-dzemy-konfitury-musy","7":"product_cat-przetwory-warzywne-i-owocowe","8":"pa_ean-matka-2142","9":"pa_gwarancja-przydatnosci-324","10":"pa_ilosc-w-opakowaniu-331","11":"pa_jednostka-podstawowa-szt","12":"pa_kod-cn-2007-99-33","13":"pa_masa-netto-756","14":"pa_objetosc-brutto-361","15":"pa_producent-batom-oleje-soki-sole-kapielowe","16":"pa_producent-nazwa-adres-batom-pl-jozef-lesniak-hurtownia-zdrowej-zywnosci-generala-augusta-fieldorfa-nila-17-31-209-krakow","17":"pa_tagi-bez-glutenu-w-skladnikach","18":"pa_tagi-certyfikat-bio","19":"pa_tagi-weganski","20":"pa_tagi-wegetarianski","22":"first","23":"instock","24":"taxable","25":"shipping-taxable","26":"purchasable","27":"product-type-simple"},"acf":[],"_links":{"self":[{"href":"https:\/\/wiejskieprzysmaki.estima.site\/en\/wp-json\/wp\/v2\/product\/2238","targetHints":{"allow":["GET"]}}],"collection":[{"href":"https:\/\/wiejskieprzysmaki.estima.site\/en\/wp-json\/wp\/v2\/product"}],"about":[{"href":"https:\/\/wiejskieprzysmaki.estima.site\/en\/wp-json\/wp\/v2\/types\/product"}],"replies":[{"embeddable":true,"href":"https:\/\/wiejskieprzysmaki.estima.site\/en\/wp-json\/wp\/v2\/comments?post=2238"}],"wp:featuredmedia":[{"embeddable":true,"href":"https:\/\/wiejskieprzysmaki.estima.site\/en\/wp-json\/wp\/v2\/media\/2239"}],"wp:attachment":[{"href":"https:\/\/wiejskieprzysmaki.estima.site\/en\/wp-json\/wp\/v2\/media?parent=2238"}],"wp:term":[{"taxonomy":"product_brand","embeddable":true,"href":"https:\/\/wiejskieprzysmaki.estima.site\/en\/wp-json\/wp\/v2\/product_brand?post=2238"},{"taxonomy":"product_cat","embeddable":true,"href":"https:\/\/wiejskieprzysmaki.estima.site\/en\/wp-json\/wp\/v2\/product_cat?post=2238"},{"taxonomy":"product_tag","embeddable":true,"href":"https:\/\/wiejskieprzysmaki.estima.site\/en\/wp-json\/wp\/v2\/product_tag?post=2238"}],"curies":[{"name":"wp","href":"https:\/\/api.w.org\/{rel}","templated":true}]}}