{"id":2254,"date":"2025-02-18T10:42:05","date_gmt":"2025-02-18T09:42:05","guid":{"rendered":"https:\/\/wiejskieprzysmaki.estima.site\/produkt\/czekolada-gorzka-75-fair-trade-bezglutenowa-bio-100-g-alce-nero\/"},"modified":"2025-02-18T10:42:18","modified_gmt":"2025-02-18T09:42:18","slug":"czekolada-gorzka-75-fair-trade-bezglutenowa-bio-100-g-alce-nero","status":"publish","type":"product","link":"https:\/\/wiejskieprzysmaki.estima.site\/en\/product\/czekolada-gorzka-75-fair-trade-bezglutenowa-bio-100-g-alce-nero\/","title":{"rendered":"CZEKOLADA GORZKA 75 % FAIR TRADE BEZGLUTENOWA BIO 100 g &#8211; ALCE NERO"},"content":{"rendered":"<p>SK\u0141ADNIKI<br \/>miazga kakaowa*, cukier trzcinowy* (23 %), t\u0142uszcz kakaowy*, wanilia*. Masa kakaowa min. 75 % (*certyfikowany sk\u0142adnik ekologiczny)<\/p>\n<p>WARTO\u015a\u0106 OD\u017bYWCZA W 100 g  <br \/>Warto\u015b\u0107 energetyczna &#8211; 2516 kJ \/ 599 kcal  <br \/>T\u0142uszcz &#8211; 47 g  <br \/>w tym kwasy t\u0142uszczowe nasycone &#8211; 29 g  <br \/>W\u0119glowodany &#8211; 29 g  <br \/>w tym cukry &#8211; 24 g  <br \/>B\u0142onnik &#8211; 12 g  <br \/>Bia\u0142ko &#8211; 9,0 g  <br \/>S\u00f3l &#8211; 0,02 g<\/p>\n<p>INFORMACJA ALERGENNA<br \/>Produkt mo\u017ce zawiera\u0107 MLEKO (\u0142\u0105cznie z LAKTOZ\u0104), ORZECHY LASKOWE, MIGDA\u0141Y.<\/p>\n<p>ZALECANE WARUNKI PRZECHOWYWANIA<br \/>Przechowywa\u0107 w suchym i ch\u0142odnym miejscu w temperaturze 16-18 \u2103, z dala od obcych zapach\u00f3w.  <\/p>","protected":false},"excerpt":{"rendered":"<p>SK\u0141ADNIKImiazga kakaowa*, cukier trzcinowy* (23 %), t\u0142uszcz kakaowy*, wanilia*. Masa kakaowa min. 75 % (*certyfikowany sk\u0142adnik ekologiczny) WARTO\u015a\u0106 OD\u017bYWCZA W 100 g Warto\u015b\u0107 energetyczna &#8211; 2516 kJ \/ 599 kcal T\u0142uszcz &#8211; 47 g w tym kwasy t\u0142uszczowe nasycone &#8211; 29 g W\u0119glowodany &#8211; 29 g w tym cukry &#8211; 24 g B\u0142onnik &#8211; 12 [&hellip;]<\/p>","protected":false},"featured_media":2255,"comment_status":"closed","ping_status":"open","template":"","meta":{"_acf_changed":false},"product_brand":[],"product_cat":[1187,139],"product_tag":[],"class_list":{"0":"post-2254","1":"product","2":"type-product","3":"status-publish","4":"has-post-thumbnail","6":"product_cat-czekolady-i-czekoladki","7":"product_cat-slodycze-i-przekaski","8":"pa_ean-matka-2155","9":"pa_gwarancja-przydatnosci-324","10":"pa_ilosc-w-opakowaniu-454","11":"pa_jednostka-podstawowa-szt","12":"pa_kod-cn-1806-32-90","13":"pa_kraj-pochodzenia-skladnikow-turcja","14":"pa_masa-netto-242","15":"pa_objetosc-brutto-2152","16":"pa_producent-alce-nero-wloskie-produkty","17":"pa_producent-nazwa-adres-alce-nero-s-p-a-via-palazzetti-5c-40068-san-lazzaro-di-savena-bo","18":"pa_tagi-bez-glutenu-deklaracja","19":"pa_tagi-bez-glutenu-w-skladnikach","20":"pa_tagi-certyfikat-bio","21":"pa_tagi-weganski","22":"pa_tagi-wegetarianski","24":"first","25":"instock","26":"taxable","27":"shipping-taxable","28":"purchasable","29":"product-type-simple"},"acf":[],"_links":{"self":[{"href":"https:\/\/wiejskieprzysmaki.estima.site\/en\/wp-json\/wp\/v2\/product\/2254","targetHints":{"allow":["GET"]}}],"collection":[{"href":"https:\/\/wiejskieprzysmaki.estima.site\/en\/wp-json\/wp\/v2\/product"}],"about":[{"href":"https:\/\/wiejskieprzysmaki.estima.site\/en\/wp-json\/wp\/v2\/types\/product"}],"replies":[{"embeddable":true,"href":"https:\/\/wiejskieprzysmaki.estima.site\/en\/wp-json\/wp\/v2\/comments?post=2254"}],"wp:featuredmedia":[{"embeddable":true,"href":"https:\/\/wiejskieprzysmaki.estima.site\/en\/wp-json\/wp\/v2\/media\/2255"}],"wp:attachment":[{"href":"https:\/\/wiejskieprzysmaki.estima.site\/en\/wp-json\/wp\/v2\/media?parent=2254"}],"wp:term":[{"taxonomy":"product_brand","embeddable":true,"href":"https:\/\/wiejskieprzysmaki.estima.site\/en\/wp-json\/wp\/v2\/product_brand?post=2254"},{"taxonomy":"product_cat","embeddable":true,"href":"https:\/\/wiejskieprzysmaki.estima.site\/en\/wp-json\/wp\/v2\/product_cat?post=2254"},{"taxonomy":"product_tag","embeddable":true,"href":"https:\/\/wiejskieprzysmaki.estima.site\/en\/wp-json\/wp\/v2\/product_tag?post=2254"}],"curies":[{"name":"wp","href":"https:\/\/api.w.org\/{rel}","templated":true}]}}