{"id":2276,"date":"2025-02-18T10:42:23","date_gmt":"2025-02-18T09:42:23","guid":{"rendered":"https:\/\/wiejskieprzysmaki.estima.site\/produkt\/ksylitol-250-g-santini-finlandia\/"},"modified":"2025-02-18T10:42:26","modified_gmt":"2025-02-18T09:42:26","slug":"ksylitol-250-g-santini-finlandia","status":"publish","type":"product","link":"https:\/\/wiejskieprzysmaki.estima.site\/en\/product\/ksylitol-250-g-santini-finlandia\/","title":{"rendered":"KSYLITOL 250 g &#8211; SANTINI (FINLANDIA)"},"content":{"rendered":"<p>SK\u0141ADNIKI<br \/>100 % ksylitol (substancja s\u0142odz\u0105ca)<\/p>\n<p>OPIS<br \/>Ksylitol, nazywany &#8220;cukrem brzozowym&#8221; to s\u0142odzik pozyskiwany z drewna drzew li\u015bciastych, g\u0142\u00f3wnie z brzozy. <br \/>Ksylitol jest substancj\u0105 pochodzenia naturalnego u\u017cywan\u0105 jako zamiennik bia\u0142ego cukru. <br \/>Indeks glikemiczny ksylitolu jest bliski 8, co oznacza, \u017ce jest przetwarzany w organizmie z minimalnym udzia\u0142em insuliny, a warto\u015b\u0107 energetyczna to jedynie 240 kcal na 100 g, czyli 12 kcal na \u0142y\u017ceczk\u0119 (5 g).<br \/>Wytwarzanie ksylitolu odbywa si\u0119 bez udzia\u0142u dro\u017cd\u017cy. Ksylitol nie fermentuje i nie ulega karmelizacji.<\/p>\n<p>WARTO\u015a\u0106 OD\u017bYWCZA W 100 g<br \/>Waro\u015b\u0107 energetyczna: 1000 kJ\/240 kcal<br \/>T\u0142uszcz: 0 g<br \/>w tym kwasy t\u0142uszczowe nasycone: 0 g<br \/>W\u0119glowodany: 99,8 g<br \/>w tym cukry: 0,2 g<br \/>w tym alkohole wielowodorotlenowe: 98,5 g<br \/>Bia\u0142ko: 0 g<br \/>S\u00f3l: 0,01 g<\/p>\n<p>SPOS\u00d3B U\u017bYCIA<br \/>&#8211; jako s\u0142odzik sto\u0142owy, gdzie jedna \u0142y\u017ceczka ksylitolu odpowiada oko\u0142o 1 \u0142y\u017ceczce cukru bia\u0142ego.<br \/>&#8211; do s\u0142odzenia potraw, deser\u00f3w, napoj\u00f3w<br \/>&#8211; do wypiek\u00f3w z uwzgl\u0119dnieniem, \u017ce ksylitol nie jest po\u017cywk\u0105 dla dro\u017cd\u017cy oraz, \u017ce jest mocno higroskopijny i nie ulega karmelizacji.<\/p>\n<p>UWAGA<br \/>Spo\u017cycie w nadmiernych ilo\u015bciach mo\u017ce mie\u0107 efekt przeczyszczaj\u0105cy. Nie podawa\u0107 dzieciom do 3 roku \u017cycia<\/p>\n<p>ZALECANE WARUNKI PRZECHOWYWANIA<br \/>Przechowywa\u0107 w suchym miejscu w temperaturze poni\u017cej 25 stopni Celsjusza.<\/p>","protected":false},"excerpt":{"rendered":"<p>SK\u0141ADNIKI100 % ksylitol (substancja s\u0142odz\u0105ca) OPISKsylitol, nazywany &#8220;cukrem brzozowym&#8221; to s\u0142odzik pozyskiwany z drewna drzew li\u015bciastych, g\u0142\u00f3wnie z brzozy. Ksylitol jest substancj\u0105 pochodzenia naturalnego u\u017cywan\u0105 jako zamiennik bia\u0142ego cukru. Indeks glikemiczny ksylitolu jest bliski 8, co oznacza, \u017ce jest przetwarzany w organizmie z minimalnym udzia\u0142em insuliny, a warto\u015b\u0107 energetyczna to jedynie 240 kcal na 100 [&hellip;]<\/p>","protected":false},"featured_media":2277,"comment_status":"closed","ping_status":"open","template":"","meta":{"_acf_changed":false},"product_brand":[],"product_cat":[329,304],"product_tag":[],"class_list":{"0":"post-2276","1":"product","2":"type-product","3":"status-publish","4":"has-post-thumbnail","6":"product_cat-cukry-slodziki-owoce-sproszkowane","7":"product_cat-slodziki","8":"pa_ean-matka-2174","9":"pa_gwarancja-przydatnosci-320","10":"pa_ilosc-w-opakowaniu-374","11":"pa_jednostka-podstawowa-szt","12":"pa_kod-cn-2905-49-00","13":"pa_kraj-pochodzenia-skladnikow-finlandia","14":"pa_masa-netto-480","15":"pa_objetosc-brutto-2173","16":"pa_producent-santini-ksylitol-gumy-do-zucia-spry","17":"pa_producent-nazwa-adres-santini-justyna-zjawinska-chlebowa-4-8-61-003-poznan","18":"pa_tagi-bez-cukru-w-skladnikach","19":"pa_tagi-bez-glutenu-w-skladnikach","20":"pa_tagi-weganski","21":"pa_tagi-wegetarianski","23":"first","24":"instock","25":"taxable","26":"shipping-taxable","27":"purchasable","28":"product-type-simple"},"acf":[],"_links":{"self":[{"href":"https:\/\/wiejskieprzysmaki.estima.site\/en\/wp-json\/wp\/v2\/product\/2276","targetHints":{"allow":["GET"]}}],"collection":[{"href":"https:\/\/wiejskieprzysmaki.estima.site\/en\/wp-json\/wp\/v2\/product"}],"about":[{"href":"https:\/\/wiejskieprzysmaki.estima.site\/en\/wp-json\/wp\/v2\/types\/product"}],"replies":[{"embeddable":true,"href":"https:\/\/wiejskieprzysmaki.estima.site\/en\/wp-json\/wp\/v2\/comments?post=2276"}],"wp:featuredmedia":[{"embeddable":true,"href":"https:\/\/wiejskieprzysmaki.estima.site\/en\/wp-json\/wp\/v2\/media\/2277"}],"wp:attachment":[{"href":"https:\/\/wiejskieprzysmaki.estima.site\/en\/wp-json\/wp\/v2\/media?parent=2276"}],"wp:term":[{"taxonomy":"product_brand","embeddable":true,"href":"https:\/\/wiejskieprzysmaki.estima.site\/en\/wp-json\/wp\/v2\/product_brand?post=2276"},{"taxonomy":"product_cat","embeddable":true,"href":"https:\/\/wiejskieprzysmaki.estima.site\/en\/wp-json\/wp\/v2\/product_cat?post=2276"},{"taxonomy":"product_tag","embeddable":true,"href":"https:\/\/wiejskieprzysmaki.estima.site\/en\/wp-json\/wp\/v2\/product_tag?post=2276"}],"curies":[{"name":"wp","href":"https:\/\/api.w.org\/{rel}","templated":true}]}}