{"id":2282,"date":"2025-02-18T10:42:23","date_gmt":"2025-02-18T09:42:23","guid":{"rendered":"https:\/\/wiejskieprzysmaki.estima.site\/produkt\/kaszka-kukurydziana-bio-500-g-bio-planet\/"},"modified":"2025-02-18T10:42:27","modified_gmt":"2025-02-18T09:42:27","slug":"kaszka-kukurydziana-bio-500-g-bio-planet","status":"publish","type":"product","link":"https:\/\/wiejskieprzysmaki.estima.site\/en\/product\/kaszka-kukurydziana-bio-500-g-bio-planet\/","title":{"rendered":"KASZKA KUKURYDZIANA BIO 500 g &#8211; BIO PLANET"},"content":{"rendered":"<p>SK\u0141ADNIKI<br \/>kaszka kukurydziana* 100% (*certyfikowany sk\u0142adnik ekologiczny)<\/p>\n<p>OPIS<br \/>Ekologiczna kaszka kukurydziana otrzymywana z ziaren kukurydzy. Przygotowuje si\u0119 z niej s\u0142ynn\u0105 w\u0142osk\u0105 polent\u0119 lub rumu\u0144sk\u0105 mama\u0142yg\u0119, kt\u00f3ra smakuje zar\u00f3wno na s\u0142odko, np. na \u015bniadanie z suszonymi owocami, jak i na s\u0142ono do da\u0144 g\u0142\u00f3wnych. Kaszka s\u0142u\u017cy r\u00f3wnie\u017c jako zag\u0119szczacz do zup i sos\u00f3w, a po zmieleniu na m\u0105k\u0119 przygotowuje si\u0119 z niej r\u00f3wnie\u017c placki, puddingi, ciasta.<\/p>\n<p>SPOS\u00d3B PRZYGOTOWANIA<br \/>Kaszk\u0119 gotowa\u0107 w osolonej wodzie w proporcji 1:2 (1 porcja kaszki na 2 porcje wody) na ma\u0142ym ogniu ok.10 -15 min.<\/p>\n<p>WARTO\u015a\u0106 OD\u017bYWCZA W 100 g<br \/>Warto\u015b\u0107 energetyczna &#8211; 1440 kJ \/ 340 kcal<br \/>T\u0142uszcz &#8211; 1,0 g,<br \/>w tym kwasy t\u0142uszczowe nasycone &#8211; 0,2 g<br \/>W\u0119glowodany &#8211; 74 g,<br \/>w tym cukry &#8211; 0,6 g<br \/>B\u0142onnik &#8211; 4,1 g<br \/>Bia\u0142ko &#8211; 6,6 g<br \/>S\u00f3l &#8211; 0 g<\/p>\n<p>ZALECANE WARUNKI PRZECHOWYWANIA<br \/>Przechowywa\u0107 w suchym i ch\u0142odnym miejscu.<\/p>","protected":false},"excerpt":{"rendered":"<p>SK\u0141ADNIKIkaszka kukurydziana* 100% (*certyfikowany sk\u0142adnik ekologiczny) OPISEkologiczna kaszka kukurydziana otrzymywana z ziaren kukurydzy. Przygotowuje si\u0119 z niej s\u0142ynn\u0105 w\u0142osk\u0105 polent\u0119 lub rumu\u0144sk\u0105 mama\u0142yg\u0119, kt\u00f3ra smakuje zar\u00f3wno na s\u0142odko, np. na \u015bniadanie z suszonymi owocami, jak i na s\u0142ono do da\u0144 g\u0142\u00f3wnych. Kaszka s\u0142u\u017cy r\u00f3wnie\u017c jako zag\u0119szczacz do zup i sos\u00f3w, a po zmieleniu na m\u0105k\u0119 [&hellip;]<\/p>","protected":false},"featured_media":2283,"comment_status":"closed","ping_status":"open","template":"","meta":{"_acf_changed":false},"product_brand":[],"product_cat":[1987,265],"product_tag":[],"class_list":{"0":"post-2282","1":"product","2":"type-product","3":"status-publish","4":"has-post-thumbnail","6":"product_cat-kaszki","7":"product_cat-sniadaniowe","8":"pa_ean-matka-2178","9":"pa_gwarancja-przydatnosci-324","10":"pa_ilosc-w-opakowaniu-298","11":"pa_jednostka-podstawowa-szt","12":"pa_kod-cn-1103-13-10","13":"pa_kraj-pochodzenia-skladnikow-polska","14":"pa_masa-netto-347","15":"pa_objetosc-brutto-221","16":"pa_producent-bio-planet-seria-rozowa-platki-otreby-musli","17":"pa_producent-nazwa-adres-bio-planet-s-a-wilkowa-wies-7-05-084-leszno","18":"pa_tagi-bez-cukru-w-skladnikach","19":"pa_tagi-bez-glutenu-w-skladnikach","20":"pa_tagi-certyfikat-bio","21":"pa_tagi-weganski","22":"pa_tagi-wegetarianski","24":"first","25":"instock","26":"taxable","27":"shipping-taxable","28":"purchasable","29":"product-type-simple"},"acf":[],"_links":{"self":[{"href":"https:\/\/wiejskieprzysmaki.estima.site\/en\/wp-json\/wp\/v2\/product\/2282","targetHints":{"allow":["GET"]}}],"collection":[{"href":"https:\/\/wiejskieprzysmaki.estima.site\/en\/wp-json\/wp\/v2\/product"}],"about":[{"href":"https:\/\/wiejskieprzysmaki.estima.site\/en\/wp-json\/wp\/v2\/types\/product"}],"replies":[{"embeddable":true,"href":"https:\/\/wiejskieprzysmaki.estima.site\/en\/wp-json\/wp\/v2\/comments?post=2282"}],"wp:featuredmedia":[{"embeddable":true,"href":"https:\/\/wiejskieprzysmaki.estima.site\/en\/wp-json\/wp\/v2\/media\/2283"}],"wp:attachment":[{"href":"https:\/\/wiejskieprzysmaki.estima.site\/en\/wp-json\/wp\/v2\/media?parent=2282"}],"wp:term":[{"taxonomy":"product_brand","embeddable":true,"href":"https:\/\/wiejskieprzysmaki.estima.site\/en\/wp-json\/wp\/v2\/product_brand?post=2282"},{"taxonomy":"product_cat","embeddable":true,"href":"https:\/\/wiejskieprzysmaki.estima.site\/en\/wp-json\/wp\/v2\/product_cat?post=2282"},{"taxonomy":"product_tag","embeddable":true,"href":"https:\/\/wiejskieprzysmaki.estima.site\/en\/wp-json\/wp\/v2\/product_tag?post=2282"}],"curies":[{"name":"wp","href":"https:\/\/api.w.org\/{rel}","templated":true}]}}