{"id":2286,"date":"2025-02-18T10:42:23","date_gmt":"2025-02-18T09:42:23","guid":{"rendered":"https:\/\/wiejskieprzysmaki.estima.site\/produkt\/miso-hatcho-pasta-sojowa-z-jeczmieniem-bio-300-g-lima\/"},"modified":"2025-02-18T10:42:29","modified_gmt":"2025-02-18T09:42:29","slug":"miso-hatcho-pasta-sojowa-z-jeczmieniem-bio-300-g-lima","status":"publish","type":"product","link":"https:\/\/wiejskieprzysmaki.estima.site\/en\/product\/miso-hatcho-pasta-sojowa-z-jeczmieniem-bio-300-g-lima\/","title":{"rendered":"MISO HATCHO (PASTA SOJOWA Z J\u0118CZMIENIEM) BIO 300 g &#8211; LIMA"},"content":{"rendered":"<p>SK\u0141ADNIKI<br \/>SOJA* 64 %, woda, s\u00f3l morska 11 %, m\u0105ka z pra\u017conego J\u0118CZMIENIA* 0,8 %, Aspergillus oryzae. (*certyfikowany sk\u0142adnik ekologiczny)<\/p>\n<p>OPIS<br \/>Tradycyjna pasta japo\u0144ska, produkowana ze sfermentowanej SOI. Miso znane by\u0142o na Dalekim Wschodzie ju\u017c od 1300 roku. D\u0142ugo\u015b\u0107 fermentacji SOI &#8211; minimum 1 rok.<\/p>\n<p>WARTO\u015a\u0106 OD\u017bYWCZA W 100 g <br \/>Warto\u015b\u0107 energetyczna &#8211; 1029 kJ\/247 kcal  <br \/>T\u0142uszcz &#8211; 12 g  <br \/>w tym kwasy t\u0142uszczowe nasycone &#8211; 2,1 g  <br \/>W\u0119glowodany &#8211; 7,3 g  <br \/>w tym cukry &#8211; 0,8 g  <br \/>B\u0142onnik &#8211; 8,8 g  <br \/>Bia\u0142ko &#8211; 23 g  <br \/>S\u00f3l &#8211; 8,8 g<\/p>\n<p>INFORMACJA ALERGENNA<br \/>Produkt mo\u017ce zawiera\u0107 zbo\u017ca zwieraj\u0105ce gluten.<\/p>\n<p>ZALECANE WARUNKI PRZECHOWYWANIA<br \/>Przechowywa\u0107 w suchym miejscu.<\/p>","protected":false},"excerpt":{"rendered":"<p>SK\u0141ADNIKISOJA* 64 %, woda, s\u00f3l morska 11 %, m\u0105ka z pra\u017conego J\u0118CZMIENIA* 0,8 %, Aspergillus oryzae. (*certyfikowany sk\u0142adnik ekologiczny) OPISTradycyjna pasta japo\u0144ska, produkowana ze sfermentowanej SOI. Miso znane by\u0142o na Dalekim Wschodzie ju\u017c od 1300 roku. D\u0142ugo\u015b\u0107 fermentacji SOI &#8211; minimum 1 rok. WARTO\u015a\u0106 OD\u017bYWCZA W 100 g Warto\u015b\u0107 energetyczna &#8211; 1029 kJ\/247 kcal T\u0142uszcz [&hellip;]<\/p>","protected":false},"featured_media":2287,"comment_status":"closed","ping_status":"open","template":"","meta":{"_acf_changed":false},"product_brand":[],"product_cat":[229],"product_tag":[],"class_list":{"0":"post-2286","1":"product","2":"type-product","3":"status-publish","4":"has-post-thumbnail","6":"product_cat-przyprawy-i-ziola","7":"pa_ean-matka-2180","8":"pa_gwarancja-przydatnosci-1534","9":"pa_ilosc-w-opakowaniu-298","10":"pa_jednostka-podstawowa-szt","11":"pa_kod-cn-2103-90-90","12":"pa_kraj-pochodzenia-skladnikow-japonia","13":"pa_masa-netto-207","14":"pa_objetosc-brutto-210","15":"pa_producent-lima-sosy-sojowe-kawy-zbozowe","16":"pa_producent-nazwa-adres-lima-n-v-groendreef-101-9880-aalter","17":"pa_tagi-bez-cukru-w-skladnikach","18":"pa_tagi-certyfikat-bio","19":"pa_tagi-weganski","20":"pa_tagi-wegetarianski","22":"first","23":"instock","24":"taxable","25":"shipping-taxable","26":"purchasable","27":"product-type-simple"},"acf":[],"_links":{"self":[{"href":"https:\/\/wiejskieprzysmaki.estima.site\/en\/wp-json\/wp\/v2\/product\/2286","targetHints":{"allow":["GET"]}}],"collection":[{"href":"https:\/\/wiejskieprzysmaki.estima.site\/en\/wp-json\/wp\/v2\/product"}],"about":[{"href":"https:\/\/wiejskieprzysmaki.estima.site\/en\/wp-json\/wp\/v2\/types\/product"}],"replies":[{"embeddable":true,"href":"https:\/\/wiejskieprzysmaki.estima.site\/en\/wp-json\/wp\/v2\/comments?post=2286"}],"wp:featuredmedia":[{"embeddable":true,"href":"https:\/\/wiejskieprzysmaki.estima.site\/en\/wp-json\/wp\/v2\/media\/2287"}],"wp:attachment":[{"href":"https:\/\/wiejskieprzysmaki.estima.site\/en\/wp-json\/wp\/v2\/media?parent=2286"}],"wp:term":[{"taxonomy":"product_brand","embeddable":true,"href":"https:\/\/wiejskieprzysmaki.estima.site\/en\/wp-json\/wp\/v2\/product_brand?post=2286"},{"taxonomy":"product_cat","embeddable":true,"href":"https:\/\/wiejskieprzysmaki.estima.site\/en\/wp-json\/wp\/v2\/product_cat?post=2286"},{"taxonomy":"product_tag","embeddable":true,"href":"https:\/\/wiejskieprzysmaki.estima.site\/en\/wp-json\/wp\/v2\/product_tag?post=2286"}],"curies":[{"name":"wp","href":"https:\/\/api.w.org\/{rel}","templated":true}]}}