{"id":2288,"date":"2025-02-18T10:42:23","date_gmt":"2025-02-18T09:42:23","guid":{"rendered":"https:\/\/wiejskieprzysmaki.estima.site\/produkt\/miso-shiro-pasta-z-ryzu-i-soi-bio-300-g-lima\/"},"modified":"2025-02-18T10:42:30","modified_gmt":"2025-02-18T09:42:30","slug":"miso-shiro-pasta-z-ryzu-i-soi-bio-300-g-lima","status":"publish","type":"product","link":"https:\/\/wiejskieprzysmaki.estima.site\/en\/product\/miso-shiro-pasta-z-ryzu-i-soi-bio-300-g-lima\/","title":{"rendered":"MISO SHIRO (PASTA Z RY\u017bU I SOI) BIO 300 g &#8211; LIMA"},"content":{"rendered":"<p>SK\u0141ADNIKI<br \/>ry\u017c* (63 %), SOJA* (23 %), woda, s\u00f3l morska (6,3 %), Aspergillus oryzae. (*certyfikowany sk\u0142adnik ekologiczny)<\/p>\n<p>OPIS<br \/>Tradycyjna, bardzo delikatna pasta japo\u0144ska, produkowana ze sfermentowanego ry\u017cu z dodatkiem SOI. Miso znane by\u0142o na Dalekim Wschodzie ju\u017c w 1300 roku. D\u0142ugo\u015b\u0107 fermentacji ry\u017cu &#8211; kilka dni. Produkt pasteryzowany.<\/p>\n<p>WARTO\u015a\u0106 OD\u017bYWCZA W 100 g <br \/>Warto\u015b\u0107 energetyczna &#8211; 812 kJ\/193 kcal  <br \/>T\u0142uszcz &#8211; 4,2 g  <br \/>w tym kwasy t\u0142uszczowe nasycone &#8211; 0,7 g  <br \/>W\u0119glowodany &#8211; 29 g  <br \/>w tym cukry &#8211; 26 g  <br \/>B\u0142onnik &#8211; 2,0 g  <br \/>Bia\u0142ko &#8211; 9,1 g  <br \/>S\u00f3l &#8211; 5,0 g<\/p>\n<p>INFORMACJA ALERGENNA <br \/>Produkt mo\u017ce zawiera\u0107 zbo\u017ca zwieraj\u0105ce gluten.<\/p>\n<p>ZALECANE WARUNKI PRZECHOWYWANIA<br \/>Przechowywa\u0107 w suchym miejscu.<\/p>","protected":false},"excerpt":{"rendered":"<p>SK\u0141ADNIKIry\u017c* (63 %), SOJA* (23 %), woda, s\u00f3l morska (6,3 %), Aspergillus oryzae. (*certyfikowany sk\u0142adnik ekologiczny) OPISTradycyjna, bardzo delikatna pasta japo\u0144ska, produkowana ze sfermentowanego ry\u017cu z dodatkiem SOI. Miso znane by\u0142o na Dalekim Wschodzie ju\u017c w 1300 roku. D\u0142ugo\u015b\u0107 fermentacji ry\u017cu &#8211; kilka dni. Produkt pasteryzowany. WARTO\u015a\u0106 OD\u017bYWCZA W 100 g Warto\u015b\u0107 energetyczna &#8211; 812 [&hellip;]<\/p>","protected":false},"featured_media":2289,"comment_status":"closed","ping_status":"open","template":"","meta":{"_acf_changed":false},"product_brand":[],"product_cat":[229],"product_tag":[],"class_list":{"0":"post-2288","1":"product","2":"type-product","3":"status-publish","4":"has-post-thumbnail","6":"product_cat-przyprawy-i-ziola","7":"pa_ean-matka-2181","8":"pa_gwarancja-przydatnosci-1534","9":"pa_ilosc-w-opakowaniu-298","10":"pa_jednostka-podstawowa-szt","11":"pa_kod-cn-2103-90-90","12":"pa_kraj-pochodzenia-skladnikow-japonia","13":"pa_masa-netto-207","14":"pa_objetosc-brutto-210","15":"pa_producent-lima-sosy-sojowe-kawy-zbozowe","16":"pa_producent-nazwa-adres-lima-n-v-groendreef-101-9880-aalter","17":"pa_tagi-bez-cukru-w-skladnikach","18":"pa_tagi-bez-glutenu-w-skladnikach","19":"pa_tagi-certyfikat-bio","20":"pa_tagi-weganski","21":"pa_tagi-wegetarianski","23":"first","24":"instock","25":"taxable","26":"shipping-taxable","27":"purchasable","28":"product-type-simple"},"acf":[],"_links":{"self":[{"href":"https:\/\/wiejskieprzysmaki.estima.site\/en\/wp-json\/wp\/v2\/product\/2288","targetHints":{"allow":["GET"]}}],"collection":[{"href":"https:\/\/wiejskieprzysmaki.estima.site\/en\/wp-json\/wp\/v2\/product"}],"about":[{"href":"https:\/\/wiejskieprzysmaki.estima.site\/en\/wp-json\/wp\/v2\/types\/product"}],"replies":[{"embeddable":true,"href":"https:\/\/wiejskieprzysmaki.estima.site\/en\/wp-json\/wp\/v2\/comments?post=2288"}],"wp:featuredmedia":[{"embeddable":true,"href":"https:\/\/wiejskieprzysmaki.estima.site\/en\/wp-json\/wp\/v2\/media\/2289"}],"wp:attachment":[{"href":"https:\/\/wiejskieprzysmaki.estima.site\/en\/wp-json\/wp\/v2\/media?parent=2288"}],"wp:term":[{"taxonomy":"product_brand","embeddable":true,"href":"https:\/\/wiejskieprzysmaki.estima.site\/en\/wp-json\/wp\/v2\/product_brand?post=2288"},{"taxonomy":"product_cat","embeddable":true,"href":"https:\/\/wiejskieprzysmaki.estima.site\/en\/wp-json\/wp\/v2\/product_cat?post=2288"},{"taxonomy":"product_tag","embeddable":true,"href":"https:\/\/wiejskieprzysmaki.estima.site\/en\/wp-json\/wp\/v2\/product_tag?post=2288"}],"curies":[{"name":"wp","href":"https:\/\/api.w.org\/{rel}","templated":true}]}}