{"id":2292,"date":"2025-02-18T10:42:23","date_gmt":"2025-02-18T09:42:23","guid":{"rendered":"https:\/\/wiejskieprzysmaki.estima.site\/produkt\/zurawina-slodzona-cukrem-trzcinowym-bio-400-g-bio-planet\/"},"modified":"2025-02-18T10:42:31","modified_gmt":"2025-02-18T09:42:31","slug":"zurawina-slodzona-cukrem-trzcinowym-bio-400-g-bio-planet","status":"publish","type":"product","link":"https:\/\/wiejskieprzysmaki.estima.site\/en\/product\/zurawina-slodzona-cukrem-trzcinowym-bio-400-g-bio-planet\/","title":{"rendered":"\u017bURAWINA S\u0141ODZONA CUKREM TRZCINOWYM BIO 400 g &#8211; BIO PLANET"},"content":{"rendered":"<p>SK\u0141ADNIKI<br \/>suszona \u017curawina ci\u0119ta* (60%), cukier trzcinowy* (39%), olej s\u0142onecznikowy* (*certyfikowany sk\u0142adnik ekologiczny)<\/p>\n<p>OPIS<br \/>Ekologiczna \u017curawina ci\u0119ta s\u0142odzona cukrem trzcinowym to doskona\u0142a i po\u017cywna samodzielna przek\u0105ska. Polecamy r\u00f3wnie\u017c jako dodatek do deser\u00f3w, p\u0142atk\u00f3w \u015bniadaniowych, ciast, lod\u00f3w oraz jako sk\u0142adnik sos\u00f3w i potraw mi\u0119snych.<\/p>\n<p>WARTO\u015a\u0106 OD\u017bYWCZA W 100 g<br \/>Warto\u015b\u0107 energetyczna &#8211; 1396 kJ \/ 329 kcal<br \/>T\u0142uszcz &#8211; 0,4 g<br \/>w tym kwasy t\u0142uszczowe nasycone &#8211; 0,1 g<br \/>W\u0119glowodany &#8211; 78 g<br \/>w tym cukry &#8211; 65 g<br \/>B\u0142onnik &#8211; 4,5 g<br \/>Bia\u0142ko &#8211; 0,8 g<br \/>S\u00f3l &#8211; 0,01 g<\/p>\n<p>ZALECANE WARUNKI PRZECHOWYWANIA<br \/>Przechowywa\u0107 w suchym i ch\u0142odnym miejscu.<\/p>","protected":false},"excerpt":{"rendered":"<p>SK\u0141ADNIKIsuszona \u017curawina ci\u0119ta* (60%), cukier trzcinowy* (39%), olej s\u0142onecznikowy* (*certyfikowany sk\u0142adnik ekologiczny) OPISEkologiczna \u017curawina ci\u0119ta s\u0142odzona cukrem trzcinowym to doskona\u0142a i po\u017cywna samodzielna przek\u0105ska. Polecamy r\u00f3wnie\u017c jako dodatek do deser\u00f3w, p\u0142atk\u00f3w \u015bniadaniowych, ciast, lod\u00f3w oraz jako sk\u0142adnik sos\u00f3w i potraw mi\u0119snych. WARTO\u015a\u0106 OD\u017bYWCZA W 100 gWarto\u015b\u0107 energetyczna &#8211; 1396 kJ \/ 329 kcalT\u0142uszcz &#8211; 0,4 [&hellip;]<\/p>","protected":false},"featured_media":2293,"comment_status":"closed","ping_status":"open","template":"","meta":{"_acf_changed":false},"product_brand":[],"product_cat":[830],"product_tag":[],"class_list":{"0":"post-2292","1":"product","2":"type-product","3":"status-publish","4":"has-post-thumbnail","6":"product_cat-orzechy-i-owoce-suszone","7":"pa_ean-matka-1662","8":"pa_gwarancja-przydatnosci-324","9":"pa_ilosc-w-opakowaniu-298","10":"pa_jednostka-podstawowa-szt","11":"pa_kod-cn-2006-00-38","12":"pa_kraj-pochodzenia-skladnikow-rolnictwo-spoza-ue","13":"pa_masa-netto-268","14":"pa_objetosc-brutto-204","15":"pa_producent-bio-planet-seria-fioletowa-owoce-suszone","16":"pa_producent-nazwa-adres-bio-planet-s-a-wilkowa-wies-7-05-084-leszno","17":"pa_tagi-bez-glutenu-w-skladnikach","18":"pa_tagi-certyfikat-bio","19":"pa_tagi-weganski","20":"pa_tagi-wegetarianski","22":"first","23":"instock","24":"taxable","25":"shipping-taxable","26":"purchasable","27":"product-type-simple"},"acf":[],"_links":{"self":[{"href":"https:\/\/wiejskieprzysmaki.estima.site\/en\/wp-json\/wp\/v2\/product\/2292","targetHints":{"allow":["GET"]}}],"collection":[{"href":"https:\/\/wiejskieprzysmaki.estima.site\/en\/wp-json\/wp\/v2\/product"}],"about":[{"href":"https:\/\/wiejskieprzysmaki.estima.site\/en\/wp-json\/wp\/v2\/types\/product"}],"replies":[{"embeddable":true,"href":"https:\/\/wiejskieprzysmaki.estima.site\/en\/wp-json\/wp\/v2\/comments?post=2292"}],"wp:featuredmedia":[{"embeddable":true,"href":"https:\/\/wiejskieprzysmaki.estima.site\/en\/wp-json\/wp\/v2\/media\/2293"}],"wp:attachment":[{"href":"https:\/\/wiejskieprzysmaki.estima.site\/en\/wp-json\/wp\/v2\/media?parent=2292"}],"wp:term":[{"taxonomy":"product_brand","embeddable":true,"href":"https:\/\/wiejskieprzysmaki.estima.site\/en\/wp-json\/wp\/v2\/product_brand?post=2292"},{"taxonomy":"product_cat","embeddable":true,"href":"https:\/\/wiejskieprzysmaki.estima.site\/en\/wp-json\/wp\/v2\/product_cat?post=2292"},{"taxonomy":"product_tag","embeddable":true,"href":"https:\/\/wiejskieprzysmaki.estima.site\/en\/wp-json\/wp\/v2\/product_tag?post=2292"}],"curies":[{"name":"wp","href":"https:\/\/api.w.org\/{rel}","templated":true}]}}