{"id":2294,"date":"2025-02-18T10:42:23","date_gmt":"2025-02-18T09:42:23","guid":{"rendered":"https:\/\/wiejskieprzysmaki.estima.site\/produkt\/sok-malinowy-nfc-bio-750-ml-batom\/"},"modified":"2025-02-18T10:42:32","modified_gmt":"2025-02-18T09:42:32","slug":"sok-malinowy-nfc-bio-750-ml-batom","status":"publish","type":"product","link":"https:\/\/wiejskieprzysmaki.estima.site\/en\/product\/sok-malinowy-nfc-bio-750-ml-batom\/","title":{"rendered":"SOK MALINOWY NFC BIO 750 ml &#8211; BATOM"},"content":{"rendered":"<p>SK\u0141ADNIKI<br \/>bezpo\u015bredni sok malinowy* 100 % (*certyfikowany sk\u0142adnik ekologiczny)<\/p>\n<p>OPIS<br \/>Sok bezpo\u015brednio t\u0142oczony NFC (nie z koncentratu) ze \u015bwie\u017cych, ekologicznych malin, pasteryzowany. Doskona\u0142y do bezpo\u015bredniego spo\u017cycia oraz jako dodatek do deser\u00f3w i napoj\u00f3w.<\/p>\n<p>UWAGI<br \/>Przed otwarciem wstrz\u0105sn\u0105\u0107. M\u0119tno\u015b\u0107 i osad tworz\u0105 naturalne cz\u0105steczki owoc\u00f3w.<\/p>\n<p>WARTO\u015a\u0106 OD\u017bYWCZA W 100 g <br \/>Warto\u015b\u0107 energetyczna: 132 kJ \/ 31kcal <br \/>T\u0142uszcz: &lt;0,1 g <br \/>w tym kwasy nasycone: &lt;0,1 g <br \/>W\u0119glowodany: 7,4 g <br \/>w tym cukry: 5,2 g <br \/>Bia\u0142ko: 0,27 g <br \/>S\u00f3l: 0,01 g<\/p>\n<p>ZALECANE WARUNKI PRZECHOWYWANIA<br \/>Przechowywa\u0107 w ch\u0142odnym i ciemnym miejscu. Po otwarciu przechowywa\u0107 w lod\u00f3wce i spo\u017cy\u0107 w ci\u0105gu kilku dni.<\/p>","protected":false},"excerpt":{"rendered":"<p>SK\u0141ADNIKIbezpo\u015bredni sok malinowy* 100 % (*certyfikowany sk\u0142adnik ekologiczny) OPISSok bezpo\u015brednio t\u0142oczony NFC (nie z koncentratu) ze \u015bwie\u017cych, ekologicznych malin, pasteryzowany. Doskona\u0142y do bezpo\u015bredniego spo\u017cycia oraz jako dodatek do deser\u00f3w i napoj\u00f3w. UWAGIPrzed otwarciem wstrz\u0105sn\u0105\u0107. M\u0119tno\u015b\u0107 i osad tworz\u0105 naturalne cz\u0105steczki owoc\u00f3w. WARTO\u015a\u0106 OD\u017bYWCZA W 100 g Warto\u015b\u0107 energetyczna: 132 kJ \/ 31kcal T\u0142uszcz: &lt;0,1 g [&hellip;]<\/p>","protected":false},"featured_media":2295,"comment_status":"closed","ping_status":"open","template":"","meta":{"_acf_changed":false},"product_brand":[],"product_cat":[134,410],"product_tag":[],"class_list":{"0":"post-2294","1":"product","2":"type-product","3":"status-publish","4":"has-post-thumbnail","6":"product_cat-napoje","7":"product_cat-soki-owocowe-soki-owocowe-z-dodatkami","8":"pa_ean-matka-2186","9":"pa_gwarancja-przydatnosci-324","10":"pa_ilosc-w-opakowaniu-350","11":"pa_jednostka-podstawowa-szt","12":"pa_kod-cn-2009-89-99","13":"pa_objetosc-brutto-2185","14":"pa_objetosc-netto-450","15":"pa_producent-batom-oleje-soki-sole-kapielowe","16":"pa_producent-nazwa-adres-batom-pl-jozef-lesniak-hurtownia-zdrowej-zywnosci-generala-augusta-fieldorfa-nila-17-31-209-krakow","17":"pa_tagi-bez-cukru-w-skladnikach","18":"pa_tagi-bez-glutenu-w-skladnikach","19":"pa_tagi-certyfikat-bio","20":"pa_tagi-weganski","21":"pa_tagi-wegetarianski","23":"first","24":"instock","25":"taxable","26":"shipping-taxable","27":"purchasable","28":"product-type-simple"},"acf":[],"_links":{"self":[{"href":"https:\/\/wiejskieprzysmaki.estima.site\/en\/wp-json\/wp\/v2\/product\/2294","targetHints":{"allow":["GET"]}}],"collection":[{"href":"https:\/\/wiejskieprzysmaki.estima.site\/en\/wp-json\/wp\/v2\/product"}],"about":[{"href":"https:\/\/wiejskieprzysmaki.estima.site\/en\/wp-json\/wp\/v2\/types\/product"}],"replies":[{"embeddable":true,"href":"https:\/\/wiejskieprzysmaki.estima.site\/en\/wp-json\/wp\/v2\/comments?post=2294"}],"wp:featuredmedia":[{"embeddable":true,"href":"https:\/\/wiejskieprzysmaki.estima.site\/en\/wp-json\/wp\/v2\/media\/2295"}],"wp:attachment":[{"href":"https:\/\/wiejskieprzysmaki.estima.site\/en\/wp-json\/wp\/v2\/media?parent=2294"}],"wp:term":[{"taxonomy":"product_brand","embeddable":true,"href":"https:\/\/wiejskieprzysmaki.estima.site\/en\/wp-json\/wp\/v2\/product_brand?post=2294"},{"taxonomy":"product_cat","embeddable":true,"href":"https:\/\/wiejskieprzysmaki.estima.site\/en\/wp-json\/wp\/v2\/product_cat?post=2294"},{"taxonomy":"product_tag","embeddable":true,"href":"https:\/\/wiejskieprzysmaki.estima.site\/en\/wp-json\/wp\/v2\/product_tag?post=2294"}],"curies":[{"name":"wp","href":"https:\/\/api.w.org\/{rel}","templated":true}]}}